{"id":1784,"date":"2025-01-13T16:10:20","date_gmt":"2025-01-13T16:10:20","guid":{"rendered":"https:\/\/konemarket.com\/?page_id=1784"},"modified":"2025-01-13T16:10:20","modified_gmt":"2025-01-13T16:10:20","slug":"kaivinkoneet-ja-varaosat-tehokkuutta-ja-luotettavuutta-tyomaille","status":"publish","type":"page","link":"https:\/\/konemarket.com\/sv\/kaivinkoneet-ja-varaosat-tehokkuutta-ja-luotettavuutta-tyomaille\/","title":{"rendered":"Kaivinkoneet ja Varaosat \u2013 Tehokkuutta ja Luotettavuutta Ty\u00f6maille"},"content":{"rendered":"<p>Kaivinkoneet ovat ty\u00f6maiden keskeisi\u00e4 ty\u00f6kaluja, ja niiden toimintakunto on ratkaisevan t\u00e4rke\u00e4\u00e4 projektien sujuvuuden kannalta. Meilt\u00e4 l\u00f6yd\u00e4t sek\u00e4 uudet ett\u00e4 k\u00e4ytetyt kaivinkoneet, varaosat ja tarvikkeet, jotka vastaavat monenlaisiin tarpeisiin \u2013 pienist\u00e4 rakennust\u00f6ist\u00e4 suuriin teollisuushankkeisiin. Olemme sitoutuneet tarjoamaan asiakkaillemme laadukkaita ratkaisuja, jotka tekev\u00e4t ty\u00f6st\u00e4 nopeampaa, tehokkaampaa ja luotettavampaa.<\/p>\n<p>Kattava Valikoima Kaivinkoneita<br \/>\nTarjoamme kaivinkoneita eri k\u00e4ytt\u00f6tarkoituksiin ja kokoluokkiin:<\/p>\n<p>Pienet kaivinkoneet: Erinomaisia tarkkuutta vaativiin t\u00f6ihin ja ahtaisiin kohteisiin.<br \/>\nKeskikokoiset kaivinkoneet: Monipuolinen valinta useimpiin rakennus- ja maanrakennust\u00f6ihin.<br \/>\nSuuret kaivinkoneet: Vaativien ja suurten maa-ainesten siirtoon tarkoitettuja raskaita koneita.<br \/>\nErikoiskaivinkoneet: Kaivos-, j\u00e4rvi- ja mets\u00e4ty\u00f6maille suunniteltuja erikoisratkaisuja.<br \/>\nLaadukkaat Varaosat Kaivinkoneisiin<br \/>\nMe tied\u00e4mme, kuinka t\u00e4rke\u00e4\u00e4 on pit\u00e4\u00e4 koneet toiminnassa ilman ylim\u00e4\u00e4r\u00e4isi\u00e4 katkoksia. Valikoimamme varaosat takaavat koneidesi parhaan mahdollisen suorituskyvyn:<\/p>\n<p>Voimansiirto- ja moottoriosat: Alkuper\u00e4isosat ja yhteensopivat varaosat.<br \/>\nHydrauliikkaosat: Letkut, pumput, sylinterit ja liittimet.<br \/>\nKulutusosat ja kauhat: Kauhahampaat, kulutuspalat, leikkurit ja muut vaihdettavat osat.<br \/>\nAlavaunuosat: Telaketjut, j\u00e4nnityspy\u00f6r\u00e4t, ajopy\u00f6r\u00e4t ja telalevyt.<br \/>\nPalvelumme Kaivinkoneiden ja Varaosien Parissa<br \/>\nMyynti: Laaja valikoima uusia ja k\u00e4ytettyj\u00e4 kaivinkoneita sek\u00e4 varaosia.<br \/>\nVuokraus: Lyhytaikaisiin tarpeisiin tarjoamme kustannustehokkaita vuokraratkaisuja.<br \/>\nHuolto: Asiantunteva huoltotiimimme pit\u00e4\u00e4 kaivinkoneesi huippukunnossa.<br \/>\nNopeat toimitukset: Varaosat toimitetaan nopeasti suoraan ty\u00f6maallesi.<br \/>\nMiksi Valita Meid\u00e4t?<br \/>\nKokemus ja osaaminen: Yli 10 vuoden kokemus kaivinkoneiden ja varaosien alalta.<br \/>\nLaadukkaat tuotteet: Edustamme markkinoiden parhaita merkkej\u00e4 ja tarjoamme alkuper\u00e4isosia.<br \/>\nKilpailukykyiset hinnat: Laadukkuudesta tinkim\u00e4tt\u00e4.<br \/>\nJoustava palvelu: Ratkaisemme asiakkaidemme tarpeet nopeasti ja joustavasti.<br \/>\nPid\u00e4 Projektisi Liikkeess\u00e4<br \/>\nKun ty\u00f6maalla tarvitaan luotettavia kaivinkoneita ja varaosia, olemme t\u00e4\u00e4ll\u00e4 auttamassa. Tarjoamme kokonaisvaltaista palvelua, jonka avulla koneesi pysyv\u00e4t huippukunnossa ja ty\u00f6si etenee ilman turhia viivytyksi\u00e4.<\/p>","protected":false},"excerpt":{"rendered":"<p>Kaivinkoneet ovat ty\u00f6maiden keskeisi\u00e4 ty\u00f6kaluja, ja niiden toimintakunto on ratkaisevan t\u00e4rke\u00e4\u00e4 projektien sujuvuuden kannalta. Meilt\u00e4 l\u00f6yd\u00e4t sek\u00e4 uudet ett\u00e4 k\u00e4ytetyt kaivinkoneet, varaosat ja tarvikkeet, jotka vastaavat monenlaisiin tarpeisiin \u2013 pienist\u00e4 rakennust\u00f6ist\u00e4 suuriin teollisuushankkeisiin. Olemme sitoutuneet tarjoamaan asiakkaillemme laadukkaita ratkaisuja, jotka tekev\u00e4t ty\u00f6st\u00e4 nopeampaa, tehokkaampaa ja luotettavampaa. Kattava Valikoima Kaivinkoneita Tarjoamme kaivinkoneita eri k\u00e4ytt\u00f6tarkoituksiin ja kokoluokkiin: [&hellip;]<\/p>","protected":false},"author":1,"featured_media":0,"parent":0,"menu_order":0,"comment_status":"closed","ping_status":"closed","template":"","meta":{"_acf_changed":false,"footnotes":""},"class_list":["post-1784","page","type-page","status-publish","hentry"],"acf":[],"yoast_head":"<!-- This site is optimized with the Yoast SEO plugin v25.9 - https:\/\/yoast.com\/wordpress\/plugins\/seo\/ -->\n<title>Kaivinkoneet ja Varaosat \u2013 Tehokkuutta ja Luotettavuutta Ty\u00f6maille - Konemarket<\/title>\n<meta name=\"robots\" content=\"index, follow, max-snippet:-1, max-image-preview:large, max-video-preview:-1\" \/>\n<link rel=\"canonical\" href=\"https:\/\/konemarket.com\/sv\/kaivinkoneet-ja-varaosat-tehokkuutta-ja-luotettavuutta-tyomaille\/\" \/>\n<meta property=\"og:locale\" content=\"sv_SE\" \/>\n<meta property=\"og:type\" content=\"article\" \/>\n<meta property=\"og:title\" content=\"Kaivinkoneet ja Varaosat \u2013 Tehokkuutta ja Luotettavuutta Ty\u00f6maille - Konemarket\" \/>\n<meta property=\"og:description\" content=\"Kaivinkoneet ovat ty\u00f6maiden keskeisi\u00e4 ty\u00f6kaluja, ja niiden toimintakunto on ratkaisevan t\u00e4rke\u00e4\u00e4 projektien sujuvuuden kannalta. Meilt\u00e4 l\u00f6yd\u00e4t sek\u00e4 uudet ett\u00e4 k\u00e4ytetyt kaivinkoneet, varaosat ja tarvikkeet, jotka vastaavat monenlaisiin tarpeisiin \u2013 pienist\u00e4 rakennust\u00f6ist\u00e4 suuriin teollisuushankkeisiin. Olemme sitoutuneet tarjoamaan asiakkaillemme laadukkaita ratkaisuja, jotka tekev\u00e4t ty\u00f6st\u00e4 nopeampaa, tehokkaampaa ja luotettavampaa. Kattava Valikoima Kaivinkoneita Tarjoamme kaivinkoneita eri k\u00e4ytt\u00f6tarkoituksiin ja kokoluokkiin: [&hellip;]\" \/>\n<meta property=\"og:url\" content=\"https:\/\/konemarket.com\/sv\/kaivinkoneet-ja-varaosat-tehokkuutta-ja-luotettavuutta-tyomaille\/\" \/>\n<meta property=\"og:site_name\" content=\"Konemarket\" \/>\n<meta name=\"twitter:card\" content=\"summary_large_image\" \/>\n<script type=\"application\/ld+json\" class=\"yoast-schema-graph\">{\"@context\":\"https:\/\/schema.org\",\"@graph\":[{\"@type\":\"WebPage\",\"@id\":\"https:\/\/konemarket.com\/kaivinkoneet-ja-varaosat-tehokkuutta-ja-luotettavuutta-tyomaille\/\",\"url\":\"https:\/\/konemarket.com\/kaivinkoneet-ja-varaosat-tehokkuutta-ja-luotettavuutta-tyomaille\/\",\"name\":\"Kaivinkoneet ja Varaosat \u2013 Tehokkuutta ja Luotettavuutta Ty\u00f6maille - Konemarket\",\"isPartOf\":{\"@id\":\"https:\/\/dev.konemarket.saversit.fi\/#website\"},\"datePublished\":\"2025-01-13T16:10:20+00:00\",\"breadcrumb\":{\"@id\":\"https:\/\/konemarket.com\/kaivinkoneet-ja-varaosat-tehokkuutta-ja-luotettavuutta-tyomaille\/#breadcrumb\"},\"inLanguage\":\"sv-SE\",\"potentialAction\":[{\"@type\":\"ReadAction\",\"target\":[\"https:\/\/konemarket.com\/kaivinkoneet-ja-varaosat-tehokkuutta-ja-luotettavuutta-tyomaille\/\"]}]},{\"@type\":\"BreadcrumbList\",\"@id\":\"https:\/\/konemarket.com\/kaivinkoneet-ja-varaosat-tehokkuutta-ja-luotettavuutta-tyomaille\/#breadcrumb\",\"itemListElement\":[{\"@type\":\"ListItem\",\"position\":1,\"name\":\"Home\",\"item\":\"https:\/\/konemarket.com\/\"},{\"@type\":\"ListItem\",\"position\":2,\"name\":\"Kaivinkoneet ja Varaosat \u2013 Tehokkuutta ja Luotettavuutta Ty\u00f6maille\"}]},{\"@type\":\"WebSite\",\"@id\":\"https:\/\/dev.konemarket.saversit.fi\/#website\",\"url\":\"https:\/\/dev.konemarket.saversit.fi\/\",\"name\":\"Konemarket\",\"description\":\"\",\"publisher\":{\"@id\":\"https:\/\/dev.konemarket.saversit.fi\/#organization\"},\"potentialAction\":[{\"@type\":\"SearchAction\",\"target\":{\"@type\":\"EntryPoint\",\"urlTemplate\":\"https:\/\/dev.konemarket.saversit.fi\/?s={search_term_string}\"},\"query-input\":{\"@type\":\"PropertyValueSpecification\",\"valueRequired\":true,\"valueName\":\"search_term_string\"}}],\"inLanguage\":\"sv-SE\"},{\"@type\":\"Organization\",\"@id\":\"https:\/\/dev.konemarket.saversit.fi\/#organization\",\"name\":\"Konemarket\",\"url\":\"https:\/\/dev.konemarket.saversit.fi\/\",\"logo\":{\"@type\":\"ImageObject\",\"inLanguage\":\"sv-SE\",\"@id\":\"https:\/\/dev.konemarket.saversit.fi\/#\/schema\/logo\/image\/\",\"url\":\"https:\/\/konemarket.com\/wp-content\/uploads\/2024\/09\/download__1_-removebg-preview-1.png\",\"contentUrl\":\"https:\/\/konemarket.com\/wp-content\/uploads\/2024\/09\/download__1_-removebg-preview-1.png\",\"width\":378,\"height\":204,\"caption\":\"Konemarket\"},\"image\":{\"@id\":\"https:\/\/dev.konemarket.saversit.fi\/#\/schema\/logo\/image\/\"}}]}<\/script>\n<!-- \/ Yoast SEO plugin. -->","yoast_head_json":{"title":"Kaivinkoneet ja Varaosat \u2013 Tehokkuutta ja Luotettavuutta Ty\u00f6maille - Konemarket","robots":{"index":"index","follow":"follow","max-snippet":"max-snippet:-1","max-image-preview":"max-image-preview:large","max-video-preview":"max-video-preview:-1"},"canonical":"https:\/\/konemarket.com\/sv\/kaivinkoneet-ja-varaosat-tehokkuutta-ja-luotettavuutta-tyomaille\/","og_locale":"sv_SE","og_type":"article","og_title":"Kaivinkoneet ja Varaosat \u2013 Tehokkuutta ja Luotettavuutta Ty\u00f6maille - Konemarket","og_description":"Kaivinkoneet ovat ty\u00f6maiden keskeisi\u00e4 ty\u00f6kaluja, ja niiden toimintakunto on ratkaisevan t\u00e4rke\u00e4\u00e4 projektien sujuvuuden kannalta. Meilt\u00e4 l\u00f6yd\u00e4t sek\u00e4 uudet ett\u00e4 k\u00e4ytetyt kaivinkoneet, varaosat ja tarvikkeet, jotka vastaavat monenlaisiin tarpeisiin \u2013 pienist\u00e4 rakennust\u00f6ist\u00e4 suuriin teollisuushankkeisiin. Olemme sitoutuneet tarjoamaan asiakkaillemme laadukkaita ratkaisuja, jotka tekev\u00e4t ty\u00f6st\u00e4 nopeampaa, tehokkaampaa ja luotettavampaa. Kattava Valikoima Kaivinkoneita Tarjoamme kaivinkoneita eri k\u00e4ytt\u00f6tarkoituksiin ja kokoluokkiin: [&hellip;]","og_url":"https:\/\/konemarket.com\/sv\/kaivinkoneet-ja-varaosat-tehokkuutta-ja-luotettavuutta-tyomaille\/","og_site_name":"Konemarket","twitter_card":"summary_large_image","schema":{"@context":"https:\/\/schema.org","@graph":[{"@type":"WebPage","@id":"https:\/\/konemarket.com\/kaivinkoneet-ja-varaosat-tehokkuutta-ja-luotettavuutta-tyomaille\/","url":"https:\/\/konemarket.com\/kaivinkoneet-ja-varaosat-tehokkuutta-ja-luotettavuutta-tyomaille\/","name":"Kaivinkoneet ja Varaosat \u2013 Tehokkuutta ja Luotettavuutta Ty\u00f6maille - Konemarket","isPartOf":{"@id":"https:\/\/dev.konemarket.saversit.fi\/#website"},"datePublished":"2025-01-13T16:10:20+00:00","breadcrumb":{"@id":"https:\/\/konemarket.com\/kaivinkoneet-ja-varaosat-tehokkuutta-ja-luotettavuutta-tyomaille\/#breadcrumb"},"inLanguage":"sv-SE","potentialAction":[{"@type":"ReadAction","target":["https:\/\/konemarket.com\/kaivinkoneet-ja-varaosat-tehokkuutta-ja-luotettavuutta-tyomaille\/"]}]},{"@type":"BreadcrumbList","@id":"https:\/\/konemarket.com\/kaivinkoneet-ja-varaosat-tehokkuutta-ja-luotettavuutta-tyomaille\/#breadcrumb","itemListElement":[{"@type":"ListItem","position":1,"name":"Home","item":"https:\/\/konemarket.com\/"},{"@type":"ListItem","position":2,"name":"Kaivinkoneet ja Varaosat \u2013 Tehokkuutta ja Luotettavuutta Ty\u00f6maille"}]},{"@type":"WebSite","@id":"https:\/\/dev.konemarket.saversit.fi\/#website","url":"https:\/\/dev.konemarket.saversit.fi\/","name":"Konemarket","description":"","publisher":{"@id":"https:\/\/dev.konemarket.saversit.fi\/#organization"},"potentialAction":[{"@type":"SearchAction","target":{"@type":"EntryPoint","urlTemplate":"https:\/\/dev.konemarket.saversit.fi\/?s={search_term_string}"},"query-input":{"@type":"PropertyValueSpecification","valueRequired":true,"valueName":"search_term_string"}}],"inLanguage":"sv-SE"},{"@type":"Organization","@id":"https:\/\/dev.konemarket.saversit.fi\/#organization","name":"Konemarket","url":"https:\/\/dev.konemarket.saversit.fi\/","logo":{"@type":"ImageObject","inLanguage":"sv-SE","@id":"https:\/\/dev.konemarket.saversit.fi\/#\/schema\/logo\/image\/","url":"https:\/\/konemarket.com\/wp-content\/uploads\/2024\/09\/download__1_-removebg-preview-1.png","contentUrl":"https:\/\/konemarket.com\/wp-content\/uploads\/2024\/09\/download__1_-removebg-preview-1.png","width":378,"height":204,"caption":"Konemarket"},"image":{"@id":"https:\/\/dev.konemarket.saversit.fi\/#\/schema\/logo\/image\/"}}]}},"_links":{"self":[{"href":"https:\/\/konemarket.com\/sv\/wp-json\/wp\/v2\/pages\/1784","targetHints":{"allow":["GET"]}}],"collection":[{"href":"https:\/\/konemarket.com\/sv\/wp-json\/wp\/v2\/pages"}],"about":[{"href":"https:\/\/konemarket.com\/sv\/wp-json\/wp\/v2\/types\/page"}],"author":[{"embeddable":true,"href":"https:\/\/konemarket.com\/sv\/wp-json\/wp\/v2\/users\/1"}],"replies":[{"embeddable":true,"href":"https:\/\/konemarket.com\/sv\/wp-json\/wp\/v2\/comments?post=1784"}],"version-history":[{"count":1,"href":"https:\/\/konemarket.com\/sv\/wp-json\/wp\/v2\/pages\/1784\/revisions"}],"predecessor-version":[{"id":1785,"href":"https:\/\/konemarket.com\/sv\/wp-json\/wp\/v2\/pages\/1784\/revisions\/1785"}],"wp:attachment":[{"href":"https:\/\/konemarket.com\/sv\/wp-json\/wp\/v2\/media?parent=1784"}],"curies":[{"name":"wp","href":"https:\/\/api.w.org\/{rel}","templated":true}]}}