{"id":1982,"date":"2025-03-12T13:11:23","date_gmt":"2025-03-12T13:11:23","guid":{"rendered":"https:\/\/konemarket.com\/?page_id=1982"},"modified":"2025-03-12T13:16:24","modified_gmt":"2025-03-12T13:16:24","slug":"kaytetyt-ja-uudet-kaivinkoneet-myynnissa","status":"publish","type":"page","link":"https:\/\/konemarket.com\/sv\/kaytetyt-ja-uudet-kaivinkoneet-myynnissa\/","title":{"rendered":"K\u00e4ytetyt ja Uudet Kaivinkoneet Myynniss\u00e4"},"content":{"rendered":"<div data-elementor-type=\"wp-page\" data-elementor-id=\"1982\" class=\"elementor elementor-1982\" data-elementor-post-type=\"page\">\n\t\t\t\t<div class=\"elementor-element elementor-element-a7c0e71 e-flex e-con-boxed e-con e-parent\" data-id=\"a7c0e71\" data-element_type=\"container\">\n\t\t\t\t\t<div class=\"e-con-inner\">\n\t\t\t\t<div class=\"elementor-element elementor-element-1b16bd5 elementor-widget elementor-widget-text-editor\" data-id=\"1b16bd5\" data-element_type=\"widget\" data-widget_type=\"text-editor.default\">\n\t\t\t\t\t\t\t\t\t<p data-pm-slice=\"1 1 []\">Tarvitsetko luotettavan ja tehokkaan kaivinkoneen? Konemarket tarjoaa laadukkaita uusia ja k\u00e4ytettyj\u00e4 kaivinkoneita erilaisiin tarpeisiin. Olitpa sitten ammattilainen tai ensik\u00e4ytt\u00e4j\u00e4, meilt\u00e4 l\u00f6yd\u00e4t juuri sinulle sopivan koneen.<\/p>\t\t\t\t\t\t\t\t<\/div>\n\t\t\t\t\t<\/div>\n\t\t\t\t<\/div>\n\t\t<div class=\"elementor-element elementor-element-19c51d4 e-flex e-con-boxed e-con e-parent\" data-id=\"19c51d4\" data-element_type=\"container\">\n\t\t\t\t\t<div class=\"e-con-inner\">\n\t\t\t\t<div class=\"elementor-element elementor-element-916b59d elementor-widget elementor-widget-heading\" data-id=\"916b59d\" data-element_type=\"widget\" data-widget_type=\"heading.default\">\n\t\t\t\t\t<h2 class=\"elementor-heading-title elementor-size-default\">Laaja valikoima kaivinkoneita<\/h2>\t\t\t\t<\/div>\n\t\t\t\t\t<\/div>\n\t\t\t\t<\/div>\n\t\t<div class=\"elementor-element elementor-element-c9f5519 e-flex e-con-boxed e-con e-parent\" data-id=\"c9f5519\" data-element_type=\"container\">\n\t\t\t\t\t<div class=\"e-con-inner\">\n\t\t\t\t\t<\/div>\n\t\t\t\t<\/div>\n\t\t<div class=\"elementor-element elementor-element-c46212d e-flex e-con-boxed e-con e-parent\" data-id=\"c46212d\" data-element_type=\"container\">\n\t\t\t\t\t<div class=\"e-con-inner\">\n\t\t\t\t<div class=\"elementor-element elementor-element-3da7b37 elementor-widget elementor-widget-text-editor\" data-id=\"3da7b37\" data-element_type=\"widget\" data-widget_type=\"text-editor.default\">\n\t\t\t\t\t\t\t\t\t<ul data-spread=\"false\" data-pm-slice=\"3 3 []\"><li><p>Uudet kaivinkoneet tunnetuilta valmistajilta<\/p><\/li><li><p>Tarkastetut ja huolletut k\u00e4ytetyt kaivinkoneet<\/p><\/li><li><p>Eri kokoluokan koneita, minikaivinkoneista suuriin tela-alustaisiin koneisiin<\/p><\/li><\/ul>\t\t\t\t\t\t\t\t<\/div>\n\t\t\t\t\t<\/div>\n\t\t\t\t<\/div>\n\t\t<div class=\"elementor-element elementor-element-4f92eac e-flex e-con-boxed e-con e-parent\" data-id=\"4f92eac\" data-element_type=\"container\">\n\t\t\t\t\t<div class=\"e-con-inner\">\n\t\t\t\t<div class=\"elementor-element elementor-element-b705b59 elementor-widget elementor-widget-heading\" data-id=\"b705b59\" data-element_type=\"widget\" data-widget_type=\"heading.default\">\n\t\t\t\t\t<h2 class=\"elementor-heading-title elementor-size-default\">Miksi ostaa k\u00e4ytetty kaivinkone meilt\u00e4?<\/h2>\t\t\t\t<\/div>\n\t\t\t\t\t<\/div>\n\t\t\t\t<\/div>\n\t\t<div class=\"elementor-element elementor-element-d76d936 e-flex e-con-boxed e-con e-parent\" data-id=\"d76d936\" data-element_type=\"container\">\n\t\t\t\t\t<div class=\"e-con-inner\">\n\t\t\t\t<div class=\"elementor-element elementor-element-dd10a82 elementor-widget elementor-widget-text-editor\" data-id=\"dd10a82\" data-element_type=\"widget\" data-widget_type=\"text-editor.default\">\n\t\t\t\t\t\t\t\t\t<ul data-spread=\"false\" data-pm-slice=\"3 3 []\"><li><p>Kaikki k\u00e4ytetyt koneet on tarkastettu ja huollettu ammattilaistemme toimesta.<\/p><\/li><li><p>Kilpailukykyiset hinnat ja luotettavat koneet ilman yll\u00e4tyksi\u00e4.<\/p><\/li><li><p>Saatavilla my\u00f6s rahoitusvaihtoehdot helpottamaan hankintaa.<\/p><\/li><\/ul>\t\t\t\t\t\t\t\t<\/div>\n\t\t\t\t\t<\/div>\n\t\t\t\t<\/div>\n\t\t<div class=\"elementor-element elementor-element-df42cb8 e-flex e-con-boxed e-con e-parent\" data-id=\"df42cb8\" data-element_type=\"container\">\n\t\t\t\t\t<div class=\"e-con-inner\">\n\t\t\t\t<div class=\"elementor-element elementor-element-b8467d7 elementor-widget elementor-widget-heading\" data-id=\"b8467d7\" data-element_type=\"widget\" data-widget_type=\"heading.default\">\n\t\t\t\t\t<h2 class=\"elementor-heading-title elementor-size-default\">Tarjoamme my\u00f6s rahoitus- ja leasingmahdollisuuksia<\/h2>\t\t\t\t<\/div>\n\t\t\t\t\t<\/div>\n\t\t\t\t<\/div>\n\t\t<div class=\"elementor-element elementor-element-24c0d88 e-flex e-con-boxed e-con e-parent\" data-id=\"24c0d88\" data-element_type=\"container\">\n\t\t\t\t\t<div class=\"e-con-inner\">\n\t\t\t\t<div class=\"elementor-element elementor-element-28020f6 elementor-widget elementor-widget-text-editor\" data-id=\"28020f6\" data-element_type=\"widget\" data-widget_type=\"text-editor.default\">\n\t\t\t\t\t\t\t\t\t<ul data-spread=\"false\" data-pm-slice=\"3 3 []\"><li><p>Joustavat maksuvaihtoehdot auttavat yrityst\u00e4si investoimaan tehokkaasti.<\/p><\/li><li><p>Leasingratkaisut ilman suurta kertainvestointia.<\/p><\/li><li><p>Autamme l\u00f6yt\u00e4m\u00e4\u00e4n juuri sinulle sopivan rahoitusratkaisun.<\/p><\/li><\/ul>\t\t\t\t\t\t\t\t<\/div>\n\t\t\t\t\t<\/div>\n\t\t\t\t<\/div>\n\t\t<div class=\"elementor-element elementor-element-07e2481 e-flex e-con-boxed e-con e-parent\" data-id=\"07e2481\" data-element_type=\"container\">\n\t\t\t\t\t<div class=\"e-con-inner\">\n\t\t\t\t<div class=\"elementor-element elementor-element-9aeec76 elementor-widget elementor-widget-heading\" data-id=\"9aeec76\" data-element_type=\"widget\" data-widget_type=\"heading.default\">\n\t\t\t\t\t<h2 class=\"elementor-heading-title elementor-size-default\">Miksi ostaa Konemarketilta?<\/h2>\t\t\t\t<\/div>\n\t\t\t\t\t<\/div>\n\t\t\t\t<\/div>\n\t\t<div class=\"elementor-element elementor-element-ae90606 e-flex e-con-boxed e-con e-parent\" data-id=\"ae90606\" data-element_type=\"container\">\n\t\t\t\t\t<div class=\"e-con-inner\">\n\t\t\t\t<div class=\"elementor-element elementor-element-aaa0c13 elementor-widget elementor-widget-text-editor\" data-id=\"aaa0c13\" data-element_type=\"widget\" data-widget_type=\"text-editor.default\">\n\t\t\t\t\t\t\t\t\t<ul data-spread=\"false\" data-pm-slice=\"3 3 []\"><li><p><strong>Luotettava valikoima<\/strong>: Myynniss\u00e4 vain tarkastettuja ja toimintavarmoja kaivinkoneita.<\/p><\/li><li><p><strong>Kattava asiakaspalvelu<\/strong>: Neuvomme ja autamme oikean koneen valinnassa.<\/p><\/li><li><p><strong>Hyv\u00e4t maksuehdot<\/strong>: Rahoitus- ja leasingvaihtoehdot helpottavat hankintaa.<\/p><\/li><\/ul>\t\t\t\t\t\t\t\t<\/div>\n\t\t\t\t\t<\/div>\n\t\t\t\t<\/div>\n\t\t\t\t<\/div>","protected":false},"excerpt":{"rendered":"<p>Tarvitsetko luotettavan ja tehokkaan kaivinkoneen? Konemarket tarjoaa laadukkaita uusia ja k\u00e4ytettyj\u00e4 kaivinkoneita erilaisiin tarpeisiin. Olitpa sitten ammattilainen tai ensik\u00e4ytt\u00e4j\u00e4, meilt\u00e4 l\u00f6yd\u00e4t juuri sinulle sopivan koneen. Laaja valikoima kaivinkoneita Uudet kaivinkoneet tunnetuilta valmistajilta Tarkastetut ja huolletut k\u00e4ytetyt kaivinkoneet Eri kokoluokan koneita, minikaivinkoneista suuriin tela-alustaisiin koneisiin Miksi ostaa k\u00e4ytetty kaivinkone meilt\u00e4? Kaikki k\u00e4ytetyt koneet on tarkastettu ja [&hellip;]<\/p>","protected":false},"author":1,"featured_media":0,"parent":0,"menu_order":0,"comment_status":"closed","ping_status":"closed","template":"","meta":{"_acf_changed":false,"footnotes":""},"class_list":["post-1982","page","type-page","status-publish","hentry"],"acf":[],"yoast_head":"<!-- This site is optimized with the Yoast SEO plugin v25.9 - https:\/\/yoast.com\/wordpress\/plugins\/seo\/ -->\n<title>K\u00e4ytetyt ja Uudet Kaivinkoneet Myynniss\u00e4 - Konemarket<\/title>\n<meta name=\"robots\" content=\"index, follow, max-snippet:-1, max-image-preview:large, max-video-preview:-1\" \/>\n<link rel=\"canonical\" href=\"https:\/\/konemarket.com\/sv\/kaytetyt-ja-uudet-kaivinkoneet-myynnissa\/\" \/>\n<meta property=\"og:locale\" content=\"sv_SE\" \/>\n<meta property=\"og:type\" content=\"article\" \/>\n<meta property=\"og:title\" content=\"K\u00e4ytetyt ja Uudet Kaivinkoneet Myynniss\u00e4 - Konemarket\" \/>\n<meta property=\"og:description\" content=\"Tarvitsetko luotettavan ja tehokkaan kaivinkoneen? Konemarket tarjoaa laadukkaita uusia ja k\u00e4ytettyj\u00e4 kaivinkoneita erilaisiin tarpeisiin. Olitpa sitten ammattilainen tai ensik\u00e4ytt\u00e4j\u00e4, meilt\u00e4 l\u00f6yd\u00e4t juuri sinulle sopivan koneen. Laaja valikoima kaivinkoneita Uudet kaivinkoneet tunnetuilta valmistajilta Tarkastetut ja huolletut k\u00e4ytetyt kaivinkoneet Eri kokoluokan koneita, minikaivinkoneista suuriin tela-alustaisiin koneisiin Miksi ostaa k\u00e4ytetty kaivinkone meilt\u00e4? Kaikki k\u00e4ytetyt koneet on tarkastettu ja [&hellip;]\" \/>\n<meta property=\"og:url\" content=\"https:\/\/konemarket.com\/sv\/kaytetyt-ja-uudet-kaivinkoneet-myynnissa\/\" \/>\n<meta property=\"og:site_name\" content=\"Konemarket\" \/>\n<meta property=\"article:modified_time\" content=\"2025-03-12T13:16:24+00:00\" \/>\n<meta name=\"twitter:card\" content=\"summary_large_image\" \/>\n<meta name=\"twitter:label1\" content=\"Ber\u00e4knad l\u00e4stid\" \/>\n\t<meta name=\"twitter:data1\" content=\"1 minut\" \/>\n<script type=\"application\/ld+json\" class=\"yoast-schema-graph\">{\"@context\":\"https:\/\/schema.org\",\"@graph\":[{\"@type\":\"WebPage\",\"@id\":\"https:\/\/konemarket.com\/kaytetyt-ja-uudet-kaivinkoneet-myynnissa\/\",\"url\":\"https:\/\/konemarket.com\/kaytetyt-ja-uudet-kaivinkoneet-myynnissa\/\",\"name\":\"K\u00e4ytetyt ja Uudet Kaivinkoneet Myynniss\u00e4 - Konemarket\",\"isPartOf\":{\"@id\":\"https:\/\/dev.konemarket.saversit.fi\/#website\"},\"datePublished\":\"2025-03-12T13:11:23+00:00\",\"dateModified\":\"2025-03-12T13:16:24+00:00\",\"breadcrumb\":{\"@id\":\"https:\/\/konemarket.com\/kaytetyt-ja-uudet-kaivinkoneet-myynnissa\/#breadcrumb\"},\"inLanguage\":\"sv-SE\",\"potentialAction\":[{\"@type\":\"ReadAction\",\"target\":[\"https:\/\/konemarket.com\/kaytetyt-ja-uudet-kaivinkoneet-myynnissa\/\"]}]},{\"@type\":\"BreadcrumbList\",\"@id\":\"https:\/\/konemarket.com\/kaytetyt-ja-uudet-kaivinkoneet-myynnissa\/#breadcrumb\",\"itemListElement\":[{\"@type\":\"ListItem\",\"position\":1,\"name\":\"Home\",\"item\":\"https:\/\/konemarket.com\/\"},{\"@type\":\"ListItem\",\"position\":2,\"name\":\"K\u00e4ytetyt ja Uudet Kaivinkoneet Myynniss\u00e4\"}]},{\"@type\":\"WebSite\",\"@id\":\"https:\/\/dev.konemarket.saversit.fi\/#website\",\"url\":\"https:\/\/dev.konemarket.saversit.fi\/\",\"name\":\"Konemarket\",\"description\":\"\",\"publisher\":{\"@id\":\"https:\/\/dev.konemarket.saversit.fi\/#organization\"},\"potentialAction\":[{\"@type\":\"SearchAction\",\"target\":{\"@type\":\"EntryPoint\",\"urlTemplate\":\"https:\/\/dev.konemarket.saversit.fi\/?s={search_term_string}\"},\"query-input\":{\"@type\":\"PropertyValueSpecification\",\"valueRequired\":true,\"valueName\":\"search_term_string\"}}],\"inLanguage\":\"sv-SE\"},{\"@type\":\"Organization\",\"@id\":\"https:\/\/dev.konemarket.saversit.fi\/#organization\",\"name\":\"Konemarket\",\"url\":\"https:\/\/dev.konemarket.saversit.fi\/\",\"logo\":{\"@type\":\"ImageObject\",\"inLanguage\":\"sv-SE\",\"@id\":\"https:\/\/dev.konemarket.saversit.fi\/#\/schema\/logo\/image\/\",\"url\":\"https:\/\/konemarket.com\/wp-content\/uploads\/2024\/09\/download__1_-removebg-preview-1.png\",\"contentUrl\":\"https:\/\/konemarket.com\/wp-content\/uploads\/2024\/09\/download__1_-removebg-preview-1.png\",\"width\":378,\"height\":204,\"caption\":\"Konemarket\"},\"image\":{\"@id\":\"https:\/\/dev.konemarket.saversit.fi\/#\/schema\/logo\/image\/\"}}]}<\/script>\n<!-- \/ Yoast SEO plugin. -->","yoast_head_json":{"title":"K\u00e4ytetyt ja Uudet Kaivinkoneet Myynniss\u00e4 - Konemarket","robots":{"index":"index","follow":"follow","max-snippet":"max-snippet:-1","max-image-preview":"max-image-preview:large","max-video-preview":"max-video-preview:-1"},"canonical":"https:\/\/konemarket.com\/sv\/kaytetyt-ja-uudet-kaivinkoneet-myynnissa\/","og_locale":"sv_SE","og_type":"article","og_title":"K\u00e4ytetyt ja Uudet Kaivinkoneet Myynniss\u00e4 - Konemarket","og_description":"Tarvitsetko luotettavan ja tehokkaan kaivinkoneen? Konemarket tarjoaa laadukkaita uusia ja k\u00e4ytettyj\u00e4 kaivinkoneita erilaisiin tarpeisiin. Olitpa sitten ammattilainen tai ensik\u00e4ytt\u00e4j\u00e4, meilt\u00e4 l\u00f6yd\u00e4t juuri sinulle sopivan koneen. Laaja valikoima kaivinkoneita Uudet kaivinkoneet tunnetuilta valmistajilta Tarkastetut ja huolletut k\u00e4ytetyt kaivinkoneet Eri kokoluokan koneita, minikaivinkoneista suuriin tela-alustaisiin koneisiin Miksi ostaa k\u00e4ytetty kaivinkone meilt\u00e4? Kaikki k\u00e4ytetyt koneet on tarkastettu ja [&hellip;]","og_url":"https:\/\/konemarket.com\/sv\/kaytetyt-ja-uudet-kaivinkoneet-myynnissa\/","og_site_name":"Konemarket","article_modified_time":"2025-03-12T13:16:24+00:00","twitter_card":"summary_large_image","twitter_misc":{"Ber\u00e4knad l\u00e4stid":"1 minut"},"schema":{"@context":"https:\/\/schema.org","@graph":[{"@type":"WebPage","@id":"https:\/\/konemarket.com\/kaytetyt-ja-uudet-kaivinkoneet-myynnissa\/","url":"https:\/\/konemarket.com\/kaytetyt-ja-uudet-kaivinkoneet-myynnissa\/","name":"K\u00e4ytetyt ja Uudet Kaivinkoneet Myynniss\u00e4 - Konemarket","isPartOf":{"@id":"https:\/\/dev.konemarket.saversit.fi\/#website"},"datePublished":"2025-03-12T13:11:23+00:00","dateModified":"2025-03-12T13:16:24+00:00","breadcrumb":{"@id":"https:\/\/konemarket.com\/kaytetyt-ja-uudet-kaivinkoneet-myynnissa\/#breadcrumb"},"inLanguage":"sv-SE","potentialAction":[{"@type":"ReadAction","target":["https:\/\/konemarket.com\/kaytetyt-ja-uudet-kaivinkoneet-myynnissa\/"]}]},{"@type":"BreadcrumbList","@id":"https:\/\/konemarket.com\/kaytetyt-ja-uudet-kaivinkoneet-myynnissa\/#breadcrumb","itemListElement":[{"@type":"ListItem","position":1,"name":"Home","item":"https:\/\/konemarket.com\/"},{"@type":"ListItem","position":2,"name":"K\u00e4ytetyt ja Uudet Kaivinkoneet Myynniss\u00e4"}]},{"@type":"WebSite","@id":"https:\/\/dev.konemarket.saversit.fi\/#website","url":"https:\/\/dev.konemarket.saversit.fi\/","name":"Konemarket","description":"","publisher":{"@id":"https:\/\/dev.konemarket.saversit.fi\/#organization"},"potentialAction":[{"@type":"SearchAction","target":{"@type":"EntryPoint","urlTemplate":"https:\/\/dev.konemarket.saversit.fi\/?s={search_term_string}"},"query-input":{"@type":"PropertyValueSpecification","valueRequired":true,"valueName":"search_term_string"}}],"inLanguage":"sv-SE"},{"@type":"Organization","@id":"https:\/\/dev.konemarket.saversit.fi\/#organization","name":"Konemarket","url":"https:\/\/dev.konemarket.saversit.fi\/","logo":{"@type":"ImageObject","inLanguage":"sv-SE","@id":"https:\/\/dev.konemarket.saversit.fi\/#\/schema\/logo\/image\/","url":"https:\/\/konemarket.com\/wp-content\/uploads\/2024\/09\/download__1_-removebg-preview-1.png","contentUrl":"https:\/\/konemarket.com\/wp-content\/uploads\/2024\/09\/download__1_-removebg-preview-1.png","width":378,"height":204,"caption":"Konemarket"},"image":{"@id":"https:\/\/dev.konemarket.saversit.fi\/#\/schema\/logo\/image\/"}}]}},"_links":{"self":[{"href":"https:\/\/konemarket.com\/sv\/wp-json\/wp\/v2\/pages\/1982","targetHints":{"allow":["GET"]}}],"collection":[{"href":"https:\/\/konemarket.com\/sv\/wp-json\/wp\/v2\/pages"}],"about":[{"href":"https:\/\/konemarket.com\/sv\/wp-json\/wp\/v2\/types\/page"}],"author":[{"embeddable":true,"href":"https:\/\/konemarket.com\/sv\/wp-json\/wp\/v2\/users\/1"}],"replies":[{"embeddable":true,"href":"https:\/\/konemarket.com\/sv\/wp-json\/wp\/v2\/comments?post=1982"}],"version-history":[{"count":16,"href":"https:\/\/konemarket.com\/sv\/wp-json\/wp\/v2\/pages\/1982\/revisions"}],"predecessor-version":[{"id":1998,"href":"https:\/\/konemarket.com\/sv\/wp-json\/wp\/v2\/pages\/1982\/revisions\/1998"}],"wp:attachment":[{"href":"https:\/\/konemarket.com\/sv\/wp-json\/wp\/v2\/media?parent=1982"}],"curies":[{"name":"wp","href":"https:\/\/api.w.org\/{rel}","templated":true}]}}