{"id":2050,"date":"2025-03-24T16:11:25","date_gmt":"2025-03-24T16:11:25","guid":{"rendered":"https:\/\/konemarket.com\/?page_id=2050"},"modified":"2025-03-24T16:13:38","modified_gmt":"2025-03-24T16:13:38","slug":"uudet-kaivinkoneet-tehokkuutta-ja-luotettavuutta-2","status":"publish","type":"page","link":"https:\/\/konemarket.com\/sv\/uudet-kaivinkoneet-tehokkuutta-ja-luotettavuutta-2\/","title":{"rendered":"Uudet Kaivinkoneet \u2013 Tehokkuutta ja Luotettavuutta"},"content":{"rendered":"<div data-elementor-type=\"wp-page\" data-elementor-id=\"2050\" class=\"elementor elementor-2050\" data-elementor-post-type=\"page\">\n\t\t\t\t<div class=\"elementor-element elementor-element-21410a4 e-flex e-con-boxed e-con e-parent\" data-id=\"21410a4\" data-element_type=\"container\">\n\t\t\t\t\t<div class=\"e-con-inner\">\n\t\t\t\t<div class=\"elementor-element elementor-element-56f6574 elementor-widget elementor-widget-heading\" data-id=\"56f6574\" data-element_type=\"widget\" data-widget_type=\"heading.default\">\n\t\t\t\t\t<h2 class=\"elementor-heading-title elementor-size-default\">Uudet Kaivinkoneet \u2013 Tehokkuutta ja Luotettavuutta<\/h2>\t\t\t\t<\/div>\n\t\t\t\t\t<\/div>\n\t\t\t\t<\/div>\n\t\t<div class=\"elementor-element elementor-element-57e8be4 e-flex e-con-boxed e-con e-parent\" data-id=\"57e8be4\" data-element_type=\"container\">\n\t\t\t\t\t<div class=\"e-con-inner\">\n\t\t\t\t<div class=\"elementor-element elementor-element-3a74f27 elementor-widget elementor-widget-text-editor\" data-id=\"3a74f27\" data-element_type=\"widget\" data-widget_type=\"text-editor.default\">\n\t\t\t\t\t\t\t\t\t<h3 class=\"\" data-start=\"577\" data-end=\"624\"><strong data-start=\"584\" data-end=\"624\">Tehokkaat Kaivinkoneet Yrityksellesi<\/strong><\/h3><p class=\"\" data-start=\"626\" data-end=\"911\">Konemarket tarjoaa laajan valikoiman uusia kaivinkoneita, jotka ovat suunniteltu vastaamaan rakennus- ja kaivuut\u00f6iden vaativimpiin tarpeisiin. Meid\u00e4n kaivinkoneemme ovat huipputeknologian ja kest\u00e4vyyden yhdistelmi\u00e4, jotka tarjoavat erinomaisen suorituskyvyn sek\u00e4 polttoainetehokkuuden.<\/p><p class=\"\" data-start=\"913\" data-end=\"956\"><strong data-start=\"913\" data-end=\"956\">Miksi valita uudet kaivinkoneet meilt\u00e4?<\/strong><\/p><ul data-start=\"957\" data-end=\"1268\"><li class=\"\" data-start=\"957\" data-end=\"1070\"><p class=\"\" data-start=\"959\" data-end=\"1070\"><strong data-start=\"959\" data-end=\"988\">Tehokkuus ja suorituskyky<\/strong>: Uudet kaivinkoneet tarjoavat enemm\u00e4n voimaa v\u00e4hemm\u00e4ll\u00e4 polttoaineenkulutuksella.<\/p><\/li><li class=\"\" data-start=\"1071\" data-end=\"1156\"><p class=\"\" data-start=\"1073\" data-end=\"1156\"><strong data-start=\"1073\" data-end=\"1092\">Pitk\u00e4 k\u00e4ytt\u00f6ik\u00e4<\/strong>: Vahvat ja kest\u00e4v\u00e4t koneet, jotka kest\u00e4v\u00e4t kovimmatkin ty\u00f6maat.<\/p><\/li><li class=\"\" data-start=\"1157\" data-end=\"1268\"><p class=\"\" data-start=\"1159\" data-end=\"1268\"><strong data-start=\"1159\" data-end=\"1176\">Takuu ja tuki<\/strong>: Uusilla kaivinkoneilla on t\u00e4ysi valmistajatakuu ja me tarjoamme jatkuvaa tukea ja huoltoa.<\/p><\/li><\/ul><h3 class=\"\" data-start=\"1396\" data-end=\"1471\"><strong data-start=\"1403\" data-end=\"1471\">Valikoimamme \u2013 Kaivinkoneet, Jotka Vastaavat Ty\u00f6maasi Tarpeisiin<\/strong><\/h3><p class=\"\" data-start=\"1473\" data-end=\"1726\">Meilt\u00e4 l\u00f6yd\u00e4t laajan valikoiman kaivinkoneita eri kokoluokissa ja ominaisuuksilla, jotta voit valita juuri sinun ty\u00f6maallesi sopivan mallin. Olipa kyseess\u00e4 pienet kaivuu- ja rakennusty\u00f6t tai suuret infrastruktuuriprojektit, meilt\u00e4 l\u00f6ytyy oikea ratkaisu.<\/p><ul data-start=\"1728\" data-end=\"2023\"><li class=\"\" data-start=\"1728\" data-end=\"1875\"><p class=\"\" data-start=\"1730\" data-end=\"1875\"><strong data-start=\"1730\" data-end=\"1747\">Kevyet mallit<\/strong>: Ihanteellisia pieniin ja keskikokoisiin projekteihin. N\u00e4ill\u00e4 koneilla p\u00e4\u00e4set vaivattomasti esteiden ohi ja teet tarkkaa ty\u00f6t\u00e4.<\/p><\/li><li class=\"\" data-start=\"1876\" data-end=\"2023\"><p class=\"\" data-start=\"1878\" data-end=\"2023\"><strong data-start=\"1878\" data-end=\"1896\">Raskaat mallit<\/strong>: Tehokkaita koneita vaativiin ja suurikokoisiin kaivuuoperaatioihin. Rakennus- ja kaivuuty\u00f6t hoituvat nopeasti ja tehokkaasti.<\/p><\/li><\/ul><h3 class=\"\" data-start=\"2167\" data-end=\"2230\"><strong data-start=\"2174\" data-end=\"2230\">Innovatiiviset Teknologiat Uusissa Kaivinkoneissamme<\/strong><\/h3><p class=\"\" data-start=\"2232\" data-end=\"2464\">Uusissa kaivinkoneissamme yhdistyv\u00e4t huipputeknologiat, jotka tekev\u00e4t ty\u00f6skentelyst\u00e4 entist\u00e4kin tehokkaampaa ja turvallisempaa. N\u00e4ihin koneisiin kuuluu mm. \u00e4lykk\u00e4it\u00e4 ohjausj\u00e4rjestelmi\u00e4 ja polttoainetehokkuutta parantavia ratkaisuja.<\/p><ul data-start=\"2466\" data-end=\"2654\"><li class=\"\" data-start=\"2466\" data-end=\"2556\"><p class=\"\" data-start=\"2468\" data-end=\"2556\"><strong data-start=\"2468\" data-end=\"2503\">Digitaaliset ohjausj\u00e4rjestelm\u00e4t<\/strong>: Parantaa tarkkuutta ja v\u00e4hent\u00e4\u00e4 virheit\u00e4 ty\u00f6maalla.<\/p><\/li><li class=\"\" data-start=\"2557\" data-end=\"2654\"><p class=\"\" data-start=\"2559\" data-end=\"2654\"><strong data-start=\"2559\" data-end=\"2579\">Energiatehokkuus<\/strong>: Polttoaineenkulutus on optimoinnissa, joten s\u00e4\u00e4st\u00e4t pitk\u00e4ll\u00e4 aikav\u00e4lill\u00e4.<\/p><\/li><\/ul><p>\u00a0<\/p>\t\t\t\t\t\t\t\t<\/div>\n\t\t\t\t\t<\/div>\n\t\t\t\t<\/div>\n\t\t\t\t<\/div>","protected":false},"excerpt":{"rendered":"<p>Uudet Kaivinkoneet \u2013 Tehokkuutta ja Luotettavuutta Tehokkaat Kaivinkoneet Yrityksellesi Konemarket tarjoaa laajan valikoiman uusia kaivinkoneita, jotka ovat suunniteltu vastaamaan rakennus- ja kaivuut\u00f6iden vaativimpiin tarpeisiin. Meid\u00e4n kaivinkoneemme ovat huipputeknologian ja kest\u00e4vyyden yhdistelmi\u00e4, jotka tarjoavat erinomaisen suorituskyvyn sek\u00e4 polttoainetehokkuuden. Miksi valita uudet kaivinkoneet meilt\u00e4? Tehokkuus ja suorituskyky: Uudet kaivinkoneet tarjoavat enemm\u00e4n voimaa v\u00e4hemm\u00e4ll\u00e4 polttoaineenkulutuksella. Pitk\u00e4 k\u00e4ytt\u00f6ik\u00e4: Vahvat [&hellip;]<\/p>","protected":false},"author":1,"featured_media":0,"parent":0,"menu_order":0,"comment_status":"closed","ping_status":"closed","template":"elementor_header_footer","meta":{"_acf_changed":false,"footnotes":""},"class_list":["post-2050","page","type-page","status-publish","hentry"],"acf":[],"yoast_head":"<!-- This site is optimized with the Yoast SEO plugin v25.9 - https:\/\/yoast.com\/wordpress\/plugins\/seo\/ -->\n<title>Uudet Kaivinkoneet \u2013 Tehokkuutta ja Luotettavuutta - Konemarket<\/title>\n<meta name=\"robots\" content=\"index, follow, max-snippet:-1, max-image-preview:large, max-video-preview:-1\" \/>\n<link rel=\"canonical\" href=\"https:\/\/konemarket.com\/sv\/uudet-kaivinkoneet-tehokkuutta-ja-luotettavuutta-2\/\" \/>\n<meta property=\"og:locale\" content=\"sv_SE\" \/>\n<meta property=\"og:type\" content=\"article\" \/>\n<meta property=\"og:title\" content=\"Uudet Kaivinkoneet \u2013 Tehokkuutta ja Luotettavuutta - Konemarket\" \/>\n<meta property=\"og:description\" content=\"Uudet Kaivinkoneet \u2013 Tehokkuutta ja Luotettavuutta Tehokkaat Kaivinkoneet Yrityksellesi Konemarket tarjoaa laajan valikoiman uusia kaivinkoneita, jotka ovat suunniteltu vastaamaan rakennus- ja kaivuut\u00f6iden vaativimpiin tarpeisiin. Meid\u00e4n kaivinkoneemme ovat huipputeknologian ja kest\u00e4vyyden yhdistelmi\u00e4, jotka tarjoavat erinomaisen suorituskyvyn sek\u00e4 polttoainetehokkuuden. Miksi valita uudet kaivinkoneet meilt\u00e4? Tehokkuus ja suorituskyky: Uudet kaivinkoneet tarjoavat enemm\u00e4n voimaa v\u00e4hemm\u00e4ll\u00e4 polttoaineenkulutuksella. Pitk\u00e4 k\u00e4ytt\u00f6ik\u00e4: Vahvat [&hellip;]\" \/>\n<meta property=\"og:url\" content=\"https:\/\/konemarket.com\/sv\/uudet-kaivinkoneet-tehokkuutta-ja-luotettavuutta-2\/\" \/>\n<meta property=\"og:site_name\" content=\"Konemarket\" \/>\n<meta property=\"article:modified_time\" content=\"2025-03-24T16:13:38+00:00\" \/>\n<meta name=\"twitter:card\" content=\"summary_large_image\" \/>\n<meta name=\"twitter:label1\" content=\"Ber\u00e4knad l\u00e4stid\" \/>\n\t<meta name=\"twitter:data1\" content=\"2 minuter\" \/>\n<script type=\"application\/ld+json\" class=\"yoast-schema-graph\">{\"@context\":\"https:\/\/schema.org\",\"@graph\":[{\"@type\":\"WebPage\",\"@id\":\"https:\/\/konemarket.com\/uudet-kaivinkoneet-tehokkuutta-ja-luotettavuutta-2\/\",\"url\":\"https:\/\/konemarket.com\/uudet-kaivinkoneet-tehokkuutta-ja-luotettavuutta-2\/\",\"name\":\"Uudet Kaivinkoneet \u2013 Tehokkuutta ja Luotettavuutta - Konemarket\",\"isPartOf\":{\"@id\":\"https:\/\/dev.konemarket.saversit.fi\/#website\"},\"datePublished\":\"2025-03-24T16:11:25+00:00\",\"dateModified\":\"2025-03-24T16:13:38+00:00\",\"breadcrumb\":{\"@id\":\"https:\/\/konemarket.com\/uudet-kaivinkoneet-tehokkuutta-ja-luotettavuutta-2\/#breadcrumb\"},\"inLanguage\":\"sv-SE\",\"potentialAction\":[{\"@type\":\"ReadAction\",\"target\":[\"https:\/\/konemarket.com\/uudet-kaivinkoneet-tehokkuutta-ja-luotettavuutta-2\/\"]}]},{\"@type\":\"BreadcrumbList\",\"@id\":\"https:\/\/konemarket.com\/uudet-kaivinkoneet-tehokkuutta-ja-luotettavuutta-2\/#breadcrumb\",\"itemListElement\":[{\"@type\":\"ListItem\",\"position\":1,\"name\":\"Home\",\"item\":\"https:\/\/konemarket.com\/\"},{\"@type\":\"ListItem\",\"position\":2,\"name\":\"Uudet Kaivinkoneet \u2013 Tehokkuutta ja Luotettavuutta\"}]},{\"@type\":\"WebSite\",\"@id\":\"https:\/\/dev.konemarket.saversit.fi\/#website\",\"url\":\"https:\/\/dev.konemarket.saversit.fi\/\",\"name\":\"Konemarket\",\"description\":\"\",\"publisher\":{\"@id\":\"https:\/\/dev.konemarket.saversit.fi\/#organization\"},\"potentialAction\":[{\"@type\":\"SearchAction\",\"target\":{\"@type\":\"EntryPoint\",\"urlTemplate\":\"https:\/\/dev.konemarket.saversit.fi\/?s={search_term_string}\"},\"query-input\":{\"@type\":\"PropertyValueSpecification\",\"valueRequired\":true,\"valueName\":\"search_term_string\"}}],\"inLanguage\":\"sv-SE\"},{\"@type\":\"Organization\",\"@id\":\"https:\/\/dev.konemarket.saversit.fi\/#organization\",\"name\":\"Konemarket\",\"url\":\"https:\/\/dev.konemarket.saversit.fi\/\",\"logo\":{\"@type\":\"ImageObject\",\"inLanguage\":\"sv-SE\",\"@id\":\"https:\/\/dev.konemarket.saversit.fi\/#\/schema\/logo\/image\/\",\"url\":\"https:\/\/konemarket.com\/wp-content\/uploads\/2024\/09\/download__1_-removebg-preview-1.png\",\"contentUrl\":\"https:\/\/konemarket.com\/wp-content\/uploads\/2024\/09\/download__1_-removebg-preview-1.png\",\"width\":378,\"height\":204,\"caption\":\"Konemarket\"},\"image\":{\"@id\":\"https:\/\/dev.konemarket.saversit.fi\/#\/schema\/logo\/image\/\"}}]}<\/script>\n<!-- \/ Yoast SEO plugin. -->","yoast_head_json":{"title":"Uudet Kaivinkoneet \u2013 Tehokkuutta ja Luotettavuutta - Konemarket","robots":{"index":"index","follow":"follow","max-snippet":"max-snippet:-1","max-image-preview":"max-image-preview:large","max-video-preview":"max-video-preview:-1"},"canonical":"https:\/\/konemarket.com\/sv\/uudet-kaivinkoneet-tehokkuutta-ja-luotettavuutta-2\/","og_locale":"sv_SE","og_type":"article","og_title":"Uudet Kaivinkoneet \u2013 Tehokkuutta ja Luotettavuutta - Konemarket","og_description":"Uudet Kaivinkoneet \u2013 Tehokkuutta ja Luotettavuutta Tehokkaat Kaivinkoneet Yrityksellesi Konemarket tarjoaa laajan valikoiman uusia kaivinkoneita, jotka ovat suunniteltu vastaamaan rakennus- ja kaivuut\u00f6iden vaativimpiin tarpeisiin. Meid\u00e4n kaivinkoneemme ovat huipputeknologian ja kest\u00e4vyyden yhdistelmi\u00e4, jotka tarjoavat erinomaisen suorituskyvyn sek\u00e4 polttoainetehokkuuden. Miksi valita uudet kaivinkoneet meilt\u00e4? Tehokkuus ja suorituskyky: Uudet kaivinkoneet tarjoavat enemm\u00e4n voimaa v\u00e4hemm\u00e4ll\u00e4 polttoaineenkulutuksella. Pitk\u00e4 k\u00e4ytt\u00f6ik\u00e4: Vahvat [&hellip;]","og_url":"https:\/\/konemarket.com\/sv\/uudet-kaivinkoneet-tehokkuutta-ja-luotettavuutta-2\/","og_site_name":"Konemarket","article_modified_time":"2025-03-24T16:13:38+00:00","twitter_card":"summary_large_image","twitter_misc":{"Ber\u00e4knad l\u00e4stid":"2 minuter"},"schema":{"@context":"https:\/\/schema.org","@graph":[{"@type":"WebPage","@id":"https:\/\/konemarket.com\/uudet-kaivinkoneet-tehokkuutta-ja-luotettavuutta-2\/","url":"https:\/\/konemarket.com\/uudet-kaivinkoneet-tehokkuutta-ja-luotettavuutta-2\/","name":"Uudet Kaivinkoneet \u2013 Tehokkuutta ja Luotettavuutta - Konemarket","isPartOf":{"@id":"https:\/\/dev.konemarket.saversit.fi\/#website"},"datePublished":"2025-03-24T16:11:25+00:00","dateModified":"2025-03-24T16:13:38+00:00","breadcrumb":{"@id":"https:\/\/konemarket.com\/uudet-kaivinkoneet-tehokkuutta-ja-luotettavuutta-2\/#breadcrumb"},"inLanguage":"sv-SE","potentialAction":[{"@type":"ReadAction","target":["https:\/\/konemarket.com\/uudet-kaivinkoneet-tehokkuutta-ja-luotettavuutta-2\/"]}]},{"@type":"BreadcrumbList","@id":"https:\/\/konemarket.com\/uudet-kaivinkoneet-tehokkuutta-ja-luotettavuutta-2\/#breadcrumb","itemListElement":[{"@type":"ListItem","position":1,"name":"Home","item":"https:\/\/konemarket.com\/"},{"@type":"ListItem","position":2,"name":"Uudet Kaivinkoneet \u2013 Tehokkuutta ja Luotettavuutta"}]},{"@type":"WebSite","@id":"https:\/\/dev.konemarket.saversit.fi\/#website","url":"https:\/\/dev.konemarket.saversit.fi\/","name":"Konemarket","description":"","publisher":{"@id":"https:\/\/dev.konemarket.saversit.fi\/#organization"},"potentialAction":[{"@type":"SearchAction","target":{"@type":"EntryPoint","urlTemplate":"https:\/\/dev.konemarket.saversit.fi\/?s={search_term_string}"},"query-input":{"@type":"PropertyValueSpecification","valueRequired":true,"valueName":"search_term_string"}}],"inLanguage":"sv-SE"},{"@type":"Organization","@id":"https:\/\/dev.konemarket.saversit.fi\/#organization","name":"Konemarket","url":"https:\/\/dev.konemarket.saversit.fi\/","logo":{"@type":"ImageObject","inLanguage":"sv-SE","@id":"https:\/\/dev.konemarket.saversit.fi\/#\/schema\/logo\/image\/","url":"https:\/\/konemarket.com\/wp-content\/uploads\/2024\/09\/download__1_-removebg-preview-1.png","contentUrl":"https:\/\/konemarket.com\/wp-content\/uploads\/2024\/09\/download__1_-removebg-preview-1.png","width":378,"height":204,"caption":"Konemarket"},"image":{"@id":"https:\/\/dev.konemarket.saversit.fi\/#\/schema\/logo\/image\/"}}]}},"_links":{"self":[{"href":"https:\/\/konemarket.com\/sv\/wp-json\/wp\/v2\/pages\/2050","targetHints":{"allow":["GET"]}}],"collection":[{"href":"https:\/\/konemarket.com\/sv\/wp-json\/wp\/v2\/pages"}],"about":[{"href":"https:\/\/konemarket.com\/sv\/wp-json\/wp\/v2\/types\/page"}],"author":[{"embeddable":true,"href":"https:\/\/konemarket.com\/sv\/wp-json\/wp\/v2\/users\/1"}],"replies":[{"embeddable":true,"href":"https:\/\/konemarket.com\/sv\/wp-json\/wp\/v2\/comments?post=2050"}],"version-history":[{"count":7,"href":"https:\/\/konemarket.com\/sv\/wp-json\/wp\/v2\/pages\/2050\/revisions"}],"predecessor-version":[{"id":2057,"href":"https:\/\/konemarket.com\/sv\/wp-json\/wp\/v2\/pages\/2050\/revisions\/2057"}],"wp:attachment":[{"href":"https:\/\/konemarket.com\/sv\/wp-json\/wp\/v2\/media?parent=2050"}],"curies":[{"name":"wp","href":"https:\/\/api.w.org\/{rel}","templated":true}]}}