{"id":1642,"date":"2024-12-01T17:49:41","date_gmt":"2024-12-01T17:49:41","guid":{"rendered":"https:\/\/konemarket.com\/?post_type=product&#038;p=1642"},"modified":"2024-12-01T17:49:41","modified_gmt":"2024-12-01T17:49:41","slug":"kauha-kuokkakauha-kaytetty-85cm-ntp10","status":"publish","type":"product","link":"https:\/\/konemarket.com\/sv\/kauppa\/kaytetyt-ja-erikois\/kauha-kuokkakauha-kaytetty-85cm-ntp10\/","title":{"rendered":"Kauha Kuokkakauha K\u00e4ytetty 85cm NTP10"},"content":{"rendered":"<p>Iso 85-90cm kuokkakauha, hyvill\u00e4 kynsill\u00e4.<\/p>\n<p>Sopii 14-20ton.<\/p>\n<p>Kunto ihan hyv\u00e4<\/p>","protected":false},"excerpt":{"rendered":"<p>Iso 85-90cm kuokkakauha, hyvill\u00e4 kynsill\u00e4. Sopii 14-20ton. Kunto ihan hyv\u00e4<\/p>","protected":false},"featured_media":1643,"template":"","meta":{"_acf_changed":false},"product_brand":[],"product_cat":[58],"product_tag":[],"class_list":{"0":"post-1642","1":"product","2":"type-product","3":"status-publish","4":"has-post-thumbnail","6":"product_cat-kaytetyt-ja-erikois","8":"first","9":"instock","10":"taxable","11":"shipping-taxable","12":"purchasable","13":"product-type-simple"},"acf":[],"yoast_head":"<!-- This site is optimized with the Yoast SEO plugin v25.9 - https:\/\/yoast.com\/wordpress\/plugins\/seo\/ -->\n<title>Kauha Kuokkakauha K\u00e4ytetty 85cm NTP10 - Konemarket<\/title>\n<meta name=\"robots\" content=\"index, follow, max-snippet:-1, max-image-preview:large, max-video-preview:-1\" \/>\n<link rel=\"canonical\" href=\"https:\/\/konemarket.com\/sv\/kauppa\/kaytetyt-ja-erikois\/kauha-kuokkakauha-kaytetty-85cm-ntp10\/\" \/>\n<meta property=\"og:locale\" content=\"sv_SE\" \/>\n<meta property=\"og:type\" content=\"article\" \/>\n<meta property=\"og:title\" content=\"Kauha Kuokkakauha K\u00e4ytetty 85cm NTP10 - Konemarket\" \/>\n<meta property=\"og:description\" content=\"Iso 85-90cm kuokkakauha, hyvill\u00e4 kynsill\u00e4. Sopii 14-20ton. Kunto ihan hyv\u00e4\" \/>\n<meta property=\"og:url\" content=\"https:\/\/konemarket.com\/sv\/kauppa\/kaytetyt-ja-erikois\/kauha-kuokkakauha-kaytetty-85cm-ntp10\/\" \/>\n<meta property=\"og:site_name\" content=\"Konemarket\" \/>\n<meta property=\"og:image\" content=\"https:\/\/konemarket.com\/wp-content\/uploads\/2024\/12\/IMG_4533.jpg\" \/>\n\t<meta property=\"og:image:width\" content=\"2000\" \/>\n\t<meta property=\"og:image:height\" content=\"1500\" \/>\n\t<meta property=\"og:image:type\" content=\"image\/jpeg\" \/>\n<meta name=\"twitter:card\" content=\"summary_large_image\" \/>\n<meta name=\"twitter:label1\" content=\"Ber\u00e4knad l\u00e4stid\" \/>\n\t<meta name=\"twitter:data1\" content=\"1 minut\" \/>\n<script type=\"application\/ld+json\" class=\"yoast-schema-graph\">{\"@context\":\"https:\/\/schema.org\",\"@graph\":[{\"@type\":\"WebPage\",\"@id\":\"https:\/\/konemarket.com\/kauppa\/kaytetyt-ja-erikois\/kauha-kuokkakauha-kaytetty-85cm-ntp10\/\",\"url\":\"https:\/\/konemarket.com\/kauppa\/kaytetyt-ja-erikois\/kauha-kuokkakauha-kaytetty-85cm-ntp10\/\",\"name\":\"Kauha Kuokkakauha K\u00e4ytetty 85cm NTP10 - Konemarket\",\"isPartOf\":{\"@id\":\"https:\/\/dev.konemarket.saversit.fi\/#website\"},\"primaryImageOfPage\":{\"@id\":\"https:\/\/konemarket.com\/kauppa\/kaytetyt-ja-erikois\/kauha-kuokkakauha-kaytetty-85cm-ntp10\/#primaryimage\"},\"image\":{\"@id\":\"https:\/\/konemarket.com\/kauppa\/kaytetyt-ja-erikois\/kauha-kuokkakauha-kaytetty-85cm-ntp10\/#primaryimage\"},\"thumbnailUrl\":\"https:\/\/konemarket.com\/wp-content\/uploads\/2024\/12\/IMG_4533.jpg\",\"datePublished\":\"2024-12-01T17:49:41+00:00\",\"breadcrumb\":{\"@id\":\"https:\/\/konemarket.com\/kauppa\/kaytetyt-ja-erikois\/kauha-kuokkakauha-kaytetty-85cm-ntp10\/#breadcrumb\"},\"inLanguage\":\"sv-SE\",\"potentialAction\":[{\"@type\":\"ReadAction\",\"target\":[\"https:\/\/konemarket.com\/kauppa\/kaytetyt-ja-erikois\/kauha-kuokkakauha-kaytetty-85cm-ntp10\/\"]}]},{\"@type\":\"ImageObject\",\"inLanguage\":\"sv-SE\",\"@id\":\"https:\/\/konemarket.com\/kauppa\/kaytetyt-ja-erikois\/kauha-kuokkakauha-kaytetty-85cm-ntp10\/#primaryimage\",\"url\":\"https:\/\/konemarket.com\/wp-content\/uploads\/2024\/12\/IMG_4533.jpg\",\"contentUrl\":\"https:\/\/konemarket.com\/wp-content\/uploads\/2024\/12\/IMG_4533.jpg\",\"width\":2000,\"height\":1500},{\"@type\":\"BreadcrumbList\",\"@id\":\"https:\/\/konemarket.com\/kauppa\/kaytetyt-ja-erikois\/kauha-kuokkakauha-kaytetty-85cm-ntp10\/#breadcrumb\",\"itemListElement\":[{\"@type\":\"ListItem\",\"position\":1,\"name\":\"Home\",\"item\":\"https:\/\/konemarket.com\/\"},{\"@type\":\"ListItem\",\"position\":2,\"name\":\"Kauppa\",\"item\":\"https:\/\/dev.konemarket.saversit.fi\/kauppa\/\"},{\"@type\":\"ListItem\",\"position\":3,\"name\":\"Kauha Kuokkakauha K\u00e4ytetty 85cm NTP10\"}]},{\"@type\":\"WebSite\",\"@id\":\"https:\/\/dev.konemarket.saversit.fi\/#website\",\"url\":\"https:\/\/dev.konemarket.saversit.fi\/\",\"name\":\"Konemarket\",\"description\":\"\",\"publisher\":{\"@id\":\"https:\/\/dev.konemarket.saversit.fi\/#organization\"},\"potentialAction\":[{\"@type\":\"SearchAction\",\"target\":{\"@type\":\"EntryPoint\",\"urlTemplate\":\"https:\/\/dev.konemarket.saversit.fi\/?s={search_term_string}\"},\"query-input\":{\"@type\":\"PropertyValueSpecification\",\"valueRequired\":true,\"valueName\":\"search_term_string\"}}],\"inLanguage\":\"sv-SE\"},{\"@type\":\"Organization\",\"@id\":\"https:\/\/dev.konemarket.saversit.fi\/#organization\",\"name\":\"Konemarket\",\"url\":\"https:\/\/dev.konemarket.saversit.fi\/\",\"logo\":{\"@type\":\"ImageObject\",\"inLanguage\":\"sv-SE\",\"@id\":\"https:\/\/dev.konemarket.saversit.fi\/#\/schema\/logo\/image\/\",\"url\":\"https:\/\/konemarket.com\/wp-content\/uploads\/2024\/09\/download__1_-removebg-preview-1.png\",\"contentUrl\":\"https:\/\/konemarket.com\/wp-content\/uploads\/2024\/09\/download__1_-removebg-preview-1.png\",\"width\":378,\"height\":204,\"caption\":\"Konemarket\"},\"image\":{\"@id\":\"https:\/\/dev.konemarket.saversit.fi\/#\/schema\/logo\/image\/\"}}]}<\/script>\n<!-- \/ Yoast SEO plugin. -->","yoast_head_json":{"title":"Kauha Kuokkakauha K\u00e4ytetty 85cm NTP10 - Konemarket","robots":{"index":"index","follow":"follow","max-snippet":"max-snippet:-1","max-image-preview":"max-image-preview:large","max-video-preview":"max-video-preview:-1"},"canonical":"https:\/\/konemarket.com\/sv\/kauppa\/kaytetyt-ja-erikois\/kauha-kuokkakauha-kaytetty-85cm-ntp10\/","og_locale":"sv_SE","og_type":"article","og_title":"Kauha Kuokkakauha K\u00e4ytetty 85cm NTP10 - Konemarket","og_description":"Iso 85-90cm kuokkakauha, hyvill\u00e4 kynsill\u00e4. Sopii 14-20ton. Kunto ihan hyv\u00e4","og_url":"https:\/\/konemarket.com\/sv\/kauppa\/kaytetyt-ja-erikois\/kauha-kuokkakauha-kaytetty-85cm-ntp10\/","og_site_name":"Konemarket","og_image":[{"width":2000,"height":1500,"url":"https:\/\/konemarket.com\/wp-content\/uploads\/2024\/12\/IMG_4533.jpg","type":"image\/jpeg"}],"twitter_card":"summary_large_image","twitter_misc":{"Ber\u00e4knad l\u00e4stid":"1 minut"},"schema":{"@context":"https:\/\/schema.org","@graph":[{"@type":"WebPage","@id":"https:\/\/konemarket.com\/kauppa\/kaytetyt-ja-erikois\/kauha-kuokkakauha-kaytetty-85cm-ntp10\/","url":"https:\/\/konemarket.com\/kauppa\/kaytetyt-ja-erikois\/kauha-kuokkakauha-kaytetty-85cm-ntp10\/","name":"Kauha Kuokkakauha K\u00e4ytetty 85cm NTP10 - Konemarket","isPartOf":{"@id":"https:\/\/dev.konemarket.saversit.fi\/#website"},"primaryImageOfPage":{"@id":"https:\/\/konemarket.com\/kauppa\/kaytetyt-ja-erikois\/kauha-kuokkakauha-kaytetty-85cm-ntp10\/#primaryimage"},"image":{"@id":"https:\/\/konemarket.com\/kauppa\/kaytetyt-ja-erikois\/kauha-kuokkakauha-kaytetty-85cm-ntp10\/#primaryimage"},"thumbnailUrl":"https:\/\/konemarket.com\/wp-content\/uploads\/2024\/12\/IMG_4533.jpg","datePublished":"2024-12-01T17:49:41+00:00","breadcrumb":{"@id":"https:\/\/konemarket.com\/kauppa\/kaytetyt-ja-erikois\/kauha-kuokkakauha-kaytetty-85cm-ntp10\/#breadcrumb"},"inLanguage":"sv-SE","potentialAction":[{"@type":"ReadAction","target":["https:\/\/konemarket.com\/kauppa\/kaytetyt-ja-erikois\/kauha-kuokkakauha-kaytetty-85cm-ntp10\/"]}]},{"@type":"ImageObject","inLanguage":"sv-SE","@id":"https:\/\/konemarket.com\/kauppa\/kaytetyt-ja-erikois\/kauha-kuokkakauha-kaytetty-85cm-ntp10\/#primaryimage","url":"https:\/\/konemarket.com\/wp-content\/uploads\/2024\/12\/IMG_4533.jpg","contentUrl":"https:\/\/konemarket.com\/wp-content\/uploads\/2024\/12\/IMG_4533.jpg","width":2000,"height":1500},{"@type":"BreadcrumbList","@id":"https:\/\/konemarket.com\/kauppa\/kaytetyt-ja-erikois\/kauha-kuokkakauha-kaytetty-85cm-ntp10\/#breadcrumb","itemListElement":[{"@type":"ListItem","position":1,"name":"Home","item":"https:\/\/konemarket.com\/"},{"@type":"ListItem","position":2,"name":"Kauppa","item":"https:\/\/dev.konemarket.saversit.fi\/kauppa\/"},{"@type":"ListItem","position":3,"name":"Kauha Kuokkakauha K\u00e4ytetty 85cm NTP10"}]},{"@type":"WebSite","@id":"https:\/\/dev.konemarket.saversit.fi\/#website","url":"https:\/\/dev.konemarket.saversit.fi\/","name":"Konemarket","description":"","publisher":{"@id":"https:\/\/dev.konemarket.saversit.fi\/#organization"},"potentialAction":[{"@type":"SearchAction","target":{"@type":"EntryPoint","urlTemplate":"https:\/\/dev.konemarket.saversit.fi\/?s={search_term_string}"},"query-input":{"@type":"PropertyValueSpecification","valueRequired":true,"valueName":"search_term_string"}}],"inLanguage":"sv-SE"},{"@type":"Organization","@id":"https:\/\/dev.konemarket.saversit.fi\/#organization","name":"Konemarket","url":"https:\/\/dev.konemarket.saversit.fi\/","logo":{"@type":"ImageObject","inLanguage":"sv-SE","@id":"https:\/\/dev.konemarket.saversit.fi\/#\/schema\/logo\/image\/","url":"https:\/\/konemarket.com\/wp-content\/uploads\/2024\/09\/download__1_-removebg-preview-1.png","contentUrl":"https:\/\/konemarket.com\/wp-content\/uploads\/2024\/09\/download__1_-removebg-preview-1.png","width":378,"height":204,"caption":"Konemarket"},"image":{"@id":"https:\/\/dev.konemarket.saversit.fi\/#\/schema\/logo\/image\/"}}]}},"_links":{"self":[{"href":"https:\/\/konemarket.com\/sv\/wp-json\/wp\/v2\/product\/1642","targetHints":{"allow":["GET"]}}],"collection":[{"href":"https:\/\/konemarket.com\/sv\/wp-json\/wp\/v2\/product"}],"about":[{"href":"https:\/\/konemarket.com\/sv\/wp-json\/wp\/v2\/types\/product"}],"wp:featuredmedia":[{"embeddable":true,"href":"https:\/\/konemarket.com\/sv\/wp-json\/wp\/v2\/media\/1643"}],"wp:attachment":[{"href":"https:\/\/konemarket.com\/sv\/wp-json\/wp\/v2\/media?parent=1642"}],"wp:term":[{"taxonomy":"product_brand","embeddable":true,"href":"https:\/\/konemarket.com\/sv\/wp-json\/wp\/v2\/product_brand?post=1642"},{"taxonomy":"product_cat","embeddable":true,"href":"https:\/\/konemarket.com\/sv\/wp-json\/wp\/v2\/product_cat?post=1642"},{"taxonomy":"product_tag","embeddable":true,"href":"https:\/\/konemarket.com\/sv\/wp-json\/wp\/v2\/product_tag?post=1642"}],"curies":[{"name":"wp","href":"https:\/\/api.w.org\/{rel}","templated":true}]}}