{"id":1745,"date":"2025-01-11T11:25:42","date_gmt":"2025-01-11T11:25:42","guid":{"rendered":"https:\/\/konemarket.com\/?post_type=product&#038;p=1745"},"modified":"2025-06-09T15:09:38","modified_gmt":"2025-06-09T15:09:38","slug":"volvo-ecr50d-2017-propo-pyorittaja","status":"publish","type":"product","link":"https:\/\/konemarket.com\/sv\/kauppa\/kaivinkoneet\/volvo-ecr50d-2017-propo-pyorittaja\/","title":{"rendered":"Volvo ECR50D, 2017 Propo rototilt"},"content":{"rendered":"<p>Supersnygg Volvo<br \/>\nEndast 3170h, \u00e5rm. 2017<br \/>\nBra utrustad<br \/>\nRototilt S40, Propo + Sl\u00e4ntskopa<br \/>\nSKF Sm\u00f6rjare<br \/>\nAC<br \/>\nMotorv\u00e4rmare + inne uttag<br \/>\nBra med ledbelysning<br \/>\nRadio + LA<\/p>","protected":false},"excerpt":{"rendered":"<p><strong>S\u00e5ld!<\/strong><\/p>","protected":false},"featured_media":1747,"template":"","meta":{"_acf_changed":false},"product_brand":[],"product_cat":[24],"product_tag":[],"class_list":{"0":"post-1745","1":"product","2":"type-product","3":"status-publish","4":"has-post-thumbnail","6":"product_cat-kaivinkoneet","8":"first","9":"instock","10":"taxable","11":"shipping-taxable","12":"product-type-simple"},"acf":[],"yoast_head":"<!-- This site is optimized with the Yoast SEO plugin v25.9 - https:\/\/yoast.com\/wordpress\/plugins\/seo\/ -->\n<title>Volvo ECR50D, 2017 Propo py\u00f6ritt\u00e4j\u00e4 - Konemarket<\/title>\n<meta name=\"robots\" content=\"index, follow, max-snippet:-1, max-image-preview:large, max-video-preview:-1\" \/>\n<link rel=\"canonical\" href=\"https:\/\/konemarket.com\/sv\/kauppa\/kaivinkoneet\/volvo-ecr50d-2017-propo-pyorittaja\/\" \/>\n<meta property=\"og:locale\" content=\"sv_SE\" \/>\n<meta property=\"og:type\" content=\"article\" \/>\n<meta property=\"og:title\" content=\"Volvo ECR50D, 2017 Propo py\u00f6ritt\u00e4j\u00e4 - Konemarket\" \/>\n<meta property=\"og:description\" content=\"Myyty!\" \/>\n<meta property=\"og:url\" content=\"https:\/\/konemarket.com\/sv\/kauppa\/kaivinkoneet\/volvo-ecr50d-2017-propo-pyorittaja\/\" \/>\n<meta property=\"og:site_name\" content=\"Konemarket\" \/>\n<meta property=\"article:modified_time\" content=\"2025-06-09T15:09:38+00:00\" \/>\n<meta property=\"og:image\" content=\"https:\/\/konemarket.com\/wp-content\/uploads\/2025\/01\/IMG_4691.jpg\" \/>\n\t<meta property=\"og:image:width\" content=\"2000\" \/>\n\t<meta property=\"og:image:height\" content=\"1500\" \/>\n\t<meta property=\"og:image:type\" content=\"image\/jpeg\" \/>\n<meta name=\"twitter:card\" content=\"summary_large_image\" \/>\n<meta name=\"twitter:label1\" content=\"Ber\u00e4knad l\u00e4stid\" \/>\n\t<meta name=\"twitter:data1\" content=\"1 minut\" \/>\n<script type=\"application\/ld+json\" class=\"yoast-schema-graph\">{\"@context\":\"https:\/\/schema.org\",\"@graph\":[{\"@type\":\"WebPage\",\"@id\":\"https:\/\/konemarket.com\/kauppa\/kaivinkoneet\/volvo-ecr50d-2017-propo-pyorittaja\/\",\"url\":\"https:\/\/konemarket.com\/kauppa\/kaivinkoneet\/volvo-ecr50d-2017-propo-pyorittaja\/\",\"name\":\"Volvo ECR50D, 2017 Propo py\u00f6ritt\u00e4j\u00e4 - Konemarket\",\"isPartOf\":{\"@id\":\"https:\/\/dev.konemarket.saversit.fi\/#website\"},\"primaryImageOfPage\":{\"@id\":\"https:\/\/konemarket.com\/kauppa\/kaivinkoneet\/volvo-ecr50d-2017-propo-pyorittaja\/#primaryimage\"},\"image\":{\"@id\":\"https:\/\/konemarket.com\/kauppa\/kaivinkoneet\/volvo-ecr50d-2017-propo-pyorittaja\/#primaryimage\"},\"thumbnailUrl\":\"https:\/\/konemarket.com\/wp-content\/uploads\/2025\/01\/IMG_4691.jpg\",\"datePublished\":\"2025-01-11T11:25:42+00:00\",\"dateModified\":\"2025-06-09T15:09:38+00:00\",\"breadcrumb\":{\"@id\":\"https:\/\/konemarket.com\/kauppa\/kaivinkoneet\/volvo-ecr50d-2017-propo-pyorittaja\/#breadcrumb\"},\"inLanguage\":\"sv-SE\",\"potentialAction\":[{\"@type\":\"ReadAction\",\"target\":[\"https:\/\/konemarket.com\/kauppa\/kaivinkoneet\/volvo-ecr50d-2017-propo-pyorittaja\/\"]}]},{\"@type\":\"ImageObject\",\"inLanguage\":\"sv-SE\",\"@id\":\"https:\/\/konemarket.com\/kauppa\/kaivinkoneet\/volvo-ecr50d-2017-propo-pyorittaja\/#primaryimage\",\"url\":\"https:\/\/konemarket.com\/wp-content\/uploads\/2025\/01\/IMG_4691.jpg\",\"contentUrl\":\"https:\/\/konemarket.com\/wp-content\/uploads\/2025\/01\/IMG_4691.jpg\",\"width\":2000,\"height\":1500},{\"@type\":\"BreadcrumbList\",\"@id\":\"https:\/\/konemarket.com\/kauppa\/kaivinkoneet\/volvo-ecr50d-2017-propo-pyorittaja\/#breadcrumb\",\"itemListElement\":[{\"@type\":\"ListItem\",\"position\":1,\"name\":\"Home\",\"item\":\"https:\/\/konemarket.com\/\"},{\"@type\":\"ListItem\",\"position\":2,\"name\":\"Kauppa\",\"item\":\"https:\/\/dev.konemarket.saversit.fi\/kauppa\/\"},{\"@type\":\"ListItem\",\"position\":3,\"name\":\"Volvo ECR50D, 2017 Propo py\u00f6ritt\u00e4j\u00e4\"}]},{\"@type\":\"WebSite\",\"@id\":\"https:\/\/dev.konemarket.saversit.fi\/#website\",\"url\":\"https:\/\/dev.konemarket.saversit.fi\/\",\"name\":\"Konemarket\",\"description\":\"\",\"publisher\":{\"@id\":\"https:\/\/dev.konemarket.saversit.fi\/#organization\"},\"potentialAction\":[{\"@type\":\"SearchAction\",\"target\":{\"@type\":\"EntryPoint\",\"urlTemplate\":\"https:\/\/dev.konemarket.saversit.fi\/?s={search_term_string}\"},\"query-input\":{\"@type\":\"PropertyValueSpecification\",\"valueRequired\":true,\"valueName\":\"search_term_string\"}}],\"inLanguage\":\"sv-SE\"},{\"@type\":\"Organization\",\"@id\":\"https:\/\/dev.konemarket.saversit.fi\/#organization\",\"name\":\"Konemarket\",\"url\":\"https:\/\/dev.konemarket.saversit.fi\/\",\"logo\":{\"@type\":\"ImageObject\",\"inLanguage\":\"sv-SE\",\"@id\":\"https:\/\/dev.konemarket.saversit.fi\/#\/schema\/logo\/image\/\",\"url\":\"https:\/\/konemarket.com\/wp-content\/uploads\/2024\/09\/download__1_-removebg-preview-1.png\",\"contentUrl\":\"https:\/\/konemarket.com\/wp-content\/uploads\/2024\/09\/download__1_-removebg-preview-1.png\",\"width\":378,\"height\":204,\"caption\":\"Konemarket\"},\"image\":{\"@id\":\"https:\/\/dev.konemarket.saversit.fi\/#\/schema\/logo\/image\/\"}}]}<\/script>\n<!-- \/ Yoast SEO plugin. -->","yoast_head_json":{"title":"Volvo ECR50D, 2017 Propo py\u00f6ritt\u00e4j\u00e4 - Konemarket","robots":{"index":"index","follow":"follow","max-snippet":"max-snippet:-1","max-image-preview":"max-image-preview:large","max-video-preview":"max-video-preview:-1"},"canonical":"https:\/\/konemarket.com\/sv\/kauppa\/kaivinkoneet\/volvo-ecr50d-2017-propo-pyorittaja\/","og_locale":"sv_SE","og_type":"article","og_title":"Volvo ECR50D, 2017 Propo py\u00f6ritt\u00e4j\u00e4 - Konemarket","og_description":"Myyty!","og_url":"https:\/\/konemarket.com\/sv\/kauppa\/kaivinkoneet\/volvo-ecr50d-2017-propo-pyorittaja\/","og_site_name":"Konemarket","article_modified_time":"2025-06-09T15:09:38+00:00","og_image":[{"width":2000,"height":1500,"url":"https:\/\/konemarket.com\/wp-content\/uploads\/2025\/01\/IMG_4691.jpg","type":"image\/jpeg"}],"twitter_card":"summary_large_image","twitter_misc":{"Ber\u00e4knad l\u00e4stid":"1 minut"},"schema":{"@context":"https:\/\/schema.org","@graph":[{"@type":"WebPage","@id":"https:\/\/konemarket.com\/kauppa\/kaivinkoneet\/volvo-ecr50d-2017-propo-pyorittaja\/","url":"https:\/\/konemarket.com\/kauppa\/kaivinkoneet\/volvo-ecr50d-2017-propo-pyorittaja\/","name":"Volvo ECR50D, 2017 Propo py\u00f6ritt\u00e4j\u00e4 - Konemarket","isPartOf":{"@id":"https:\/\/dev.konemarket.saversit.fi\/#website"},"primaryImageOfPage":{"@id":"https:\/\/konemarket.com\/kauppa\/kaivinkoneet\/volvo-ecr50d-2017-propo-pyorittaja\/#primaryimage"},"image":{"@id":"https:\/\/konemarket.com\/kauppa\/kaivinkoneet\/volvo-ecr50d-2017-propo-pyorittaja\/#primaryimage"},"thumbnailUrl":"https:\/\/konemarket.com\/wp-content\/uploads\/2025\/01\/IMG_4691.jpg","datePublished":"2025-01-11T11:25:42+00:00","dateModified":"2025-06-09T15:09:38+00:00","breadcrumb":{"@id":"https:\/\/konemarket.com\/kauppa\/kaivinkoneet\/volvo-ecr50d-2017-propo-pyorittaja\/#breadcrumb"},"inLanguage":"sv-SE","potentialAction":[{"@type":"ReadAction","target":["https:\/\/konemarket.com\/kauppa\/kaivinkoneet\/volvo-ecr50d-2017-propo-pyorittaja\/"]}]},{"@type":"ImageObject","inLanguage":"sv-SE","@id":"https:\/\/konemarket.com\/kauppa\/kaivinkoneet\/volvo-ecr50d-2017-propo-pyorittaja\/#primaryimage","url":"https:\/\/konemarket.com\/wp-content\/uploads\/2025\/01\/IMG_4691.jpg","contentUrl":"https:\/\/konemarket.com\/wp-content\/uploads\/2025\/01\/IMG_4691.jpg","width":2000,"height":1500},{"@type":"BreadcrumbList","@id":"https:\/\/konemarket.com\/kauppa\/kaivinkoneet\/volvo-ecr50d-2017-propo-pyorittaja\/#breadcrumb","itemListElement":[{"@type":"ListItem","position":1,"name":"Home","item":"https:\/\/konemarket.com\/"},{"@type":"ListItem","position":2,"name":"Kauppa","item":"https:\/\/dev.konemarket.saversit.fi\/kauppa\/"},{"@type":"ListItem","position":3,"name":"Volvo ECR50D, 2017 Propo py\u00f6ritt\u00e4j\u00e4"}]},{"@type":"WebSite","@id":"https:\/\/dev.konemarket.saversit.fi\/#website","url":"https:\/\/dev.konemarket.saversit.fi\/","name":"Konemarket","description":"","publisher":{"@id":"https:\/\/dev.konemarket.saversit.fi\/#organization"},"potentialAction":[{"@type":"SearchAction","target":{"@type":"EntryPoint","urlTemplate":"https:\/\/dev.konemarket.saversit.fi\/?s={search_term_string}"},"query-input":{"@type":"PropertyValueSpecification","valueRequired":true,"valueName":"search_term_string"}}],"inLanguage":"sv-SE"},{"@type":"Organization","@id":"https:\/\/dev.konemarket.saversit.fi\/#organization","name":"Konemarket","url":"https:\/\/dev.konemarket.saversit.fi\/","logo":{"@type":"ImageObject","inLanguage":"sv-SE","@id":"https:\/\/dev.konemarket.saversit.fi\/#\/schema\/logo\/image\/","url":"https:\/\/konemarket.com\/wp-content\/uploads\/2024\/09\/download__1_-removebg-preview-1.png","contentUrl":"https:\/\/konemarket.com\/wp-content\/uploads\/2024\/09\/download__1_-removebg-preview-1.png","width":378,"height":204,"caption":"Konemarket"},"image":{"@id":"https:\/\/dev.konemarket.saversit.fi\/#\/schema\/logo\/image\/"}}]}},"_links":{"self":[{"href":"https:\/\/konemarket.com\/sv\/wp-json\/wp\/v2\/product\/1745","targetHints":{"allow":["GET"]}}],"collection":[{"href":"https:\/\/konemarket.com\/sv\/wp-json\/wp\/v2\/product"}],"about":[{"href":"https:\/\/konemarket.com\/sv\/wp-json\/wp\/v2\/types\/product"}],"wp:featuredmedia":[{"embeddable":true,"href":"https:\/\/konemarket.com\/sv\/wp-json\/wp\/v2\/media\/1747"}],"wp:attachment":[{"href":"https:\/\/konemarket.com\/sv\/wp-json\/wp\/v2\/media?parent=1745"}],"wp:term":[{"taxonomy":"product_brand","embeddable":true,"href":"https:\/\/konemarket.com\/sv\/wp-json\/wp\/v2\/product_brand?post=1745"},{"taxonomy":"product_cat","embeddable":true,"href":"https:\/\/konemarket.com\/sv\/wp-json\/wp\/v2\/product_cat?post=1745"},{"taxonomy":"product_tag","embeddable":true,"href":"https:\/\/konemarket.com\/sv\/wp-json\/wp\/v2\/product_tag?post=1745"}],"curies":[{"name":"wp","href":"https:\/\/api.w.org\/{rel}","templated":true}]}}