{"id":1932,"date":"2025-03-09T16:28:52","date_gmt":"2025-03-09T16:28:52","guid":{"rendered":"https:\/\/konemarket.com\/?post_type=product&#038;p=1932"},"modified":"2025-03-09T16:46:33","modified_gmt":"2025-03-09T16:46:33","slug":"manitou-mrt2145m-2002","status":"publish","type":"product","link":"https:\/\/konemarket.com\/sv\/kauppa\/muut-koneet\/manitou-mrt2145m-2002\/","title":{"rendered":"Manitou MRT2145M, 2002"},"content":{"rendered":"<p class=\"ma0\">Manitou hyv\u00e4ss\u00e4 kunnossa<br \/>\n9968h<br \/>\nYmp\u00e4ripy\u00f6riv\u00e4<br \/>\n21m ulottuvuus yl\u00f6sp\u00e4in<br \/>\nTukijalat<br \/>\nNostoteho 4500kg<br \/>\nTruckgafflar<br \/>\nKori<br \/>\nKauha<br \/>\nEberi<\/p>","protected":false},"excerpt":{"rendered":"<p>Manitou hyv\u00e4ss\u00e4 kunnossa 9968h Ymp\u00e4ripy\u00f6riv\u00e4 21m ulottuvuus yl\u00f6sp\u00e4in Tukijalat Nostoteho 4500kg Trukkipiikit Kori Kauha Eberi<\/p>","protected":false},"featured_media":1941,"template":"","meta":{"_acf_changed":false},"product_brand":[],"product_cat":[27],"product_tag":[],"class_list":{"0":"post-1932","1":"product","2":"type-product","3":"status-publish","4":"has-post-thumbnail","6":"product_cat-muut-koneet","8":"first","9":"instock","10":"taxable","11":"shipping-taxable","12":"purchasable","13":"product-type-simple"},"acf":[],"yoast_head":"<!-- This site is optimized with the Yoast SEO plugin v25.9 - https:\/\/yoast.com\/wordpress\/plugins\/seo\/ -->\n<title>Manitou MRT2145M, 2002 - Konemarket<\/title>\n<meta name=\"robots\" content=\"index, follow, max-snippet:-1, max-image-preview:large, max-video-preview:-1\" \/>\n<link rel=\"canonical\" href=\"https:\/\/konemarket.com\/sv\/kauppa\/muut-koneet\/manitou-mrt2145m-2002\/\" \/>\n<meta property=\"og:locale\" content=\"sv_SE\" \/>\n<meta property=\"og:type\" content=\"article\" \/>\n<meta property=\"og:title\" content=\"Manitou MRT2145M, 2002 - Konemarket\" \/>\n<meta property=\"og:description\" content=\"Manitou hyv\u00e4ss\u00e4 kunnossa 9968h Ymp\u00e4ripy\u00f6riv\u00e4 21m ulottuvuus yl\u00f6sp\u00e4in Tukijalat Nostoteho 4500kg Trukkipiikit Kori Kauha Eberi\" \/>\n<meta property=\"og:url\" content=\"https:\/\/konemarket.com\/sv\/kauppa\/muut-koneet\/manitou-mrt2145m-2002\/\" \/>\n<meta property=\"og:site_name\" content=\"Konemarket\" \/>\n<meta property=\"article:modified_time\" content=\"2025-03-09T16:46:33+00:00\" \/>\n<meta property=\"og:image\" content=\"https:\/\/konemarket.com\/wp-content\/uploads\/2025\/03\/IMG_4553-scaled.jpeg\" \/>\n\t<meta property=\"og:image:width\" content=\"2560\" \/>\n\t<meta property=\"og:image:height\" content=\"1920\" \/>\n\t<meta property=\"og:image:type\" content=\"image\/jpeg\" \/>\n<meta name=\"twitter:card\" content=\"summary_large_image\" \/>\n<meta name=\"twitter:label1\" content=\"Ber\u00e4knad l\u00e4stid\" \/>\n\t<meta name=\"twitter:data1\" content=\"1 minut\" \/>\n<script type=\"application\/ld+json\" class=\"yoast-schema-graph\">{\"@context\":\"https:\/\/schema.org\",\"@graph\":[{\"@type\":\"WebPage\",\"@id\":\"https:\/\/konemarket.com\/kauppa\/muut-koneet\/manitou-mrt2145m-2002\/\",\"url\":\"https:\/\/konemarket.com\/kauppa\/muut-koneet\/manitou-mrt2145m-2002\/\",\"name\":\"Manitou MRT2145M, 2002 - Konemarket\",\"isPartOf\":{\"@id\":\"https:\/\/dev.konemarket.saversit.fi\/#website\"},\"primaryImageOfPage\":{\"@id\":\"https:\/\/konemarket.com\/kauppa\/muut-koneet\/manitou-mrt2145m-2002\/#primaryimage\"},\"image\":{\"@id\":\"https:\/\/konemarket.com\/kauppa\/muut-koneet\/manitou-mrt2145m-2002\/#primaryimage\"},\"thumbnailUrl\":\"https:\/\/konemarket.com\/wp-content\/uploads\/2025\/03\/IMG_4553-scaled.jpeg\",\"datePublished\":\"2025-03-09T16:28:52+00:00\",\"dateModified\":\"2025-03-09T16:46:33+00:00\",\"breadcrumb\":{\"@id\":\"https:\/\/konemarket.com\/kauppa\/muut-koneet\/manitou-mrt2145m-2002\/#breadcrumb\"},\"inLanguage\":\"sv-SE\",\"potentialAction\":[{\"@type\":\"ReadAction\",\"target\":[\"https:\/\/konemarket.com\/kauppa\/muut-koneet\/manitou-mrt2145m-2002\/\"]}]},{\"@type\":\"ImageObject\",\"inLanguage\":\"sv-SE\",\"@id\":\"https:\/\/konemarket.com\/kauppa\/muut-koneet\/manitou-mrt2145m-2002\/#primaryimage\",\"url\":\"https:\/\/konemarket.com\/wp-content\/uploads\/2025\/03\/IMG_4553-scaled.jpeg\",\"contentUrl\":\"https:\/\/konemarket.com\/wp-content\/uploads\/2025\/03\/IMG_4553-scaled.jpeg\",\"width\":2560,\"height\":1920},{\"@type\":\"BreadcrumbList\",\"@id\":\"https:\/\/konemarket.com\/kauppa\/muut-koneet\/manitou-mrt2145m-2002\/#breadcrumb\",\"itemListElement\":[{\"@type\":\"ListItem\",\"position\":1,\"name\":\"Home\",\"item\":\"https:\/\/konemarket.com\/\"},{\"@type\":\"ListItem\",\"position\":2,\"name\":\"Kauppa\",\"item\":\"https:\/\/dev.konemarket.saversit.fi\/kauppa\/\"},{\"@type\":\"ListItem\",\"position\":3,\"name\":\"Manitou MRT2145M, 2002\"}]},{\"@type\":\"WebSite\",\"@id\":\"https:\/\/dev.konemarket.saversit.fi\/#website\",\"url\":\"https:\/\/dev.konemarket.saversit.fi\/\",\"name\":\"Konemarket\",\"description\":\"\",\"publisher\":{\"@id\":\"https:\/\/dev.konemarket.saversit.fi\/#organization\"},\"potentialAction\":[{\"@type\":\"SearchAction\",\"target\":{\"@type\":\"EntryPoint\",\"urlTemplate\":\"https:\/\/dev.konemarket.saversit.fi\/?s={search_term_string}\"},\"query-input\":{\"@type\":\"PropertyValueSpecification\",\"valueRequired\":true,\"valueName\":\"search_term_string\"}}],\"inLanguage\":\"sv-SE\"},{\"@type\":\"Organization\",\"@id\":\"https:\/\/dev.konemarket.saversit.fi\/#organization\",\"name\":\"Konemarket\",\"url\":\"https:\/\/dev.konemarket.saversit.fi\/\",\"logo\":{\"@type\":\"ImageObject\",\"inLanguage\":\"sv-SE\",\"@id\":\"https:\/\/dev.konemarket.saversit.fi\/#\/schema\/logo\/image\/\",\"url\":\"https:\/\/konemarket.com\/wp-content\/uploads\/2024\/09\/download__1_-removebg-preview-1.png\",\"contentUrl\":\"https:\/\/konemarket.com\/wp-content\/uploads\/2024\/09\/download__1_-removebg-preview-1.png\",\"width\":378,\"height\":204,\"caption\":\"Konemarket\"},\"image\":{\"@id\":\"https:\/\/dev.konemarket.saversit.fi\/#\/schema\/logo\/image\/\"}}]}<\/script>\n<!-- \/ Yoast SEO plugin. -->","yoast_head_json":{"title":"Manitou MRT2145M, 2002 - Konemarket","robots":{"index":"index","follow":"follow","max-snippet":"max-snippet:-1","max-image-preview":"max-image-preview:large","max-video-preview":"max-video-preview:-1"},"canonical":"https:\/\/konemarket.com\/sv\/kauppa\/muut-koneet\/manitou-mrt2145m-2002\/","og_locale":"sv_SE","og_type":"article","og_title":"Manitou MRT2145M, 2002 - Konemarket","og_description":"Manitou hyv\u00e4ss\u00e4 kunnossa 9968h Ymp\u00e4ripy\u00f6riv\u00e4 21m ulottuvuus yl\u00f6sp\u00e4in Tukijalat Nostoteho 4500kg Trukkipiikit Kori Kauha Eberi","og_url":"https:\/\/konemarket.com\/sv\/kauppa\/muut-koneet\/manitou-mrt2145m-2002\/","og_site_name":"Konemarket","article_modified_time":"2025-03-09T16:46:33+00:00","og_image":[{"width":2560,"height":1920,"url":"https:\/\/konemarket.com\/wp-content\/uploads\/2025\/03\/IMG_4553-scaled.jpeg","type":"image\/jpeg"}],"twitter_card":"summary_large_image","twitter_misc":{"Ber\u00e4knad l\u00e4stid":"1 minut"},"schema":{"@context":"https:\/\/schema.org","@graph":[{"@type":"WebPage","@id":"https:\/\/konemarket.com\/kauppa\/muut-koneet\/manitou-mrt2145m-2002\/","url":"https:\/\/konemarket.com\/kauppa\/muut-koneet\/manitou-mrt2145m-2002\/","name":"Manitou MRT2145M, 2002 - Konemarket","isPartOf":{"@id":"https:\/\/dev.konemarket.saversit.fi\/#website"},"primaryImageOfPage":{"@id":"https:\/\/konemarket.com\/kauppa\/muut-koneet\/manitou-mrt2145m-2002\/#primaryimage"},"image":{"@id":"https:\/\/konemarket.com\/kauppa\/muut-koneet\/manitou-mrt2145m-2002\/#primaryimage"},"thumbnailUrl":"https:\/\/konemarket.com\/wp-content\/uploads\/2025\/03\/IMG_4553-scaled.jpeg","datePublished":"2025-03-09T16:28:52+00:00","dateModified":"2025-03-09T16:46:33+00:00","breadcrumb":{"@id":"https:\/\/konemarket.com\/kauppa\/muut-koneet\/manitou-mrt2145m-2002\/#breadcrumb"},"inLanguage":"sv-SE","potentialAction":[{"@type":"ReadAction","target":["https:\/\/konemarket.com\/kauppa\/muut-koneet\/manitou-mrt2145m-2002\/"]}]},{"@type":"ImageObject","inLanguage":"sv-SE","@id":"https:\/\/konemarket.com\/kauppa\/muut-koneet\/manitou-mrt2145m-2002\/#primaryimage","url":"https:\/\/konemarket.com\/wp-content\/uploads\/2025\/03\/IMG_4553-scaled.jpeg","contentUrl":"https:\/\/konemarket.com\/wp-content\/uploads\/2025\/03\/IMG_4553-scaled.jpeg","width":2560,"height":1920},{"@type":"BreadcrumbList","@id":"https:\/\/konemarket.com\/kauppa\/muut-koneet\/manitou-mrt2145m-2002\/#breadcrumb","itemListElement":[{"@type":"ListItem","position":1,"name":"Home","item":"https:\/\/konemarket.com\/"},{"@type":"ListItem","position":2,"name":"Kauppa","item":"https:\/\/dev.konemarket.saversit.fi\/kauppa\/"},{"@type":"ListItem","position":3,"name":"Manitou MRT2145M, 2002"}]},{"@type":"WebSite","@id":"https:\/\/dev.konemarket.saversit.fi\/#website","url":"https:\/\/dev.konemarket.saversit.fi\/","name":"Konemarket","description":"","publisher":{"@id":"https:\/\/dev.konemarket.saversit.fi\/#organization"},"potentialAction":[{"@type":"SearchAction","target":{"@type":"EntryPoint","urlTemplate":"https:\/\/dev.konemarket.saversit.fi\/?s={search_term_string}"},"query-input":{"@type":"PropertyValueSpecification","valueRequired":true,"valueName":"search_term_string"}}],"inLanguage":"sv-SE"},{"@type":"Organization","@id":"https:\/\/dev.konemarket.saversit.fi\/#organization","name":"Konemarket","url":"https:\/\/dev.konemarket.saversit.fi\/","logo":{"@type":"ImageObject","inLanguage":"sv-SE","@id":"https:\/\/dev.konemarket.saversit.fi\/#\/schema\/logo\/image\/","url":"https:\/\/konemarket.com\/wp-content\/uploads\/2024\/09\/download__1_-removebg-preview-1.png","contentUrl":"https:\/\/konemarket.com\/wp-content\/uploads\/2024\/09\/download__1_-removebg-preview-1.png","width":378,"height":204,"caption":"Konemarket"},"image":{"@id":"https:\/\/dev.konemarket.saversit.fi\/#\/schema\/logo\/image\/"}}]}},"_links":{"self":[{"href":"https:\/\/konemarket.com\/sv\/wp-json\/wp\/v2\/product\/1932","targetHints":{"allow":["GET"]}}],"collection":[{"href":"https:\/\/konemarket.com\/sv\/wp-json\/wp\/v2\/product"}],"about":[{"href":"https:\/\/konemarket.com\/sv\/wp-json\/wp\/v2\/types\/product"}],"wp:featuredmedia":[{"embeddable":true,"href":"https:\/\/konemarket.com\/sv\/wp-json\/wp\/v2\/media\/1941"}],"wp:attachment":[{"href":"https:\/\/konemarket.com\/sv\/wp-json\/wp\/v2\/media?parent=1932"}],"wp:term":[{"taxonomy":"product_brand","embeddable":true,"href":"https:\/\/konemarket.com\/sv\/wp-json\/wp\/v2\/product_brand?post=1932"},{"taxonomy":"product_cat","embeddable":true,"href":"https:\/\/konemarket.com\/sv\/wp-json\/wp\/v2\/product_cat?post=1932"},{"taxonomy":"product_tag","embeddable":true,"href":"https:\/\/konemarket.com\/sv\/wp-json\/wp\/v2\/product_tag?post=1932"}],"curies":[{"name":"wp","href":"https:\/\/api.w.org\/{rel}","templated":true}]}}