{"id":2157,"date":"2025-06-06T18:14:11","date_gmt":"2025-06-06T18:14:11","guid":{"rendered":"https:\/\/konemarket.com\/?post_type=product&#038;p=2157"},"modified":"2025-06-13T11:37:02","modified_gmt":"2025-06-13T11:37:02","slug":"hitachi-zx-3us-tuulilasi-ylempi-reika","status":"publish","type":"product","link":"https:\/\/konemarket.com\/sv\/kauppa\/varaosat\/ohjaamonlasit\/ohjaamonlasit-hitachi\/hitachi-zx-3us-tuulilasi-ylempi-reika\/","title":{"rendered":"Hitachi ZX-3us Vindruta \u00f6vre med h\u00e5l"},"content":{"rendered":"<p>Vindruta \u00f6vre med h\u00e5l f\u00f6r vindrutetorkare<\/p>\n<p>P\u00e5 Bilden del 2<\/p>\n<p>Hitachi ZX85us-3<\/p>\n<p>Hitachi ZX135us-3<\/p>\n<p>Hitachi ZX225us-3<\/p>\n<p>Hitachi ZX225usrlc-3<\/p>","protected":false},"excerpt":{"rendered":"<p>Etu yl\u00e4lasi pyyhkimen reij\u00e4ll\u00e4 Kuvassa osa 2 Hitachi ZX85us-3 Hitachi ZX135us-3 Hitachi ZX225us-3 Hitachi ZX225usrlc-3<\/p>","protected":false},"featured_media":2155,"template":"","meta":{"_acf_changed":false},"product_brand":[],"product_cat":[67,66],"product_tag":[],"class_list":{"0":"post-2157","1":"product","2":"type-product","3":"status-publish","4":"has-post-thumbnail","6":"product_cat-ohjaamonlasit-hitachi","7":"product_cat-ohjaamonlasit","9":"first","10":"instock","11":"taxable","12":"shipping-taxable","13":"purchasable","14":"product-type-simple"},"acf":[],"yoast_head":"<!-- This site is optimized with the Yoast SEO plugin v25.9 - https:\/\/yoast.com\/wordpress\/plugins\/seo\/ -->\n<title>Hitachi ZX-3us Tuulilasi ylempi reik\u00e4 - Konemarket<\/title>\n<meta name=\"robots\" content=\"index, follow, max-snippet:-1, max-image-preview:large, max-video-preview:-1\" \/>\n<link rel=\"canonical\" href=\"https:\/\/konemarket.com\/sv\/kauppa\/varaosat\/ohjaamonlasit\/ohjaamonlasit-hitachi\/hitachi-zx-3us-tuulilasi-ylempi-reika\/\" \/>\n<meta property=\"og:locale\" content=\"sv_SE\" \/>\n<meta property=\"og:type\" content=\"article\" \/>\n<meta property=\"og:title\" content=\"Hitachi ZX-3us Tuulilasi ylempi reik\u00e4 - Konemarket\" \/>\n<meta property=\"og:description\" content=\"Etu yl\u00e4lasi pyyhkimen reij\u00e4ll\u00e4 Kuvassa osa 2 Hitachi ZX85us-3 Hitachi ZX135us-3 Hitachi ZX225us-3 Hitachi ZX225usrlc-3\" \/>\n<meta property=\"og:url\" content=\"https:\/\/konemarket.com\/sv\/kauppa\/varaosat\/ohjaamonlasit\/ohjaamonlasit-hitachi\/hitachi-zx-3us-tuulilasi-ylempi-reika\/\" \/>\n<meta property=\"og:site_name\" content=\"Konemarket\" \/>\n<meta property=\"article:modified_time\" content=\"2025-06-13T11:37:02+00:00\" \/>\n<meta property=\"og:image\" content=\"https:\/\/konemarket.com\/wp-content\/uploads\/2025\/06\/cab_glass-300x196-1.jpg\" \/>\n\t<meta property=\"og:image:width\" content=\"300\" \/>\n\t<meta property=\"og:image:height\" content=\"196\" \/>\n\t<meta property=\"og:image:type\" content=\"image\/jpeg\" \/>\n<meta name=\"twitter:card\" content=\"summary_large_image\" \/>\n<meta name=\"twitter:label1\" content=\"Ber\u00e4knad l\u00e4stid\" \/>\n\t<meta name=\"twitter:data1\" content=\"1 minut\" \/>\n<script type=\"application\/ld+json\" class=\"yoast-schema-graph\">{\"@context\":\"https:\/\/schema.org\",\"@graph\":[{\"@type\":\"WebPage\",\"@id\":\"https:\/\/konemarket.com\/kauppa\/varaosat\/ohjaamonlasit\/ohjaamonlasit-hitachi\/hitachi-zx-3us-tuulilasi-ylempi-reika\/\",\"url\":\"https:\/\/konemarket.com\/kauppa\/varaosat\/ohjaamonlasit\/ohjaamonlasit-hitachi\/hitachi-zx-3us-tuulilasi-ylempi-reika\/\",\"name\":\"Hitachi ZX-3us Tuulilasi ylempi reik\u00e4 - Konemarket\",\"isPartOf\":{\"@id\":\"https:\/\/dev.konemarket.saversit.fi\/#website\"},\"primaryImageOfPage\":{\"@id\":\"https:\/\/konemarket.com\/kauppa\/varaosat\/ohjaamonlasit\/ohjaamonlasit-hitachi\/hitachi-zx-3us-tuulilasi-ylempi-reika\/#primaryimage\"},\"image\":{\"@id\":\"https:\/\/konemarket.com\/kauppa\/varaosat\/ohjaamonlasit\/ohjaamonlasit-hitachi\/hitachi-zx-3us-tuulilasi-ylempi-reika\/#primaryimage\"},\"thumbnailUrl\":\"https:\/\/konemarket.com\/wp-content\/uploads\/2025\/06\/cab_glass-300x196-1.jpg\",\"datePublished\":\"2025-06-06T18:14:11+00:00\",\"dateModified\":\"2025-06-13T11:37:02+00:00\",\"breadcrumb\":{\"@id\":\"https:\/\/konemarket.com\/kauppa\/varaosat\/ohjaamonlasit\/ohjaamonlasit-hitachi\/hitachi-zx-3us-tuulilasi-ylempi-reika\/#breadcrumb\"},\"inLanguage\":\"sv-SE\",\"potentialAction\":[{\"@type\":\"ReadAction\",\"target\":[\"https:\/\/konemarket.com\/kauppa\/varaosat\/ohjaamonlasit\/ohjaamonlasit-hitachi\/hitachi-zx-3us-tuulilasi-ylempi-reika\/\"]}]},{\"@type\":\"ImageObject\",\"inLanguage\":\"sv-SE\",\"@id\":\"https:\/\/konemarket.com\/kauppa\/varaosat\/ohjaamonlasit\/ohjaamonlasit-hitachi\/hitachi-zx-3us-tuulilasi-ylempi-reika\/#primaryimage\",\"url\":\"https:\/\/konemarket.com\/wp-content\/uploads\/2025\/06\/cab_glass-300x196-1.jpg\",\"contentUrl\":\"https:\/\/konemarket.com\/wp-content\/uploads\/2025\/06\/cab_glass-300x196-1.jpg\",\"width\":300,\"height\":196},{\"@type\":\"BreadcrumbList\",\"@id\":\"https:\/\/konemarket.com\/kauppa\/varaosat\/ohjaamonlasit\/ohjaamonlasit-hitachi\/hitachi-zx-3us-tuulilasi-ylempi-reika\/#breadcrumb\",\"itemListElement\":[{\"@type\":\"ListItem\",\"position\":1,\"name\":\"Home\",\"item\":\"https:\/\/konemarket.com\/\"},{\"@type\":\"ListItem\",\"position\":2,\"name\":\"Kauppa\",\"item\":\"https:\/\/dev.konemarket.saversit.fi\/kauppa\/\"},{\"@type\":\"ListItem\",\"position\":3,\"name\":\"Hitachi ZX-3us Tuulilasi ylempi reik\u00e4\"}]},{\"@type\":\"WebSite\",\"@id\":\"https:\/\/dev.konemarket.saversit.fi\/#website\",\"url\":\"https:\/\/dev.konemarket.saversit.fi\/\",\"name\":\"Konemarket\",\"description\":\"\",\"publisher\":{\"@id\":\"https:\/\/dev.konemarket.saversit.fi\/#organization\"},\"potentialAction\":[{\"@type\":\"SearchAction\",\"target\":{\"@type\":\"EntryPoint\",\"urlTemplate\":\"https:\/\/dev.konemarket.saversit.fi\/?s={search_term_string}\"},\"query-input\":{\"@type\":\"PropertyValueSpecification\",\"valueRequired\":true,\"valueName\":\"search_term_string\"}}],\"inLanguage\":\"sv-SE\"},{\"@type\":\"Organization\",\"@id\":\"https:\/\/dev.konemarket.saversit.fi\/#organization\",\"name\":\"Konemarket\",\"url\":\"https:\/\/dev.konemarket.saversit.fi\/\",\"logo\":{\"@type\":\"ImageObject\",\"inLanguage\":\"sv-SE\",\"@id\":\"https:\/\/dev.konemarket.saversit.fi\/#\/schema\/logo\/image\/\",\"url\":\"https:\/\/konemarket.com\/wp-content\/uploads\/2024\/09\/download__1_-removebg-preview-1.png\",\"contentUrl\":\"https:\/\/konemarket.com\/wp-content\/uploads\/2024\/09\/download__1_-removebg-preview-1.png\",\"width\":378,\"height\":204,\"caption\":\"Konemarket\"},\"image\":{\"@id\":\"https:\/\/dev.konemarket.saversit.fi\/#\/schema\/logo\/image\/\"}}]}<\/script>\n<!-- \/ Yoast SEO plugin. -->","yoast_head_json":{"title":"Hitachi ZX-3us Tuulilasi ylempi reik\u00e4 - Konemarket","robots":{"index":"index","follow":"follow","max-snippet":"max-snippet:-1","max-image-preview":"max-image-preview:large","max-video-preview":"max-video-preview:-1"},"canonical":"https:\/\/konemarket.com\/sv\/kauppa\/varaosat\/ohjaamonlasit\/ohjaamonlasit-hitachi\/hitachi-zx-3us-tuulilasi-ylempi-reika\/","og_locale":"sv_SE","og_type":"article","og_title":"Hitachi ZX-3us Tuulilasi ylempi reik\u00e4 - Konemarket","og_description":"Etu yl\u00e4lasi pyyhkimen reij\u00e4ll\u00e4 Kuvassa osa 2 Hitachi ZX85us-3 Hitachi ZX135us-3 Hitachi ZX225us-3 Hitachi ZX225usrlc-3","og_url":"https:\/\/konemarket.com\/sv\/kauppa\/varaosat\/ohjaamonlasit\/ohjaamonlasit-hitachi\/hitachi-zx-3us-tuulilasi-ylempi-reika\/","og_site_name":"Konemarket","article_modified_time":"2025-06-13T11:37:02+00:00","og_image":[{"width":300,"height":196,"url":"https:\/\/konemarket.com\/wp-content\/uploads\/2025\/06\/cab_glass-300x196-1.jpg","type":"image\/jpeg"}],"twitter_card":"summary_large_image","twitter_misc":{"Ber\u00e4knad l\u00e4stid":"1 minut"},"schema":{"@context":"https:\/\/schema.org","@graph":[{"@type":"WebPage","@id":"https:\/\/konemarket.com\/kauppa\/varaosat\/ohjaamonlasit\/ohjaamonlasit-hitachi\/hitachi-zx-3us-tuulilasi-ylempi-reika\/","url":"https:\/\/konemarket.com\/kauppa\/varaosat\/ohjaamonlasit\/ohjaamonlasit-hitachi\/hitachi-zx-3us-tuulilasi-ylempi-reika\/","name":"Hitachi ZX-3us Tuulilasi ylempi reik\u00e4 - Konemarket","isPartOf":{"@id":"https:\/\/dev.konemarket.saversit.fi\/#website"},"primaryImageOfPage":{"@id":"https:\/\/konemarket.com\/kauppa\/varaosat\/ohjaamonlasit\/ohjaamonlasit-hitachi\/hitachi-zx-3us-tuulilasi-ylempi-reika\/#primaryimage"},"image":{"@id":"https:\/\/konemarket.com\/kauppa\/varaosat\/ohjaamonlasit\/ohjaamonlasit-hitachi\/hitachi-zx-3us-tuulilasi-ylempi-reika\/#primaryimage"},"thumbnailUrl":"https:\/\/konemarket.com\/wp-content\/uploads\/2025\/06\/cab_glass-300x196-1.jpg","datePublished":"2025-06-06T18:14:11+00:00","dateModified":"2025-06-13T11:37:02+00:00","breadcrumb":{"@id":"https:\/\/konemarket.com\/kauppa\/varaosat\/ohjaamonlasit\/ohjaamonlasit-hitachi\/hitachi-zx-3us-tuulilasi-ylempi-reika\/#breadcrumb"},"inLanguage":"sv-SE","potentialAction":[{"@type":"ReadAction","target":["https:\/\/konemarket.com\/kauppa\/varaosat\/ohjaamonlasit\/ohjaamonlasit-hitachi\/hitachi-zx-3us-tuulilasi-ylempi-reika\/"]}]},{"@type":"ImageObject","inLanguage":"sv-SE","@id":"https:\/\/konemarket.com\/kauppa\/varaosat\/ohjaamonlasit\/ohjaamonlasit-hitachi\/hitachi-zx-3us-tuulilasi-ylempi-reika\/#primaryimage","url":"https:\/\/konemarket.com\/wp-content\/uploads\/2025\/06\/cab_glass-300x196-1.jpg","contentUrl":"https:\/\/konemarket.com\/wp-content\/uploads\/2025\/06\/cab_glass-300x196-1.jpg","width":300,"height":196},{"@type":"BreadcrumbList","@id":"https:\/\/konemarket.com\/kauppa\/varaosat\/ohjaamonlasit\/ohjaamonlasit-hitachi\/hitachi-zx-3us-tuulilasi-ylempi-reika\/#breadcrumb","itemListElement":[{"@type":"ListItem","position":1,"name":"Home","item":"https:\/\/konemarket.com\/"},{"@type":"ListItem","position":2,"name":"Kauppa","item":"https:\/\/dev.konemarket.saversit.fi\/kauppa\/"},{"@type":"ListItem","position":3,"name":"Hitachi ZX-3us Tuulilasi ylempi reik\u00e4"}]},{"@type":"WebSite","@id":"https:\/\/dev.konemarket.saversit.fi\/#website","url":"https:\/\/dev.konemarket.saversit.fi\/","name":"Konemarket","description":"","publisher":{"@id":"https:\/\/dev.konemarket.saversit.fi\/#organization"},"potentialAction":[{"@type":"SearchAction","target":{"@type":"EntryPoint","urlTemplate":"https:\/\/dev.konemarket.saversit.fi\/?s={search_term_string}"},"query-input":{"@type":"PropertyValueSpecification","valueRequired":true,"valueName":"search_term_string"}}],"inLanguage":"sv-SE"},{"@type":"Organization","@id":"https:\/\/dev.konemarket.saversit.fi\/#organization","name":"Konemarket","url":"https:\/\/dev.konemarket.saversit.fi\/","logo":{"@type":"ImageObject","inLanguage":"sv-SE","@id":"https:\/\/dev.konemarket.saversit.fi\/#\/schema\/logo\/image\/","url":"https:\/\/konemarket.com\/wp-content\/uploads\/2024\/09\/download__1_-removebg-preview-1.png","contentUrl":"https:\/\/konemarket.com\/wp-content\/uploads\/2024\/09\/download__1_-removebg-preview-1.png","width":378,"height":204,"caption":"Konemarket"},"image":{"@id":"https:\/\/dev.konemarket.saversit.fi\/#\/schema\/logo\/image\/"}}]}},"_links":{"self":[{"href":"https:\/\/konemarket.com\/sv\/wp-json\/wp\/v2\/product\/2157","targetHints":{"allow":["GET"]}}],"collection":[{"href":"https:\/\/konemarket.com\/sv\/wp-json\/wp\/v2\/product"}],"about":[{"href":"https:\/\/konemarket.com\/sv\/wp-json\/wp\/v2\/types\/product"}],"wp:featuredmedia":[{"embeddable":true,"href":"https:\/\/konemarket.com\/sv\/wp-json\/wp\/v2\/media\/2155"}],"wp:attachment":[{"href":"https:\/\/konemarket.com\/sv\/wp-json\/wp\/v2\/media?parent=2157"}],"wp:term":[{"taxonomy":"product_brand","embeddable":true,"href":"https:\/\/konemarket.com\/sv\/wp-json\/wp\/v2\/product_brand?post=2157"},{"taxonomy":"product_cat","embeddable":true,"href":"https:\/\/konemarket.com\/sv\/wp-json\/wp\/v2\/product_cat?post=2157"},{"taxonomy":"product_tag","embeddable":true,"href":"https:\/\/konemarket.com\/sv\/wp-json\/wp\/v2\/product_tag?post=2157"}],"curies":[{"name":"wp","href":"https:\/\/api.w.org\/{rel}","templated":true}]}}