{"id":2183,"date":"2025-06-13T12:13:43","date_gmt":"2025-06-13T12:13:43","guid":{"rendered":"https:\/\/konemarket.com\/?post_type=product&#038;p=2183"},"modified":"2025-06-13T12:13:43","modified_gmt":"2025-06-13T12:13:43","slug":"volvo-pyorakuormaaja-b-ja-c-tuulilasi","status":"publish","type":"product","link":"https:\/\/konemarket.com\/sv\/kauppa\/varaosat\/ohjaamonlasit\/ohjaamonlasit-volvo\/volvo-pyorakuormaaja-b-ja-c-tuulilasi\/","title":{"rendered":"Volvo Py\u00f6r\u00e4kuormaaja B ja C Tuulilasi"},"content":{"rendered":"<p>Volvo B ja C Py\u00f6r\u00e4kuormaajan tuulilasi<\/p>\n<p>Vihre\u00e4, Laminoitu<\/p>\n<p>&nbsp;<\/p>\n<p>Volvo 1993-1995: L50B, L70B, L90B, L120B<\/p>\n<p>Volvo L 1987-1992: L50C, L70C, L90C, L120C, L150C, L180C<\/p>","protected":false},"excerpt":{"rendered":"<p>Volvo B ja C Py\u00f6r\u00e4kuormaajan tuulilasi Vihre\u00e4, Laminoitu &nbsp; Volvo 1993-1995: L50B, L70B, L90B, L120B Volvo L 1987-1992: L50C, L70C, L90C, L120C, L150C, L180C<\/p>","protected":false},"featured_media":2184,"template":"","meta":{"_acf_changed":false},"product_brand":[],"product_cat":[66,69],"product_tag":[],"class_list":{"0":"post-2183","1":"product","2":"type-product","3":"status-publish","4":"has-post-thumbnail","6":"product_cat-ohjaamonlasit","7":"product_cat-ohjaamonlasit-volvo","9":"first","10":"instock","11":"taxable","12":"shipping-taxable","13":"purchasable","14":"product-type-simple"},"acf":[],"yoast_head":"<!-- This site is optimized with the Yoast SEO plugin v25.9 - https:\/\/yoast.com\/wordpress\/plugins\/seo\/ -->\n<title>Volvo Py\u00f6r\u00e4kuormaaja B ja C Tuulilasi - Konemarket<\/title>\n<meta name=\"robots\" content=\"index, follow, max-snippet:-1, max-image-preview:large, max-video-preview:-1\" \/>\n<link rel=\"canonical\" href=\"https:\/\/konemarket.com\/sv\/kauppa\/varaosat\/ohjaamonlasit\/ohjaamonlasit-volvo\/volvo-pyorakuormaaja-b-ja-c-tuulilasi\/\" \/>\n<meta property=\"og:locale\" content=\"sv_SE\" \/>\n<meta property=\"og:type\" content=\"article\" \/>\n<meta property=\"og:title\" content=\"Volvo Py\u00f6r\u00e4kuormaaja B ja C Tuulilasi - Konemarket\" \/>\n<meta property=\"og:description\" content=\"Volvo B ja C Py\u00f6r\u00e4kuormaajan tuulilasi Vihre\u00e4, Laminoitu &nbsp; Volvo 1993-1995: L50B, L70B, L90B, L120B Volvo L 1987-1992: L50C, L70C, L90C, L120C, L150C, L180C\" \/>\n<meta property=\"og:url\" content=\"https:\/\/konemarket.com\/sv\/kauppa\/varaosat\/ohjaamonlasit\/ohjaamonlasit-volvo\/volvo-pyorakuormaaja-b-ja-c-tuulilasi\/\" \/>\n<meta property=\"og:site_name\" content=\"Konemarket\" \/>\n<meta property=\"og:image\" content=\"https:\/\/konemarket.com\/wp-content\/uploads\/2025\/06\/volvo_L_B_C_front.jpg\" \/>\n\t<meta property=\"og:image:width\" content=\"1177\" \/>\n\t<meta property=\"og:image:height\" content=\"911\" \/>\n\t<meta property=\"og:image:type\" content=\"image\/jpeg\" \/>\n<meta name=\"twitter:card\" content=\"summary_large_image\" \/>\n<meta name=\"twitter:label1\" content=\"Ber\u00e4knad l\u00e4stid\" \/>\n\t<meta name=\"twitter:data1\" content=\"1 minut\" \/>\n<script type=\"application\/ld+json\" class=\"yoast-schema-graph\">{\"@context\":\"https:\/\/schema.org\",\"@graph\":[{\"@type\":\"WebPage\",\"@id\":\"https:\/\/konemarket.com\/kauppa\/varaosat\/ohjaamonlasit\/ohjaamonlasit-volvo\/volvo-pyorakuormaaja-b-ja-c-tuulilasi\/\",\"url\":\"https:\/\/konemarket.com\/kauppa\/varaosat\/ohjaamonlasit\/ohjaamonlasit-volvo\/volvo-pyorakuormaaja-b-ja-c-tuulilasi\/\",\"name\":\"Volvo Py\u00f6r\u00e4kuormaaja B ja C Tuulilasi - Konemarket\",\"isPartOf\":{\"@id\":\"https:\/\/dev.konemarket.saversit.fi\/#website\"},\"primaryImageOfPage\":{\"@id\":\"https:\/\/konemarket.com\/kauppa\/varaosat\/ohjaamonlasit\/ohjaamonlasit-volvo\/volvo-pyorakuormaaja-b-ja-c-tuulilasi\/#primaryimage\"},\"image\":{\"@id\":\"https:\/\/konemarket.com\/kauppa\/varaosat\/ohjaamonlasit\/ohjaamonlasit-volvo\/volvo-pyorakuormaaja-b-ja-c-tuulilasi\/#primaryimage\"},\"thumbnailUrl\":\"https:\/\/konemarket.com\/wp-content\/uploads\/2025\/06\/volvo_L_B_C_front.jpg\",\"datePublished\":\"2025-06-13T12:13:43+00:00\",\"breadcrumb\":{\"@id\":\"https:\/\/konemarket.com\/kauppa\/varaosat\/ohjaamonlasit\/ohjaamonlasit-volvo\/volvo-pyorakuormaaja-b-ja-c-tuulilasi\/#breadcrumb\"},\"inLanguage\":\"sv-SE\",\"potentialAction\":[{\"@type\":\"ReadAction\",\"target\":[\"https:\/\/konemarket.com\/kauppa\/varaosat\/ohjaamonlasit\/ohjaamonlasit-volvo\/volvo-pyorakuormaaja-b-ja-c-tuulilasi\/\"]}]},{\"@type\":\"ImageObject\",\"inLanguage\":\"sv-SE\",\"@id\":\"https:\/\/konemarket.com\/kauppa\/varaosat\/ohjaamonlasit\/ohjaamonlasit-volvo\/volvo-pyorakuormaaja-b-ja-c-tuulilasi\/#primaryimage\",\"url\":\"https:\/\/konemarket.com\/wp-content\/uploads\/2025\/06\/volvo_L_B_C_front.jpg\",\"contentUrl\":\"https:\/\/konemarket.com\/wp-content\/uploads\/2025\/06\/volvo_L_B_C_front.jpg\",\"width\":1177,\"height\":911},{\"@type\":\"BreadcrumbList\",\"@id\":\"https:\/\/konemarket.com\/kauppa\/varaosat\/ohjaamonlasit\/ohjaamonlasit-volvo\/volvo-pyorakuormaaja-b-ja-c-tuulilasi\/#breadcrumb\",\"itemListElement\":[{\"@type\":\"ListItem\",\"position\":1,\"name\":\"Home\",\"item\":\"https:\/\/konemarket.com\/\"},{\"@type\":\"ListItem\",\"position\":2,\"name\":\"Kauppa\",\"item\":\"https:\/\/dev.konemarket.saversit.fi\/kauppa\/\"},{\"@type\":\"ListItem\",\"position\":3,\"name\":\"Volvo Py\u00f6r\u00e4kuormaaja B ja C Tuulilasi\"}]},{\"@type\":\"WebSite\",\"@id\":\"https:\/\/dev.konemarket.saversit.fi\/#website\",\"url\":\"https:\/\/dev.konemarket.saversit.fi\/\",\"name\":\"Konemarket\",\"description\":\"\",\"publisher\":{\"@id\":\"https:\/\/dev.konemarket.saversit.fi\/#organization\"},\"potentialAction\":[{\"@type\":\"SearchAction\",\"target\":{\"@type\":\"EntryPoint\",\"urlTemplate\":\"https:\/\/dev.konemarket.saversit.fi\/?s={search_term_string}\"},\"query-input\":{\"@type\":\"PropertyValueSpecification\",\"valueRequired\":true,\"valueName\":\"search_term_string\"}}],\"inLanguage\":\"sv-SE\"},{\"@type\":\"Organization\",\"@id\":\"https:\/\/dev.konemarket.saversit.fi\/#organization\",\"name\":\"Konemarket\",\"url\":\"https:\/\/dev.konemarket.saversit.fi\/\",\"logo\":{\"@type\":\"ImageObject\",\"inLanguage\":\"sv-SE\",\"@id\":\"https:\/\/dev.konemarket.saversit.fi\/#\/schema\/logo\/image\/\",\"url\":\"https:\/\/konemarket.com\/wp-content\/uploads\/2024\/09\/download__1_-removebg-preview-1.png\",\"contentUrl\":\"https:\/\/konemarket.com\/wp-content\/uploads\/2024\/09\/download__1_-removebg-preview-1.png\",\"width\":378,\"height\":204,\"caption\":\"Konemarket\"},\"image\":{\"@id\":\"https:\/\/dev.konemarket.saversit.fi\/#\/schema\/logo\/image\/\"}}]}<\/script>\n<!-- \/ Yoast SEO plugin. -->","yoast_head_json":{"title":"Volvo Py\u00f6r\u00e4kuormaaja B ja C Tuulilasi - Konemarket","robots":{"index":"index","follow":"follow","max-snippet":"max-snippet:-1","max-image-preview":"max-image-preview:large","max-video-preview":"max-video-preview:-1"},"canonical":"https:\/\/konemarket.com\/sv\/kauppa\/varaosat\/ohjaamonlasit\/ohjaamonlasit-volvo\/volvo-pyorakuormaaja-b-ja-c-tuulilasi\/","og_locale":"sv_SE","og_type":"article","og_title":"Volvo Py\u00f6r\u00e4kuormaaja B ja C Tuulilasi - Konemarket","og_description":"Volvo B ja C Py\u00f6r\u00e4kuormaajan tuulilasi Vihre\u00e4, Laminoitu &nbsp; Volvo 1993-1995: L50B, L70B, L90B, L120B Volvo L 1987-1992: L50C, L70C, L90C, L120C, L150C, L180C","og_url":"https:\/\/konemarket.com\/sv\/kauppa\/varaosat\/ohjaamonlasit\/ohjaamonlasit-volvo\/volvo-pyorakuormaaja-b-ja-c-tuulilasi\/","og_site_name":"Konemarket","og_image":[{"width":1177,"height":911,"url":"https:\/\/konemarket.com\/wp-content\/uploads\/2025\/06\/volvo_L_B_C_front.jpg","type":"image\/jpeg"}],"twitter_card":"summary_large_image","twitter_misc":{"Ber\u00e4knad l\u00e4stid":"1 minut"},"schema":{"@context":"https:\/\/schema.org","@graph":[{"@type":"WebPage","@id":"https:\/\/konemarket.com\/kauppa\/varaosat\/ohjaamonlasit\/ohjaamonlasit-volvo\/volvo-pyorakuormaaja-b-ja-c-tuulilasi\/","url":"https:\/\/konemarket.com\/kauppa\/varaosat\/ohjaamonlasit\/ohjaamonlasit-volvo\/volvo-pyorakuormaaja-b-ja-c-tuulilasi\/","name":"Volvo Py\u00f6r\u00e4kuormaaja B ja C Tuulilasi - Konemarket","isPartOf":{"@id":"https:\/\/dev.konemarket.saversit.fi\/#website"},"primaryImageOfPage":{"@id":"https:\/\/konemarket.com\/kauppa\/varaosat\/ohjaamonlasit\/ohjaamonlasit-volvo\/volvo-pyorakuormaaja-b-ja-c-tuulilasi\/#primaryimage"},"image":{"@id":"https:\/\/konemarket.com\/kauppa\/varaosat\/ohjaamonlasit\/ohjaamonlasit-volvo\/volvo-pyorakuormaaja-b-ja-c-tuulilasi\/#primaryimage"},"thumbnailUrl":"https:\/\/konemarket.com\/wp-content\/uploads\/2025\/06\/volvo_L_B_C_front.jpg","datePublished":"2025-06-13T12:13:43+00:00","breadcrumb":{"@id":"https:\/\/konemarket.com\/kauppa\/varaosat\/ohjaamonlasit\/ohjaamonlasit-volvo\/volvo-pyorakuormaaja-b-ja-c-tuulilasi\/#breadcrumb"},"inLanguage":"sv-SE","potentialAction":[{"@type":"ReadAction","target":["https:\/\/konemarket.com\/kauppa\/varaosat\/ohjaamonlasit\/ohjaamonlasit-volvo\/volvo-pyorakuormaaja-b-ja-c-tuulilasi\/"]}]},{"@type":"ImageObject","inLanguage":"sv-SE","@id":"https:\/\/konemarket.com\/kauppa\/varaosat\/ohjaamonlasit\/ohjaamonlasit-volvo\/volvo-pyorakuormaaja-b-ja-c-tuulilasi\/#primaryimage","url":"https:\/\/konemarket.com\/wp-content\/uploads\/2025\/06\/volvo_L_B_C_front.jpg","contentUrl":"https:\/\/konemarket.com\/wp-content\/uploads\/2025\/06\/volvo_L_B_C_front.jpg","width":1177,"height":911},{"@type":"BreadcrumbList","@id":"https:\/\/konemarket.com\/kauppa\/varaosat\/ohjaamonlasit\/ohjaamonlasit-volvo\/volvo-pyorakuormaaja-b-ja-c-tuulilasi\/#breadcrumb","itemListElement":[{"@type":"ListItem","position":1,"name":"Home","item":"https:\/\/konemarket.com\/"},{"@type":"ListItem","position":2,"name":"Kauppa","item":"https:\/\/dev.konemarket.saversit.fi\/kauppa\/"},{"@type":"ListItem","position":3,"name":"Volvo Py\u00f6r\u00e4kuormaaja B ja C Tuulilasi"}]},{"@type":"WebSite","@id":"https:\/\/dev.konemarket.saversit.fi\/#website","url":"https:\/\/dev.konemarket.saversit.fi\/","name":"Konemarket","description":"","publisher":{"@id":"https:\/\/dev.konemarket.saversit.fi\/#organization"},"potentialAction":[{"@type":"SearchAction","target":{"@type":"EntryPoint","urlTemplate":"https:\/\/dev.konemarket.saversit.fi\/?s={search_term_string}"},"query-input":{"@type":"PropertyValueSpecification","valueRequired":true,"valueName":"search_term_string"}}],"inLanguage":"sv-SE"},{"@type":"Organization","@id":"https:\/\/dev.konemarket.saversit.fi\/#organization","name":"Konemarket","url":"https:\/\/dev.konemarket.saversit.fi\/","logo":{"@type":"ImageObject","inLanguage":"sv-SE","@id":"https:\/\/dev.konemarket.saversit.fi\/#\/schema\/logo\/image\/","url":"https:\/\/konemarket.com\/wp-content\/uploads\/2024\/09\/download__1_-removebg-preview-1.png","contentUrl":"https:\/\/konemarket.com\/wp-content\/uploads\/2024\/09\/download__1_-removebg-preview-1.png","width":378,"height":204,"caption":"Konemarket"},"image":{"@id":"https:\/\/dev.konemarket.saversit.fi\/#\/schema\/logo\/image\/"}}]}},"_links":{"self":[{"href":"https:\/\/konemarket.com\/sv\/wp-json\/wp\/v2\/product\/2183","targetHints":{"allow":["GET"]}}],"collection":[{"href":"https:\/\/konemarket.com\/sv\/wp-json\/wp\/v2\/product"}],"about":[{"href":"https:\/\/konemarket.com\/sv\/wp-json\/wp\/v2\/types\/product"}],"wp:featuredmedia":[{"embeddable":true,"href":"https:\/\/konemarket.com\/sv\/wp-json\/wp\/v2\/media\/2184"}],"wp:attachment":[{"href":"https:\/\/konemarket.com\/sv\/wp-json\/wp\/v2\/media?parent=2183"}],"wp:term":[{"taxonomy":"product_brand","embeddable":true,"href":"https:\/\/konemarket.com\/sv\/wp-json\/wp\/v2\/product_brand?post=2183"},{"taxonomy":"product_cat","embeddable":true,"href":"https:\/\/konemarket.com\/sv\/wp-json\/wp\/v2\/product_cat?post=2183"},{"taxonomy":"product_tag","embeddable":true,"href":"https:\/\/konemarket.com\/sv\/wp-json\/wp\/v2\/product_tag?post=2183"}],"curies":[{"name":"wp","href":"https:\/\/api.w.org\/{rel}","templated":true}]}}