{"id":2553,"date":"2026-04-04T15:10:45","date_gmt":"2026-04-04T15:10:45","guid":{"rendered":"https:\/\/konemarket.com\/?post_type=product&#038;p=2553"},"modified":"2026-04-04T15:13:29","modified_gmt":"2026-04-04T15:13:29","slug":"luiskakauha-kaytetty-ntp10-150cm","status":"publish","type":"product","link":"https:\/\/konemarket.com\/sv\/kauppa\/kaytetyt-ja-erikois\/luiskakauha-kaytetty-ntp10-150cm\/","title":{"rendered":"Luiskakauha K\u00e4ytetty NTP10, 150cm"},"content":{"rendered":"<p class=\"ma0\">Begagnad men bra iskick<br \/>\nLeveys n. 150cm<\/p>","protected":false},"excerpt":{"rendered":"<p>K\u00e4ytetty mutta hyv\u00e4kuntoinen lauiskakauha. Leveys n. 150cm<\/p>","protected":false},"featured_media":2550,"template":"","meta":{"_acf_changed":false},"product_brand":[],"product_cat":[58],"product_tag":[],"class_list":{"0":"post-2553","1":"product","2":"type-product","3":"status-publish","4":"has-post-thumbnail","6":"product_cat-kaytetyt-ja-erikois","8":"first","9":"instock","10":"taxable","11":"shipping-taxable","12":"purchasable","13":"product-type-simple"},"acf":[],"yoast_head":"<!-- This site is optimized with the Yoast SEO plugin v25.9 - https:\/\/yoast.com\/wordpress\/plugins\/seo\/ -->\n<title>Luiskakauha K\u00e4ytetty NTP10, 150cm - Konemarket<\/title>\n<meta name=\"robots\" content=\"index, follow, max-snippet:-1, max-image-preview:large, max-video-preview:-1\" \/>\n<link rel=\"canonical\" href=\"https:\/\/konemarket.com\/sv\/kauppa\/kaytetyt-ja-erikois\/luiskakauha-kaytetty-ntp10-150cm\/\" \/>\n<meta property=\"og:locale\" content=\"sv_SE\" \/>\n<meta property=\"og:type\" content=\"article\" \/>\n<meta property=\"og:title\" content=\"Luiskakauha K\u00e4ytetty NTP10, 150cm - Konemarket\" \/>\n<meta property=\"og:description\" content=\"K\u00e4ytetty mutta hyv\u00e4kuntoinen lauiskakauha. Leveys n. 150cm\" \/>\n<meta property=\"og:url\" content=\"https:\/\/konemarket.com\/sv\/kauppa\/kaytetyt-ja-erikois\/luiskakauha-kaytetty-ntp10-150cm\/\" \/>\n<meta property=\"og:site_name\" content=\"Konemarket\" \/>\n<meta property=\"article:modified_time\" content=\"2026-04-04T15:13:29+00:00\" \/>\n<meta property=\"og:image\" content=\"https:\/\/konemarket.com\/wp-content\/uploads\/2026\/04\/IMG_5270-scaled.jpeg\" \/>\n\t<meta property=\"og:image:width\" content=\"2560\" \/>\n\t<meta property=\"og:image:height\" content=\"1920\" \/>\n\t<meta property=\"og:image:type\" content=\"image\/jpeg\" \/>\n<meta name=\"twitter:card\" content=\"summary_large_image\" \/>\n<meta name=\"twitter:label1\" content=\"Ber\u00e4knad l\u00e4stid\" \/>\n\t<meta name=\"twitter:data1\" content=\"1 minut\" \/>\n<script type=\"application\/ld+json\" class=\"yoast-schema-graph\">{\"@context\":\"https:\/\/schema.org\",\"@graph\":[{\"@type\":\"WebPage\",\"@id\":\"https:\/\/konemarket.com\/kauppa\/kaytetyt-ja-erikois\/luiskakauha-kaytetty-ntp10-150cm\/\",\"url\":\"https:\/\/konemarket.com\/kauppa\/kaytetyt-ja-erikois\/luiskakauha-kaytetty-ntp10-150cm\/\",\"name\":\"Luiskakauha K\u00e4ytetty NTP10, 150cm - Konemarket\",\"isPartOf\":{\"@id\":\"https:\/\/dev.konemarket.saversit.fi\/#website\"},\"primaryImageOfPage\":{\"@id\":\"https:\/\/konemarket.com\/kauppa\/kaytetyt-ja-erikois\/luiskakauha-kaytetty-ntp10-150cm\/#primaryimage\"},\"image\":{\"@id\":\"https:\/\/konemarket.com\/kauppa\/kaytetyt-ja-erikois\/luiskakauha-kaytetty-ntp10-150cm\/#primaryimage\"},\"thumbnailUrl\":\"https:\/\/konemarket.com\/wp-content\/uploads\/2026\/04\/IMG_5270-scaled.jpeg\",\"datePublished\":\"2026-04-04T15:10:45+00:00\",\"dateModified\":\"2026-04-04T15:13:29+00:00\",\"breadcrumb\":{\"@id\":\"https:\/\/konemarket.com\/kauppa\/kaytetyt-ja-erikois\/luiskakauha-kaytetty-ntp10-150cm\/#breadcrumb\"},\"inLanguage\":\"sv-SE\",\"potentialAction\":[{\"@type\":\"ReadAction\",\"target\":[\"https:\/\/konemarket.com\/kauppa\/kaytetyt-ja-erikois\/luiskakauha-kaytetty-ntp10-150cm\/\"]}]},{\"@type\":\"ImageObject\",\"inLanguage\":\"sv-SE\",\"@id\":\"https:\/\/konemarket.com\/kauppa\/kaytetyt-ja-erikois\/luiskakauha-kaytetty-ntp10-150cm\/#primaryimage\",\"url\":\"https:\/\/konemarket.com\/wp-content\/uploads\/2026\/04\/IMG_5270-scaled.jpeg\",\"contentUrl\":\"https:\/\/konemarket.com\/wp-content\/uploads\/2026\/04\/IMG_5270-scaled.jpeg\",\"width\":2560,\"height\":1920},{\"@type\":\"BreadcrumbList\",\"@id\":\"https:\/\/konemarket.com\/kauppa\/kaytetyt-ja-erikois\/luiskakauha-kaytetty-ntp10-150cm\/#breadcrumb\",\"itemListElement\":[{\"@type\":\"ListItem\",\"position\":1,\"name\":\"Home\",\"item\":\"https:\/\/konemarket.com\/\"},{\"@type\":\"ListItem\",\"position\":2,\"name\":\"Kauppa\",\"item\":\"https:\/\/dev.konemarket.saversit.fi\/kauppa\/\"},{\"@type\":\"ListItem\",\"position\":3,\"name\":\"Luiskakauha K\u00e4ytetty NTP10, 150cm\"}]},{\"@type\":\"WebSite\",\"@id\":\"https:\/\/dev.konemarket.saversit.fi\/#website\",\"url\":\"https:\/\/dev.konemarket.saversit.fi\/\",\"name\":\"Konemarket\",\"description\":\"\",\"publisher\":{\"@id\":\"https:\/\/dev.konemarket.saversit.fi\/#organization\"},\"potentialAction\":[{\"@type\":\"SearchAction\",\"target\":{\"@type\":\"EntryPoint\",\"urlTemplate\":\"https:\/\/dev.konemarket.saversit.fi\/?s={search_term_string}\"},\"query-input\":{\"@type\":\"PropertyValueSpecification\",\"valueRequired\":true,\"valueName\":\"search_term_string\"}}],\"inLanguage\":\"sv-SE\"},{\"@type\":\"Organization\",\"@id\":\"https:\/\/dev.konemarket.saversit.fi\/#organization\",\"name\":\"Konemarket\",\"url\":\"https:\/\/dev.konemarket.saversit.fi\/\",\"logo\":{\"@type\":\"ImageObject\",\"inLanguage\":\"sv-SE\",\"@id\":\"https:\/\/dev.konemarket.saversit.fi\/#\/schema\/logo\/image\/\",\"url\":\"https:\/\/konemarket.com\/wp-content\/uploads\/2024\/09\/download__1_-removebg-preview-1.png\",\"contentUrl\":\"https:\/\/konemarket.com\/wp-content\/uploads\/2024\/09\/download__1_-removebg-preview-1.png\",\"width\":378,\"height\":204,\"caption\":\"Konemarket\"},\"image\":{\"@id\":\"https:\/\/dev.konemarket.saversit.fi\/#\/schema\/logo\/image\/\"}}]}<\/script>\n<!-- \/ Yoast SEO plugin. -->","yoast_head_json":{"title":"Luiskakauha K\u00e4ytetty NTP10, 150cm - Konemarket","robots":{"index":"index","follow":"follow","max-snippet":"max-snippet:-1","max-image-preview":"max-image-preview:large","max-video-preview":"max-video-preview:-1"},"canonical":"https:\/\/konemarket.com\/sv\/kauppa\/kaytetyt-ja-erikois\/luiskakauha-kaytetty-ntp10-150cm\/","og_locale":"sv_SE","og_type":"article","og_title":"Luiskakauha K\u00e4ytetty NTP10, 150cm - Konemarket","og_description":"K\u00e4ytetty mutta hyv\u00e4kuntoinen lauiskakauha. Leveys n. 150cm","og_url":"https:\/\/konemarket.com\/sv\/kauppa\/kaytetyt-ja-erikois\/luiskakauha-kaytetty-ntp10-150cm\/","og_site_name":"Konemarket","article_modified_time":"2026-04-04T15:13:29+00:00","og_image":[{"width":2560,"height":1920,"url":"https:\/\/konemarket.com\/wp-content\/uploads\/2026\/04\/IMG_5270-scaled.jpeg","type":"image\/jpeg"}],"twitter_card":"summary_large_image","twitter_misc":{"Ber\u00e4knad l\u00e4stid":"1 minut"},"schema":{"@context":"https:\/\/schema.org","@graph":[{"@type":"WebPage","@id":"https:\/\/konemarket.com\/kauppa\/kaytetyt-ja-erikois\/luiskakauha-kaytetty-ntp10-150cm\/","url":"https:\/\/konemarket.com\/kauppa\/kaytetyt-ja-erikois\/luiskakauha-kaytetty-ntp10-150cm\/","name":"Luiskakauha K\u00e4ytetty NTP10, 150cm - Konemarket","isPartOf":{"@id":"https:\/\/dev.konemarket.saversit.fi\/#website"},"primaryImageOfPage":{"@id":"https:\/\/konemarket.com\/kauppa\/kaytetyt-ja-erikois\/luiskakauha-kaytetty-ntp10-150cm\/#primaryimage"},"image":{"@id":"https:\/\/konemarket.com\/kauppa\/kaytetyt-ja-erikois\/luiskakauha-kaytetty-ntp10-150cm\/#primaryimage"},"thumbnailUrl":"https:\/\/konemarket.com\/wp-content\/uploads\/2026\/04\/IMG_5270-scaled.jpeg","datePublished":"2026-04-04T15:10:45+00:00","dateModified":"2026-04-04T15:13:29+00:00","breadcrumb":{"@id":"https:\/\/konemarket.com\/kauppa\/kaytetyt-ja-erikois\/luiskakauha-kaytetty-ntp10-150cm\/#breadcrumb"},"inLanguage":"sv-SE","potentialAction":[{"@type":"ReadAction","target":["https:\/\/konemarket.com\/kauppa\/kaytetyt-ja-erikois\/luiskakauha-kaytetty-ntp10-150cm\/"]}]},{"@type":"ImageObject","inLanguage":"sv-SE","@id":"https:\/\/konemarket.com\/kauppa\/kaytetyt-ja-erikois\/luiskakauha-kaytetty-ntp10-150cm\/#primaryimage","url":"https:\/\/konemarket.com\/wp-content\/uploads\/2026\/04\/IMG_5270-scaled.jpeg","contentUrl":"https:\/\/konemarket.com\/wp-content\/uploads\/2026\/04\/IMG_5270-scaled.jpeg","width":2560,"height":1920},{"@type":"BreadcrumbList","@id":"https:\/\/konemarket.com\/kauppa\/kaytetyt-ja-erikois\/luiskakauha-kaytetty-ntp10-150cm\/#breadcrumb","itemListElement":[{"@type":"ListItem","position":1,"name":"Home","item":"https:\/\/konemarket.com\/"},{"@type":"ListItem","position":2,"name":"Kauppa","item":"https:\/\/dev.konemarket.saversit.fi\/kauppa\/"},{"@type":"ListItem","position":3,"name":"Luiskakauha K\u00e4ytetty NTP10, 150cm"}]},{"@type":"WebSite","@id":"https:\/\/dev.konemarket.saversit.fi\/#website","url":"https:\/\/dev.konemarket.saversit.fi\/","name":"Konemarket","description":"","publisher":{"@id":"https:\/\/dev.konemarket.saversit.fi\/#organization"},"potentialAction":[{"@type":"SearchAction","target":{"@type":"EntryPoint","urlTemplate":"https:\/\/dev.konemarket.saversit.fi\/?s={search_term_string}"},"query-input":{"@type":"PropertyValueSpecification","valueRequired":true,"valueName":"search_term_string"}}],"inLanguage":"sv-SE"},{"@type":"Organization","@id":"https:\/\/dev.konemarket.saversit.fi\/#organization","name":"Konemarket","url":"https:\/\/dev.konemarket.saversit.fi\/","logo":{"@type":"ImageObject","inLanguage":"sv-SE","@id":"https:\/\/dev.konemarket.saversit.fi\/#\/schema\/logo\/image\/","url":"https:\/\/konemarket.com\/wp-content\/uploads\/2024\/09\/download__1_-removebg-preview-1.png","contentUrl":"https:\/\/konemarket.com\/wp-content\/uploads\/2024\/09\/download__1_-removebg-preview-1.png","width":378,"height":204,"caption":"Konemarket"},"image":{"@id":"https:\/\/dev.konemarket.saversit.fi\/#\/schema\/logo\/image\/"}}]}},"_links":{"self":[{"href":"https:\/\/konemarket.com\/sv\/wp-json\/wp\/v2\/product\/2553","targetHints":{"allow":["GET"]}}],"collection":[{"href":"https:\/\/konemarket.com\/sv\/wp-json\/wp\/v2\/product"}],"about":[{"href":"https:\/\/konemarket.com\/sv\/wp-json\/wp\/v2\/types\/product"}],"wp:featuredmedia":[{"embeddable":true,"href":"https:\/\/konemarket.com\/sv\/wp-json\/wp\/v2\/media\/2550"}],"wp:attachment":[{"href":"https:\/\/konemarket.com\/sv\/wp-json\/wp\/v2\/media?parent=2553"}],"wp:term":[{"taxonomy":"product_brand","embeddable":true,"href":"https:\/\/konemarket.com\/sv\/wp-json\/wp\/v2\/product_brand?post=2553"},{"taxonomy":"product_cat","embeddable":true,"href":"https:\/\/konemarket.com\/sv\/wp-json\/wp\/v2\/product_cat?post=2553"},{"taxonomy":"product_tag","embeddable":true,"href":"https:\/\/konemarket.com\/sv\/wp-json\/wp\/v2\/product_tag?post=2553"}],"curies":[{"name":"wp","href":"https:\/\/api.w.org\/{rel}","templated":true}]}}