{"id":860,"date":"2024-10-30T07:48:33","date_gmt":"2024-10-30T07:48:33","guid":{"rendered":"https:\/\/konemarket.com\/?post_type=product&#038;p=860"},"modified":"2024-10-30T07:48:33","modified_gmt":"2024-10-30T07:48:33","slug":"tasauspalkki-komaxi-pro-1600mm","status":"publish","type":"product","link":"https:\/\/konemarket.com\/sv\/kauppa\/lisavarusteet\/tasauspalkit\/tasauspalkki-komaxi-pro-1600mm\/","title":{"rendered":"Tasauspalkki Komaxi PRO 1600mm"},"content":{"rendered":"<p>Nyt p\u00e4ivitetty malli. T\u00e4m\u00e4 on huippu tuote!<br \/>\nSuunniteltu erityisesti ammattik\u00e4ytt\u00f6\u00f6n.<br \/>\nKorkea profiili ja kauha edess\u00e4 helpottaa ty\u00f6t ja mahdollistaa hyv\u00e4n tuloksen.<br \/>\nTasauspalkilla tasaat pinnat nopeasti ja tehokkaasti.<br \/>\nEritt\u00e4in korkealaatuiset Tasoituspalkit.<\/p>\n<p style=\"padding-left: 40px;\">\n\u2022Ruuvikiinnitteinen kiinnike\/sovituslevy.<br \/>\n\u2022Ruuvikiinnitteinen kuormaaja kiinnike<br \/>\n\u2022Tehokkaampi pintojen tasaus parantaa kannattavuutta.<br \/>\n\u2022Vankka rakenne<br \/>\n\u2022Kunnun ter\u00e4 etupalkissa<br \/>\n\u2022Takater\u00e4 my\u00f6s reiluinen jotta tasaus ilman rullaa onnistuisi my\u00f6s<br \/>\n\u2022Kulutuster\u00e4s koko rakenteen alapuolella<br \/>\n\u2022Laakeroitu tiivistysrulla, laakeri suojattu<br \/>\n\u2022Tiivistysrulla on s\u00e4\u00e4dett\u00e4viss\u00e4 pystysuunnassa ja s\u00e4\u00e4dett\u00e4v\u00e4 puhdistuslevy<br \/>\n\u2022Py\u00f6ritt\u00e4j\u00e4kulma huomioitu<br \/>\n\u2022Ottaa heti reunasta<\/p>","protected":false},"excerpt":{"rendered":"<p>Nyt p\u00e4ivitetty malli. T\u00e4m\u00e4 on huippu tuote! Suunniteltu erityisesti ammattik\u00e4ytt\u00f6\u00f6n. Korkea profiili ja kauha edess\u00e4 helpottaa ty\u00f6t ja mahdollistaa hyv\u00e4n tuloksen. Tasauspalkilla tasaat pinnat nopeasti ja tehokkaasti. Eritt\u00e4in korkealaatuiset Tasoituspalkit. \u2022Ruuvikiinnitteinen kiinnike\/sovituslevy. \u2022Ruuvikiinnitteinen kuormaaja kiinnike \u2022Tehokkaampi pintojen tasaus parantaa kannattavuutta. \u2022Vankka rakenne \u2022Kunnun ter\u00e4 etupalkissa \u2022Takater\u00e4 my\u00f6s reiluinen jotta tasaus ilman rullaa onnistuisi my\u00f6s \u2022Kulutuster\u00e4s [&hellip;]<\/p>","protected":false},"featured_media":861,"template":"","meta":{"_acf_changed":false},"product_brand":[],"product_cat":[51],"product_tag":[],"class_list":{"0":"post-860","1":"product","2":"type-product","3":"status-publish","4":"has-post-thumbnail","6":"product_cat-tasauspalkit","8":"first","9":"instock","10":"taxable","11":"shipping-taxable","12":"purchasable","13":"product-type-simple"},"acf":[],"yoast_head":"<!-- This site is optimized with the Yoast SEO plugin v25.9 - https:\/\/yoast.com\/wordpress\/plugins\/seo\/ -->\n<title>Tasauspalkki Komaxi PRO 1600mm - Konemarket<\/title>\n<meta name=\"robots\" content=\"index, follow, max-snippet:-1, max-image-preview:large, max-video-preview:-1\" \/>\n<link rel=\"canonical\" href=\"https:\/\/dev.konemarket.saversit.fi\/kauppa\/lisavarusteet\/tasauspalkit\/tasauspalkki-komaxi-pro-1600mm\/\" \/>\n<meta property=\"og:locale\" content=\"sv_SE\" \/>\n<meta property=\"og:type\" content=\"article\" \/>\n<meta property=\"og:title\" content=\"Tasauspalkki Komaxi PRO 1600mm - Konemarket\" \/>\n<meta property=\"og:description\" content=\"Nyt p\u00e4ivitetty malli. T\u00e4m\u00e4 on huippu tuote! Suunniteltu erityisesti ammattik\u00e4ytt\u00f6\u00f6n. Korkea profiili ja kauha edess\u00e4 helpottaa ty\u00f6t ja mahdollistaa hyv\u00e4n tuloksen. Tasauspalkilla tasaat pinnat nopeasti ja tehokkaasti. Eritt\u00e4in korkealaatuiset Tasoituspalkit. \u2022Ruuvikiinnitteinen kiinnike\/sovituslevy. \u2022Ruuvikiinnitteinen kuormaaja kiinnike \u2022Tehokkaampi pintojen tasaus parantaa kannattavuutta. \u2022Vankka rakenne \u2022Kunnun ter\u00e4 etupalkissa \u2022Takater\u00e4 my\u00f6s reiluinen jotta tasaus ilman rullaa onnistuisi my\u00f6s \u2022Kulutuster\u00e4s [&hellip;]\" \/>\n<meta property=\"og:url\" content=\"https:\/\/dev.konemarket.saversit.fi\/kauppa\/lisavarusteet\/tasauspalkit\/tasauspalkki-komaxi-pro-1600mm\/\" \/>\n<meta property=\"og:site_name\" content=\"Konemarket\" \/>\n<meta property=\"og:image\" content=\"https:\/\/dev.konemarket.saversit.fi\/wp-content\/uploads\/2024\/10\/IMG_0993-1.jpg\" \/>\n\t<meta property=\"og:image:width\" content=\"900\" \/>\n\t<meta property=\"og:image:height\" content=\"675\" \/>\n\t<meta property=\"og:image:type\" content=\"image\/jpeg\" \/>\n<meta name=\"twitter:card\" content=\"summary_large_image\" \/>\n<meta name=\"twitter:label1\" content=\"Ber\u00e4knad l\u00e4stid\" \/>\n\t<meta name=\"twitter:data1\" content=\"1 minut\" \/>\n<script type=\"application\/ld+json\" class=\"yoast-schema-graph\">{\"@context\":\"https:\/\/schema.org\",\"@graph\":[{\"@type\":\"WebPage\",\"@id\":\"https:\/\/dev.konemarket.saversit.fi\/kauppa\/lisavarusteet\/tasauspalkit\/tasauspalkki-komaxi-pro-1600mm\/\",\"url\":\"https:\/\/dev.konemarket.saversit.fi\/kauppa\/lisavarusteet\/tasauspalkit\/tasauspalkki-komaxi-pro-1600mm\/\",\"name\":\"Tasauspalkki Komaxi PRO 1600mm - Konemarket\",\"isPartOf\":{\"@id\":\"https:\/\/dev.konemarket.saversit.fi\/#website\"},\"primaryImageOfPage\":{\"@id\":\"https:\/\/dev.konemarket.saversit.fi\/kauppa\/lisavarusteet\/tasauspalkit\/tasauspalkki-komaxi-pro-1600mm\/#primaryimage\"},\"image\":{\"@id\":\"https:\/\/dev.konemarket.saversit.fi\/kauppa\/lisavarusteet\/tasauspalkit\/tasauspalkki-komaxi-pro-1600mm\/#primaryimage\"},\"thumbnailUrl\":\"https:\/\/konemarket.com\/wp-content\/uploads\/2024\/10\/IMG_0993-1.jpg\",\"datePublished\":\"2024-10-30T07:48:33+00:00\",\"breadcrumb\":{\"@id\":\"https:\/\/dev.konemarket.saversit.fi\/kauppa\/lisavarusteet\/tasauspalkit\/tasauspalkki-komaxi-pro-1600mm\/#breadcrumb\"},\"inLanguage\":\"sv-SE\",\"potentialAction\":[{\"@type\":\"ReadAction\",\"target\":[\"https:\/\/dev.konemarket.saversit.fi\/kauppa\/lisavarusteet\/tasauspalkit\/tasauspalkki-komaxi-pro-1600mm\/\"]}]},{\"@type\":\"ImageObject\",\"inLanguage\":\"sv-SE\",\"@id\":\"https:\/\/dev.konemarket.saversit.fi\/kauppa\/lisavarusteet\/tasauspalkit\/tasauspalkki-komaxi-pro-1600mm\/#primaryimage\",\"url\":\"https:\/\/konemarket.com\/wp-content\/uploads\/2024\/10\/IMG_0993-1.jpg\",\"contentUrl\":\"https:\/\/konemarket.com\/wp-content\/uploads\/2024\/10\/IMG_0993-1.jpg\",\"width\":900,\"height\":675},{\"@type\":\"BreadcrumbList\",\"@id\":\"https:\/\/dev.konemarket.saversit.fi\/kauppa\/lisavarusteet\/tasauspalkit\/tasauspalkki-komaxi-pro-1600mm\/#breadcrumb\",\"itemListElement\":[{\"@type\":\"ListItem\",\"position\":1,\"name\":\"Home\",\"item\":\"https:\/\/konemarket.com\/\"},{\"@type\":\"ListItem\",\"position\":2,\"name\":\"Kauppa\",\"item\":\"https:\/\/dev.konemarket.saversit.fi\/kauppa\/\"},{\"@type\":\"ListItem\",\"position\":3,\"name\":\"Tasauspalkki Komaxi PRO 1600mm\"}]},{\"@type\":\"WebSite\",\"@id\":\"https:\/\/dev.konemarket.saversit.fi\/#website\",\"url\":\"https:\/\/dev.konemarket.saversit.fi\/\",\"name\":\"Konemarket\",\"description\":\"\",\"publisher\":{\"@id\":\"https:\/\/dev.konemarket.saversit.fi\/#organization\"},\"potentialAction\":[{\"@type\":\"SearchAction\",\"target\":{\"@type\":\"EntryPoint\",\"urlTemplate\":\"https:\/\/dev.konemarket.saversit.fi\/?s={search_term_string}\"},\"query-input\":{\"@type\":\"PropertyValueSpecification\",\"valueRequired\":true,\"valueName\":\"search_term_string\"}}],\"inLanguage\":\"sv-SE\"},{\"@type\":\"Organization\",\"@id\":\"https:\/\/dev.konemarket.saversit.fi\/#organization\",\"name\":\"Konemarket\",\"url\":\"https:\/\/dev.konemarket.saversit.fi\/\",\"logo\":{\"@type\":\"ImageObject\",\"inLanguage\":\"sv-SE\",\"@id\":\"https:\/\/dev.konemarket.saversit.fi\/#\/schema\/logo\/image\/\",\"url\":\"https:\/\/konemarket.com\/wp-content\/uploads\/2024\/09\/download__1_-removebg-preview-1.png\",\"contentUrl\":\"https:\/\/konemarket.com\/wp-content\/uploads\/2024\/09\/download__1_-removebg-preview-1.png\",\"width\":378,\"height\":204,\"caption\":\"Konemarket\"},\"image\":{\"@id\":\"https:\/\/dev.konemarket.saversit.fi\/#\/schema\/logo\/image\/\"}}]}<\/script>\n<!-- \/ Yoast SEO plugin. -->","yoast_head_json":{"title":"Tasauspalkki Komaxi PRO 1600mm - Konemarket","robots":{"index":"index","follow":"follow","max-snippet":"max-snippet:-1","max-image-preview":"max-image-preview:large","max-video-preview":"max-video-preview:-1"},"canonical":"https:\/\/dev.konemarket.saversit.fi\/kauppa\/lisavarusteet\/tasauspalkit\/tasauspalkki-komaxi-pro-1600mm\/","og_locale":"sv_SE","og_type":"article","og_title":"Tasauspalkki Komaxi PRO 1600mm - Konemarket","og_description":"Nyt p\u00e4ivitetty malli. T\u00e4m\u00e4 on huippu tuote! Suunniteltu erityisesti ammattik\u00e4ytt\u00f6\u00f6n. Korkea profiili ja kauha edess\u00e4 helpottaa ty\u00f6t ja mahdollistaa hyv\u00e4n tuloksen. Tasauspalkilla tasaat pinnat nopeasti ja tehokkaasti. Eritt\u00e4in korkealaatuiset Tasoituspalkit. \u2022Ruuvikiinnitteinen kiinnike\/sovituslevy. \u2022Ruuvikiinnitteinen kuormaaja kiinnike \u2022Tehokkaampi pintojen tasaus parantaa kannattavuutta. \u2022Vankka rakenne \u2022Kunnun ter\u00e4 etupalkissa \u2022Takater\u00e4 my\u00f6s reiluinen jotta tasaus ilman rullaa onnistuisi my\u00f6s \u2022Kulutuster\u00e4s [&hellip;]","og_url":"https:\/\/dev.konemarket.saversit.fi\/kauppa\/lisavarusteet\/tasauspalkit\/tasauspalkki-komaxi-pro-1600mm\/","og_site_name":"Konemarket","og_image":[{"width":900,"height":675,"url":"https:\/\/dev.konemarket.saversit.fi\/wp-content\/uploads\/2024\/10\/IMG_0993-1.jpg","type":"image\/jpeg"}],"twitter_card":"summary_large_image","twitter_misc":{"Ber\u00e4knad l\u00e4stid":"1 minut"},"schema":{"@context":"https:\/\/schema.org","@graph":[{"@type":"WebPage","@id":"https:\/\/dev.konemarket.saversit.fi\/kauppa\/lisavarusteet\/tasauspalkit\/tasauspalkki-komaxi-pro-1600mm\/","url":"https:\/\/dev.konemarket.saversit.fi\/kauppa\/lisavarusteet\/tasauspalkit\/tasauspalkki-komaxi-pro-1600mm\/","name":"Tasauspalkki Komaxi PRO 1600mm - Konemarket","isPartOf":{"@id":"https:\/\/dev.konemarket.saversit.fi\/#website"},"primaryImageOfPage":{"@id":"https:\/\/dev.konemarket.saversit.fi\/kauppa\/lisavarusteet\/tasauspalkit\/tasauspalkki-komaxi-pro-1600mm\/#primaryimage"},"image":{"@id":"https:\/\/dev.konemarket.saversit.fi\/kauppa\/lisavarusteet\/tasauspalkit\/tasauspalkki-komaxi-pro-1600mm\/#primaryimage"},"thumbnailUrl":"https:\/\/konemarket.com\/wp-content\/uploads\/2024\/10\/IMG_0993-1.jpg","datePublished":"2024-10-30T07:48:33+00:00","breadcrumb":{"@id":"https:\/\/dev.konemarket.saversit.fi\/kauppa\/lisavarusteet\/tasauspalkit\/tasauspalkki-komaxi-pro-1600mm\/#breadcrumb"},"inLanguage":"sv-SE","potentialAction":[{"@type":"ReadAction","target":["https:\/\/dev.konemarket.saversit.fi\/kauppa\/lisavarusteet\/tasauspalkit\/tasauspalkki-komaxi-pro-1600mm\/"]}]},{"@type":"ImageObject","inLanguage":"sv-SE","@id":"https:\/\/dev.konemarket.saversit.fi\/kauppa\/lisavarusteet\/tasauspalkit\/tasauspalkki-komaxi-pro-1600mm\/#primaryimage","url":"https:\/\/konemarket.com\/wp-content\/uploads\/2024\/10\/IMG_0993-1.jpg","contentUrl":"https:\/\/konemarket.com\/wp-content\/uploads\/2024\/10\/IMG_0993-1.jpg","width":900,"height":675},{"@type":"BreadcrumbList","@id":"https:\/\/dev.konemarket.saversit.fi\/kauppa\/lisavarusteet\/tasauspalkit\/tasauspalkki-komaxi-pro-1600mm\/#breadcrumb","itemListElement":[{"@type":"ListItem","position":1,"name":"Home","item":"https:\/\/konemarket.com\/"},{"@type":"ListItem","position":2,"name":"Kauppa","item":"https:\/\/dev.konemarket.saversit.fi\/kauppa\/"},{"@type":"ListItem","position":3,"name":"Tasauspalkki Komaxi PRO 1600mm"}]},{"@type":"WebSite","@id":"https:\/\/dev.konemarket.saversit.fi\/#website","url":"https:\/\/dev.konemarket.saversit.fi\/","name":"Konemarket","description":"","publisher":{"@id":"https:\/\/dev.konemarket.saversit.fi\/#organization"},"potentialAction":[{"@type":"SearchAction","target":{"@type":"EntryPoint","urlTemplate":"https:\/\/dev.konemarket.saversit.fi\/?s={search_term_string}"},"query-input":{"@type":"PropertyValueSpecification","valueRequired":true,"valueName":"search_term_string"}}],"inLanguage":"sv-SE"},{"@type":"Organization","@id":"https:\/\/dev.konemarket.saversit.fi\/#organization","name":"Konemarket","url":"https:\/\/dev.konemarket.saversit.fi\/","logo":{"@type":"ImageObject","inLanguage":"sv-SE","@id":"https:\/\/dev.konemarket.saversit.fi\/#\/schema\/logo\/image\/","url":"https:\/\/konemarket.com\/wp-content\/uploads\/2024\/09\/download__1_-removebg-preview-1.png","contentUrl":"https:\/\/konemarket.com\/wp-content\/uploads\/2024\/09\/download__1_-removebg-preview-1.png","width":378,"height":204,"caption":"Konemarket"},"image":{"@id":"https:\/\/dev.konemarket.saversit.fi\/#\/schema\/logo\/image\/"}}]}},"_links":{"self":[{"href":"https:\/\/konemarket.com\/sv\/wp-json\/wp\/v2\/product\/860","targetHints":{"allow":["GET"]}}],"collection":[{"href":"https:\/\/konemarket.com\/sv\/wp-json\/wp\/v2\/product"}],"about":[{"href":"https:\/\/konemarket.com\/sv\/wp-json\/wp\/v2\/types\/product"}],"wp:featuredmedia":[{"embeddable":true,"href":"https:\/\/konemarket.com\/sv\/wp-json\/wp\/v2\/media\/861"}],"wp:attachment":[{"href":"https:\/\/konemarket.com\/sv\/wp-json\/wp\/v2\/media?parent=860"}],"wp:term":[{"taxonomy":"product_brand","embeddable":true,"href":"https:\/\/konemarket.com\/sv\/wp-json\/wp\/v2\/product_brand?post=860"},{"taxonomy":"product_cat","embeddable":true,"href":"https:\/\/konemarket.com\/sv\/wp-json\/wp\/v2\/product_cat?post=860"},{"taxonomy":"product_tag","embeddable":true,"href":"https:\/\/konemarket.com\/sv\/wp-json\/wp\/v2\/product_tag?post=860"}],"curies":[{"name":"wp","href":"https:\/\/api.w.org\/{rel}","templated":true}]}}