{"id":972,"date":"2024-10-30T10:29:01","date_gmt":"2024-10-30T10:29:01","guid":{"rendered":"https:\/\/konemarket.com\/?post_type=product&#038;p=972"},"modified":"2024-11-06T09:33:27","modified_gmt":"2024-11-06T09:33:27","slug":"kaantokehat-svangkransar","status":"publish","type":"product","link":"https:\/\/konemarket.com\/sv\/kauppa\/varaosat\/telaston-osia\/kaantokehat-svangkransar\/","title":{"rendered":"Sv\u00e4ngkransar"},"content":{"rendered":"<p>Fr\u00e5n oss sv\u00e4ngkransar till de flesta maskiner<\/p>","protected":false},"excerpt":{"rendered":"<p>Fr\u00e5n oss sv\u00e4ngkransar till de flesta maskiner<\/p>","protected":false},"featured_media":1505,"template":"","meta":{"_acf_changed":false},"product_brand":[],"product_cat":[57],"product_tag":[],"class_list":{"0":"post-972","1":"product","2":"type-product","3":"status-publish","4":"has-post-thumbnail","6":"product_cat-telaston-osia","8":"first","9":"instock","10":"taxable","11":"shipping-taxable","12":"product-type-simple"},"acf":[],"yoast_head":"<!-- This site is optimized with the Yoast SEO plugin v25.9 - https:\/\/yoast.com\/wordpress\/plugins\/seo\/ -->\n<title>K\u00e4\u00e4nt\u00f6keh\u00e4t - Konemarket<\/title>\n<meta name=\"robots\" content=\"index, follow, max-snippet:-1, max-image-preview:large, max-video-preview:-1\" \/>\n<link rel=\"canonical\" href=\"https:\/\/konemarket.com\/sv\/kauppa\/varaosat\/telaston-osia\/kaantokehat-svangkransar\/\" \/>\n<meta property=\"og:locale\" content=\"sv_SE\" \/>\n<meta property=\"og:type\" content=\"article\" \/>\n<meta property=\"og:title\" content=\"K\u00e4\u00e4nt\u00f6keh\u00e4t - Konemarket\" \/>\n<meta property=\"og:description\" content=\"Meilt\u00e4 T\u00e4ydelliset k\u00e4\u00e4nt\u00f6keh\u00e4t edullisesti.\" \/>\n<meta property=\"og:url\" content=\"https:\/\/konemarket.com\/sv\/kauppa\/varaosat\/telaston-osia\/kaantokehat-svangkransar\/\" \/>\n<meta property=\"og:site_name\" content=\"Konemarket\" \/>\n<meta property=\"article:modified_time\" content=\"2024-11-06T09:33:27+00:00\" \/>\n<meta property=\"og:image\" content=\"https:\/\/dev.konemarket.saversit.fi\/wp-content\/uploads\/2024\/10\/Krans.jpg\" \/>\n\t<meta property=\"og:image:width\" content=\"600\" \/>\n\t<meta property=\"og:image:height\" content=\"450\" \/>\n\t<meta property=\"og:image:type\" content=\"image\/jpeg\" \/>\n<meta name=\"twitter:card\" content=\"summary_large_image\" \/>\n<meta name=\"twitter:label1\" content=\"Ber\u00e4knad l\u00e4stid\" \/>\n\t<meta name=\"twitter:data1\" content=\"1 minut\" \/>\n<script type=\"application\/ld+json\" class=\"yoast-schema-graph\">{\"@context\":\"https:\/\/schema.org\",\"@graph\":[{\"@type\":\"WebPage\",\"@id\":\"https:\/\/konemarket.com\/kauppa\/varaosat\/telaston-osia\/kaantokehat-svangkransar\/\",\"url\":\"https:\/\/konemarket.com\/kauppa\/varaosat\/telaston-osia\/kaantokehat-svangkransar\/\",\"name\":\"K\u00e4\u00e4nt\u00f6keh\u00e4t - Konemarket\",\"isPartOf\":{\"@id\":\"https:\/\/dev.konemarket.saversit.fi\/#website\"},\"primaryImageOfPage\":{\"@id\":\"https:\/\/konemarket.com\/kauppa\/varaosat\/telaston-osia\/kaantokehat-svangkransar\/#primaryimage\"},\"image\":{\"@id\":\"https:\/\/konemarket.com\/kauppa\/varaosat\/telaston-osia\/kaantokehat-svangkransar\/#primaryimage\"},\"thumbnailUrl\":\"https:\/\/konemarket.com\/wp-content\/uploads\/2024\/10\/Krans.jpg\",\"datePublished\":\"2024-10-30T10:29:01+00:00\",\"dateModified\":\"2024-11-06T09:33:27+00:00\",\"breadcrumb\":{\"@id\":\"https:\/\/konemarket.com\/kauppa\/varaosat\/telaston-osia\/kaantokehat-svangkransar\/#breadcrumb\"},\"inLanguage\":\"sv-SE\",\"potentialAction\":[{\"@type\":\"ReadAction\",\"target\":[\"https:\/\/konemarket.com\/kauppa\/varaosat\/telaston-osia\/kaantokehat-svangkransar\/\"]}]},{\"@type\":\"ImageObject\",\"inLanguage\":\"sv-SE\",\"@id\":\"https:\/\/konemarket.com\/kauppa\/varaosat\/telaston-osia\/kaantokehat-svangkransar\/#primaryimage\",\"url\":\"https:\/\/konemarket.com\/wp-content\/uploads\/2024\/10\/Krans.jpg\",\"contentUrl\":\"https:\/\/konemarket.com\/wp-content\/uploads\/2024\/10\/Krans.jpg\",\"width\":600,\"height\":450},{\"@type\":\"BreadcrumbList\",\"@id\":\"https:\/\/konemarket.com\/kauppa\/varaosat\/telaston-osia\/kaantokehat-svangkransar\/#breadcrumb\",\"itemListElement\":[{\"@type\":\"ListItem\",\"position\":1,\"name\":\"Home\",\"item\":\"https:\/\/konemarket.com\/\"},{\"@type\":\"ListItem\",\"position\":2,\"name\":\"Kauppa\",\"item\":\"https:\/\/dev.konemarket.saversit.fi\/kauppa\/\"},{\"@type\":\"ListItem\",\"position\":3,\"name\":\"K\u00e4\u00e4nt\u00f6keh\u00e4t\"}]},{\"@type\":\"WebSite\",\"@id\":\"https:\/\/dev.konemarket.saversit.fi\/#website\",\"url\":\"https:\/\/dev.konemarket.saversit.fi\/\",\"name\":\"Konemarket\",\"description\":\"\",\"publisher\":{\"@id\":\"https:\/\/dev.konemarket.saversit.fi\/#organization\"},\"potentialAction\":[{\"@type\":\"SearchAction\",\"target\":{\"@type\":\"EntryPoint\",\"urlTemplate\":\"https:\/\/dev.konemarket.saversit.fi\/?s={search_term_string}\"},\"query-input\":{\"@type\":\"PropertyValueSpecification\",\"valueRequired\":true,\"valueName\":\"search_term_string\"}}],\"inLanguage\":\"sv-SE\"},{\"@type\":\"Organization\",\"@id\":\"https:\/\/dev.konemarket.saversit.fi\/#organization\",\"name\":\"Konemarket\",\"url\":\"https:\/\/dev.konemarket.saversit.fi\/\",\"logo\":{\"@type\":\"ImageObject\",\"inLanguage\":\"sv-SE\",\"@id\":\"https:\/\/dev.konemarket.saversit.fi\/#\/schema\/logo\/image\/\",\"url\":\"https:\/\/konemarket.com\/wp-content\/uploads\/2024\/09\/download__1_-removebg-preview-1.png\",\"contentUrl\":\"https:\/\/konemarket.com\/wp-content\/uploads\/2024\/09\/download__1_-removebg-preview-1.png\",\"width\":378,\"height\":204,\"caption\":\"Konemarket\"},\"image\":{\"@id\":\"https:\/\/dev.konemarket.saversit.fi\/#\/schema\/logo\/image\/\"}}]}<\/script>\n<!-- \/ Yoast SEO plugin. -->","yoast_head_json":{"title":"K\u00e4\u00e4nt\u00f6keh\u00e4t - Konemarket","robots":{"index":"index","follow":"follow","max-snippet":"max-snippet:-1","max-image-preview":"max-image-preview:large","max-video-preview":"max-video-preview:-1"},"canonical":"https:\/\/konemarket.com\/sv\/kauppa\/varaosat\/telaston-osia\/kaantokehat-svangkransar\/","og_locale":"sv_SE","og_type":"article","og_title":"K\u00e4\u00e4nt\u00f6keh\u00e4t - Konemarket","og_description":"Meilt\u00e4 T\u00e4ydelliset k\u00e4\u00e4nt\u00f6keh\u00e4t edullisesti.","og_url":"https:\/\/konemarket.com\/sv\/kauppa\/varaosat\/telaston-osia\/kaantokehat-svangkransar\/","og_site_name":"Konemarket","article_modified_time":"2024-11-06T09:33:27+00:00","og_image":[{"width":600,"height":450,"url":"https:\/\/dev.konemarket.saversit.fi\/wp-content\/uploads\/2024\/10\/Krans.jpg","type":"image\/jpeg"}],"twitter_card":"summary_large_image","twitter_misc":{"Ber\u00e4knad l\u00e4stid":"1 minut"},"schema":{"@context":"https:\/\/schema.org","@graph":[{"@type":"WebPage","@id":"https:\/\/konemarket.com\/kauppa\/varaosat\/telaston-osia\/kaantokehat-svangkransar\/","url":"https:\/\/konemarket.com\/kauppa\/varaosat\/telaston-osia\/kaantokehat-svangkransar\/","name":"K\u00e4\u00e4nt\u00f6keh\u00e4t - Konemarket","isPartOf":{"@id":"https:\/\/dev.konemarket.saversit.fi\/#website"},"primaryImageOfPage":{"@id":"https:\/\/konemarket.com\/kauppa\/varaosat\/telaston-osia\/kaantokehat-svangkransar\/#primaryimage"},"image":{"@id":"https:\/\/konemarket.com\/kauppa\/varaosat\/telaston-osia\/kaantokehat-svangkransar\/#primaryimage"},"thumbnailUrl":"https:\/\/konemarket.com\/wp-content\/uploads\/2024\/10\/Krans.jpg","datePublished":"2024-10-30T10:29:01+00:00","dateModified":"2024-11-06T09:33:27+00:00","breadcrumb":{"@id":"https:\/\/konemarket.com\/kauppa\/varaosat\/telaston-osia\/kaantokehat-svangkransar\/#breadcrumb"},"inLanguage":"sv-SE","potentialAction":[{"@type":"ReadAction","target":["https:\/\/konemarket.com\/kauppa\/varaosat\/telaston-osia\/kaantokehat-svangkransar\/"]}]},{"@type":"ImageObject","inLanguage":"sv-SE","@id":"https:\/\/konemarket.com\/kauppa\/varaosat\/telaston-osia\/kaantokehat-svangkransar\/#primaryimage","url":"https:\/\/konemarket.com\/wp-content\/uploads\/2024\/10\/Krans.jpg","contentUrl":"https:\/\/konemarket.com\/wp-content\/uploads\/2024\/10\/Krans.jpg","width":600,"height":450},{"@type":"BreadcrumbList","@id":"https:\/\/konemarket.com\/kauppa\/varaosat\/telaston-osia\/kaantokehat-svangkransar\/#breadcrumb","itemListElement":[{"@type":"ListItem","position":1,"name":"Home","item":"https:\/\/konemarket.com\/"},{"@type":"ListItem","position":2,"name":"Kauppa","item":"https:\/\/dev.konemarket.saversit.fi\/kauppa\/"},{"@type":"ListItem","position":3,"name":"K\u00e4\u00e4nt\u00f6keh\u00e4t"}]},{"@type":"WebSite","@id":"https:\/\/dev.konemarket.saversit.fi\/#website","url":"https:\/\/dev.konemarket.saversit.fi\/","name":"Konemarket","description":"","publisher":{"@id":"https:\/\/dev.konemarket.saversit.fi\/#organization"},"potentialAction":[{"@type":"SearchAction","target":{"@type":"EntryPoint","urlTemplate":"https:\/\/dev.konemarket.saversit.fi\/?s={search_term_string}"},"query-input":{"@type":"PropertyValueSpecification","valueRequired":true,"valueName":"search_term_string"}}],"inLanguage":"sv-SE"},{"@type":"Organization","@id":"https:\/\/dev.konemarket.saversit.fi\/#organization","name":"Konemarket","url":"https:\/\/dev.konemarket.saversit.fi\/","logo":{"@type":"ImageObject","inLanguage":"sv-SE","@id":"https:\/\/dev.konemarket.saversit.fi\/#\/schema\/logo\/image\/","url":"https:\/\/konemarket.com\/wp-content\/uploads\/2024\/09\/download__1_-removebg-preview-1.png","contentUrl":"https:\/\/konemarket.com\/wp-content\/uploads\/2024\/09\/download__1_-removebg-preview-1.png","width":378,"height":204,"caption":"Konemarket"},"image":{"@id":"https:\/\/dev.konemarket.saversit.fi\/#\/schema\/logo\/image\/"}}]}},"_links":{"self":[{"href":"https:\/\/konemarket.com\/sv\/wp-json\/wp\/v2\/product\/972","targetHints":{"allow":["GET"]}}],"collection":[{"href":"https:\/\/konemarket.com\/sv\/wp-json\/wp\/v2\/product"}],"about":[{"href":"https:\/\/konemarket.com\/sv\/wp-json\/wp\/v2\/types\/product"}],"wp:featuredmedia":[{"embeddable":true,"href":"https:\/\/konemarket.com\/sv\/wp-json\/wp\/v2\/media\/1505"}],"wp:attachment":[{"href":"https:\/\/konemarket.com\/sv\/wp-json\/wp\/v2\/media?parent=972"}],"wp:term":[{"taxonomy":"product_brand","embeddable":true,"href":"https:\/\/konemarket.com\/sv\/wp-json\/wp\/v2\/product_brand?post=972"},{"taxonomy":"product_cat","embeddable":true,"href":"https:\/\/konemarket.com\/sv\/wp-json\/wp\/v2\/product_cat?post=972"},{"taxonomy":"product_tag","embeddable":true,"href":"https:\/\/konemarket.com\/sv\/wp-json\/wp\/v2\/product_tag?post=972"}],"curies":[{"name":"wp","href":"https:\/\/api.w.org\/{rel}","templated":true}]}}