{"id":998,"date":"2024-10-30T10:43:47","date_gmt":"2024-10-30T10:43:47","guid":{"rendered":"https:\/\/konemarket.com\/?post_type=product&#038;p=998"},"modified":"2024-12-27T09:51:54","modified_gmt":"2024-12-27T09:51:54","slug":"nostopuomi-ntp10","status":"publish","type":"product","link":"https:\/\/konemarket.com\/sv\/kauppa\/lisavarusteet\/nostopuomit\/nostopuomi-ntp10\/","title":{"rendered":"Lyftbom S70"},"content":{"rendered":"<p>SE Lyftbom<br \/>\nL\u00e4ngd 300-450cm<br \/>\nTeleskopbom med lyftkrok<br \/>\nLyftkapacitet 2700kg<br \/>\nF\u00e4ste S70<\/p>","protected":false},"excerpt":{"rendered":"<p>SE Nostopuomi. Puomin pituus 300-450cm. Teleskooppi puomi ja p\u00e4\u00e4ss\u00e4 py\u00f6riv\u00e4 nostokoukku. Nostokyky max 2700kg. Kiinnike S70.<\/p>","protected":false},"featured_media":1707,"template":"","meta":{"_acf_changed":false},"product_brand":[],"product_cat":[53],"product_tag":[],"class_list":{"0":"post-998","1":"product","2":"type-product","3":"status-publish","4":"has-post-thumbnail","6":"product_cat-nostopuomit","8":"first","9":"instock","10":"taxable","11":"shipping-taxable","12":"purchasable","13":"product-type-simple"},"acf":[],"yoast_head":"<!-- This site is optimized with the Yoast SEO plugin v25.9 - https:\/\/yoast.com\/wordpress\/plugins\/seo\/ -->\n<title>Nostopuomi S70 - Konemarket<\/title>\n<meta name=\"robots\" content=\"index, follow, max-snippet:-1, max-image-preview:large, max-video-preview:-1\" \/>\n<link rel=\"canonical\" href=\"https:\/\/konemarket.com\/sv\/kauppa\/lisavarusteet\/nostopuomit\/nostopuomi-ntp10\/\" \/>\n<meta property=\"og:locale\" content=\"sv_SE\" \/>\n<meta property=\"og:type\" content=\"article\" \/>\n<meta property=\"og:title\" content=\"Nostopuomi S70 - Konemarket\" \/>\n<meta property=\"og:description\" content=\"SE Nostopuomi. Puomin pituus 300-450cm. Teleskooppi puomi ja p\u00e4\u00e4ss\u00e4 py\u00f6riv\u00e4 nostokoukku. Nostokyky max 2700kg. Kiinnike S70.\" \/>\n<meta property=\"og:url\" content=\"https:\/\/konemarket.com\/sv\/kauppa\/lisavarusteet\/nostopuomit\/nostopuomi-ntp10\/\" \/>\n<meta property=\"og:site_name\" content=\"Konemarket\" \/>\n<meta property=\"article:modified_time\" content=\"2024-12-27T09:51:54+00:00\" \/>\n<meta property=\"og:image\" content=\"https:\/\/konemarket.com\/wp-content\/uploads\/2024\/10\/materialhanteringsarm.png\" \/>\n\t<meta property=\"og:image:width\" content=\"500\" \/>\n\t<meta property=\"og:image:height\" content=\"500\" \/>\n\t<meta property=\"og:image:type\" content=\"image\/png\" \/>\n<meta name=\"twitter:card\" content=\"summary_large_image\" \/>\n<meta name=\"twitter:label1\" content=\"Ber\u00e4knad l\u00e4stid\" \/>\n\t<meta name=\"twitter:data1\" content=\"1 minut\" \/>\n<script type=\"application\/ld+json\" class=\"yoast-schema-graph\">{\"@context\":\"https:\/\/schema.org\",\"@graph\":[{\"@type\":\"WebPage\",\"@id\":\"https:\/\/konemarket.com\/kauppa\/lisavarusteet\/nostopuomit\/nostopuomi-ntp10\/\",\"url\":\"https:\/\/konemarket.com\/kauppa\/lisavarusteet\/nostopuomit\/nostopuomi-ntp10\/\",\"name\":\"Nostopuomi S70 - Konemarket\",\"isPartOf\":{\"@id\":\"https:\/\/dev.konemarket.saversit.fi\/#website\"},\"primaryImageOfPage\":{\"@id\":\"https:\/\/konemarket.com\/kauppa\/lisavarusteet\/nostopuomit\/nostopuomi-ntp10\/#primaryimage\"},\"image\":{\"@id\":\"https:\/\/konemarket.com\/kauppa\/lisavarusteet\/nostopuomit\/nostopuomi-ntp10\/#primaryimage\"},\"thumbnailUrl\":\"https:\/\/konemarket.com\/wp-content\/uploads\/2024\/10\/materialhanteringsarm.png\",\"datePublished\":\"2024-10-30T10:43:47+00:00\",\"dateModified\":\"2024-12-27T09:51:54+00:00\",\"breadcrumb\":{\"@id\":\"https:\/\/konemarket.com\/kauppa\/lisavarusteet\/nostopuomit\/nostopuomi-ntp10\/#breadcrumb\"},\"inLanguage\":\"sv-SE\",\"potentialAction\":[{\"@type\":\"ReadAction\",\"target\":[\"https:\/\/konemarket.com\/kauppa\/lisavarusteet\/nostopuomit\/nostopuomi-ntp10\/\"]}]},{\"@type\":\"ImageObject\",\"inLanguage\":\"sv-SE\",\"@id\":\"https:\/\/konemarket.com\/kauppa\/lisavarusteet\/nostopuomit\/nostopuomi-ntp10\/#primaryimage\",\"url\":\"https:\/\/konemarket.com\/wp-content\/uploads\/2024\/10\/materialhanteringsarm.png\",\"contentUrl\":\"https:\/\/konemarket.com\/wp-content\/uploads\/2024\/10\/materialhanteringsarm.png\",\"width\":500,\"height\":500},{\"@type\":\"BreadcrumbList\",\"@id\":\"https:\/\/konemarket.com\/kauppa\/lisavarusteet\/nostopuomit\/nostopuomi-ntp10\/#breadcrumb\",\"itemListElement\":[{\"@type\":\"ListItem\",\"position\":1,\"name\":\"Home\",\"item\":\"https:\/\/konemarket.com\/\"},{\"@type\":\"ListItem\",\"position\":2,\"name\":\"Kauppa\",\"item\":\"https:\/\/dev.konemarket.saversit.fi\/kauppa\/\"},{\"@type\":\"ListItem\",\"position\":3,\"name\":\"Nostopuomi S70\"}]},{\"@type\":\"WebSite\",\"@id\":\"https:\/\/dev.konemarket.saversit.fi\/#website\",\"url\":\"https:\/\/dev.konemarket.saversit.fi\/\",\"name\":\"Konemarket\",\"description\":\"\",\"publisher\":{\"@id\":\"https:\/\/dev.konemarket.saversit.fi\/#organization\"},\"potentialAction\":[{\"@type\":\"SearchAction\",\"target\":{\"@type\":\"EntryPoint\",\"urlTemplate\":\"https:\/\/dev.konemarket.saversit.fi\/?s={search_term_string}\"},\"query-input\":{\"@type\":\"PropertyValueSpecification\",\"valueRequired\":true,\"valueName\":\"search_term_string\"}}],\"inLanguage\":\"sv-SE\"},{\"@type\":\"Organization\",\"@id\":\"https:\/\/dev.konemarket.saversit.fi\/#organization\",\"name\":\"Konemarket\",\"url\":\"https:\/\/dev.konemarket.saversit.fi\/\",\"logo\":{\"@type\":\"ImageObject\",\"inLanguage\":\"sv-SE\",\"@id\":\"https:\/\/dev.konemarket.saversit.fi\/#\/schema\/logo\/image\/\",\"url\":\"https:\/\/konemarket.com\/wp-content\/uploads\/2024\/09\/download__1_-removebg-preview-1.png\",\"contentUrl\":\"https:\/\/konemarket.com\/wp-content\/uploads\/2024\/09\/download__1_-removebg-preview-1.png\",\"width\":378,\"height\":204,\"caption\":\"Konemarket\"},\"image\":{\"@id\":\"https:\/\/dev.konemarket.saversit.fi\/#\/schema\/logo\/image\/\"}}]}<\/script>\n<!-- \/ Yoast SEO plugin. -->","yoast_head_json":{"title":"Nostopuomi S70 - Konemarket","robots":{"index":"index","follow":"follow","max-snippet":"max-snippet:-1","max-image-preview":"max-image-preview:large","max-video-preview":"max-video-preview:-1"},"canonical":"https:\/\/konemarket.com\/sv\/kauppa\/lisavarusteet\/nostopuomit\/nostopuomi-ntp10\/","og_locale":"sv_SE","og_type":"article","og_title":"Nostopuomi S70 - Konemarket","og_description":"SE Nostopuomi. Puomin pituus 300-450cm. Teleskooppi puomi ja p\u00e4\u00e4ss\u00e4 py\u00f6riv\u00e4 nostokoukku. Nostokyky max 2700kg. Kiinnike S70.","og_url":"https:\/\/konemarket.com\/sv\/kauppa\/lisavarusteet\/nostopuomit\/nostopuomi-ntp10\/","og_site_name":"Konemarket","article_modified_time":"2024-12-27T09:51:54+00:00","og_image":[{"width":500,"height":500,"url":"https:\/\/konemarket.com\/wp-content\/uploads\/2024\/10\/materialhanteringsarm.png","type":"image\/png"}],"twitter_card":"summary_large_image","twitter_misc":{"Ber\u00e4knad l\u00e4stid":"1 minut"},"schema":{"@context":"https:\/\/schema.org","@graph":[{"@type":"WebPage","@id":"https:\/\/konemarket.com\/kauppa\/lisavarusteet\/nostopuomit\/nostopuomi-ntp10\/","url":"https:\/\/konemarket.com\/kauppa\/lisavarusteet\/nostopuomit\/nostopuomi-ntp10\/","name":"Nostopuomi S70 - Konemarket","isPartOf":{"@id":"https:\/\/dev.konemarket.saversit.fi\/#website"},"primaryImageOfPage":{"@id":"https:\/\/konemarket.com\/kauppa\/lisavarusteet\/nostopuomit\/nostopuomi-ntp10\/#primaryimage"},"image":{"@id":"https:\/\/konemarket.com\/kauppa\/lisavarusteet\/nostopuomit\/nostopuomi-ntp10\/#primaryimage"},"thumbnailUrl":"https:\/\/konemarket.com\/wp-content\/uploads\/2024\/10\/materialhanteringsarm.png","datePublished":"2024-10-30T10:43:47+00:00","dateModified":"2024-12-27T09:51:54+00:00","breadcrumb":{"@id":"https:\/\/konemarket.com\/kauppa\/lisavarusteet\/nostopuomit\/nostopuomi-ntp10\/#breadcrumb"},"inLanguage":"sv-SE","potentialAction":[{"@type":"ReadAction","target":["https:\/\/konemarket.com\/kauppa\/lisavarusteet\/nostopuomit\/nostopuomi-ntp10\/"]}]},{"@type":"ImageObject","inLanguage":"sv-SE","@id":"https:\/\/konemarket.com\/kauppa\/lisavarusteet\/nostopuomit\/nostopuomi-ntp10\/#primaryimage","url":"https:\/\/konemarket.com\/wp-content\/uploads\/2024\/10\/materialhanteringsarm.png","contentUrl":"https:\/\/konemarket.com\/wp-content\/uploads\/2024\/10\/materialhanteringsarm.png","width":500,"height":500},{"@type":"BreadcrumbList","@id":"https:\/\/konemarket.com\/kauppa\/lisavarusteet\/nostopuomit\/nostopuomi-ntp10\/#breadcrumb","itemListElement":[{"@type":"ListItem","position":1,"name":"Home","item":"https:\/\/konemarket.com\/"},{"@type":"ListItem","position":2,"name":"Kauppa","item":"https:\/\/dev.konemarket.saversit.fi\/kauppa\/"},{"@type":"ListItem","position":3,"name":"Nostopuomi S70"}]},{"@type":"WebSite","@id":"https:\/\/dev.konemarket.saversit.fi\/#website","url":"https:\/\/dev.konemarket.saversit.fi\/","name":"Konemarket","description":"","publisher":{"@id":"https:\/\/dev.konemarket.saversit.fi\/#organization"},"potentialAction":[{"@type":"SearchAction","target":{"@type":"EntryPoint","urlTemplate":"https:\/\/dev.konemarket.saversit.fi\/?s={search_term_string}"},"query-input":{"@type":"PropertyValueSpecification","valueRequired":true,"valueName":"search_term_string"}}],"inLanguage":"sv-SE"},{"@type":"Organization","@id":"https:\/\/dev.konemarket.saversit.fi\/#organization","name":"Konemarket","url":"https:\/\/dev.konemarket.saversit.fi\/","logo":{"@type":"ImageObject","inLanguage":"sv-SE","@id":"https:\/\/dev.konemarket.saversit.fi\/#\/schema\/logo\/image\/","url":"https:\/\/konemarket.com\/wp-content\/uploads\/2024\/09\/download__1_-removebg-preview-1.png","contentUrl":"https:\/\/konemarket.com\/wp-content\/uploads\/2024\/09\/download__1_-removebg-preview-1.png","width":378,"height":204,"caption":"Konemarket"},"image":{"@id":"https:\/\/dev.konemarket.saversit.fi\/#\/schema\/logo\/image\/"}}]}},"_links":{"self":[{"href":"https:\/\/konemarket.com\/sv\/wp-json\/wp\/v2\/product\/998","targetHints":{"allow":["GET"]}}],"collection":[{"href":"https:\/\/konemarket.com\/sv\/wp-json\/wp\/v2\/product"}],"about":[{"href":"https:\/\/konemarket.com\/sv\/wp-json\/wp\/v2\/types\/product"}],"wp:featuredmedia":[{"embeddable":true,"href":"https:\/\/konemarket.com\/sv\/wp-json\/wp\/v2\/media\/1707"}],"wp:attachment":[{"href":"https:\/\/konemarket.com\/sv\/wp-json\/wp\/v2\/media?parent=998"}],"wp:term":[{"taxonomy":"product_brand","embeddable":true,"href":"https:\/\/konemarket.com\/sv\/wp-json\/wp\/v2\/product_brand?post=998"},{"taxonomy":"product_cat","embeddable":true,"href":"https:\/\/konemarket.com\/sv\/wp-json\/wp\/v2\/product_cat?post=998"},{"taxonomy":"product_tag","embeddable":true,"href":"https:\/\/konemarket.com\/sv\/wp-json\/wp\/v2\/product_tag?post=998"}],"curies":[{"name":"wp","href":"https:\/\/api.w.org\/{rel}","templated":true}]}}